{"id":2712,"date":"2021-03-24T07:08:26","date_gmt":"2021-03-24T07:08:26","guid":{"rendered":"http:\/\/cretberard.ch\/activityinfo\/"},"modified":"2021-06-02T11:25:07","modified_gmt":"2021-06-02T11:25:07","slug":"activityinfo","status":"publish","type":"page","link":"https:\/\/cret-berard.ch\/de\/activityinfo\/","title":{"rendered":"activity_info"},"content":{"rendered":"<section\n    class=\"banner_wrapper_innerpage bg-img4 parallax\"\n    style=\"\n        background-image: url('https:\/\/cret-berard.ch\/wp-content\/uploads\/2021\/05\/LivreAVivre.jpg');\n        background-size: cover;\n        background-repeat: no-repeat;\n        background-attachment: fixed;\n        background-position: center -135px;\">\n    <div class=\"banner_overlay_innerpage\">\n    \t    \t\t\t\t\t <div class=\"return_grard inerpage_back\">\n                    <!--<a href=\"#\" class=\"close_ban_modal\" >\n                        <i class=\"icon-back\"><\/i> retour\n                    <\/a>-->\n\t\t\t\t\t\t            \t\t<button class=\"close_ban_modal\" onclick=\"goBack()\" > <i class=\"icon-back\"><\/i> zur\u00fcck <\/button>\n\t\t\t\t\t\t\t\t\t<\/div>\n    \t            <\/div>\n<\/section>\n\t<section class=\"wrapper_for_banner_content\" style=\"\">\n\t    <div class=\"container\">\n\t        <div class=\"inner_banner_container\">\n\t            <div class=\"ban_content\">\n\t            \t\t                \t<h1>Buch zum Leben<\/h1>\n\t            \t\t            \t\t                \t<div style=\"display: none;\"><\/div>\n<p class=\"mob_bold\">Ein Festival der Autoren auf menschlicher Ebene zum Nachdenken und Auftanken, zum Erleben sch\u00f6ner Begegnungen und zum Austausch. Spiritualit\u00e4t, Theologie und Bibel treffen auf andere Ans\u00e4tze, aktuelle Themen und Literatur aus der Romandie.<\/p>\n\t                \t                \t            <\/div>\n\t        <\/div>\n\t    <\/div>\n\t<\/section>\n<style>\n    b, strong {\n    font-weight: 500;\n}\n    <\/style>\n\n    <section class=\"support_main_ng_wrapper\">\n        <div class=\"container\">\n                                                <div class=\"enorga_wrapper activity_info_first\">\n\n                        <div class=\"enep_content\">\n                            <h4>Sonderausgabe im Jahr 2021<\/h4>\n                            <p>En cette ann\u00e9e de pand\u00e9mie, nous avons d\u00e9cid\u00e9 de vivre ce rendez-vous \u00e0 distance pour \u00eatre certains de ne pas refuser du monde. Rejoignez-nous par Zoom \u00e0 votre convenance pendant la journ\u00e9e du 8 mai. Installez-vous confortablement et d\u00e9couvrez des ouvrages r\u00e9cents \u00e0 travers les interventions des auteurs.<br \/>\nDes livres d\u00e9dicac\u00e9s, command\u00e9s avant et pendant le festival, vous seront envoy\u00e9s \u00e0 domicile sans frais de port.<\/p>\n\n\n                        <\/div>\n                        <div class=\"seller_description_banner\">\n                            <div id=\"sellerDescription\" class=\"owl-carousel owl-theme\">\n                                                                        <div class=\"item\">\n                                            <div class=\"seller_des_ban\">\n                                                <img decoding=\"async\" src=\"https:\/\/cret-berard.ch\/wp-content\/uploads\/2021\/05\/20190525_103415-scaled.jpg\" alt=\"Remo 1\">\n                                            <\/div>\n                                        <\/div>\n                                                                            <div class=\"item\">\n                                            <div class=\"seller_des_ban\">\n                                                <img decoding=\"async\" src=\"https:\/\/cret-berard.ch\/wp-content\/uploads\/2021\/05\/20190525_141423-scaled.jpg\" alt=\"Remo 1\">\n                                            <\/div>\n                                        <\/div>\n                                                                            <div class=\"item\">\n                                            <div class=\"seller_des_ban\">\n                                                <img decoding=\"async\" src=\"https:\/\/cret-berard.ch\/wp-content\/uploads\/2021\/05\/20190525_125517-scaled.jpg\" alt=\"Remo 1\">\n                                            <\/div>\n                                        <\/div>\n                                                                            <div class=\"item\">\n                                            <div class=\"seller_des_ban\">\n                                                <img decoding=\"async\" src=\"https:\/\/cret-berard.ch\/wp-content\/uploads\/2021\/05\/20190525_120358-scaled.jpg\" alt=\"Remo 1\">\n                                            <\/div>\n                                        <\/div>\n                                                                            <div class=\"item\">\n                                            <div class=\"seller_des_ban\">\n                                                <img decoding=\"async\" src=\"https:\/\/cret-berard.ch\/wp-content\/uploads\/2021\/05\/20190525_104941-scaled.jpg\" alt=\"Remo 1\">\n                                            <\/div>\n                                        <\/div>\n                                                                                                <\/div>\n\n                        <\/div>\n                    <\/div>\n\n                                                                <!-- accordian block -->\n                                            <div class=\"custom_orange_accordion\">\n                            <ul>\n                                                                    <li>\n                                        <div class=\"cst_org_box\">\n                                            <div id=\"contm0\">\n                                                <div class=\"cst_org_header\">\n                                                    Mai 8, 2021                                                                                                                                                                <div class=\"date_rvg_panel\">\n                                                            <ul>\n                                                                                                                                    <li>8 MAI 2021<\/li>\n                                                                                                                            <\/ul>\n                                                        <\/div>\n                                                                                                    <\/div>\n                                                <div class=\"cst_org_few_content\">\n                                                                                                            <p><p>Das Festival Livre \u00e0 Vivre hat Ihnen einen Termin f\u00fcr eine virtuelle Ausgabe gegeben!<\/p>\n<p>Konferenzen, runde Tische und Buchpr\u00e4sentationen untermalten den Tag. Sie konnten sich mit lokalen Autoren auf Zoom austauschen: Die Veranstaltung war &#8230;                                                        <\/p>\n                                                                                                    <\/div>\n                                                <div class=\"cst_org_content_wrapper\">\n                                                                                                            <div class=\"cst_org_content\">\n                                                            <p>Das Festival Livre \u00e0 Vivre hat Ihnen einen Termin f\u00fcr eine virtuelle Ausgabe gegeben!<\/p>\n<p>Konferenzen, runde Tische und Buchpr\u00e4sentationen untermalten den Tag. Sie konnten sich mit lokalen Autoren auf Zoom austauschen: Die Veranstaltung war kostenlos und offen f\u00fcr alle, ohne Anmeldung.<\/p>\n                                                        <\/div>\n                                                                                                        <!--                                                                                     <div class=\"page_banner_btn_bay activity_baybtn\">\n                                                <div class=\"inner_banner_btn_bay\">\n                                                                                                                                                                        <div class=\"cng_btn_col\">\n                                                                <a href=\"\" class=\"btn_grn\"><\/a>\n                                                            <\/div>\n                                                                                                                                                            <\/div>\n                                            <\/div>\n                                         -->\n                                                                                                            <div class=\"page_banner_btn_bay activity_baybtn\">\n                                                            <div class=\"inner_banner_btn_bay\">\n                                                                                                                                                                                                                                                                    <div class=\"cng_btn_col\">\n                                                                        <a href=\"https:\/\/cret-berard.ch\/wp-content\/uploads\/2021\/05\/Affiche_LivreAVivre2021.pdf\" target=\"_blank\"\n                                                                            class=\"btn_grn\">Programm Book to Live 2021<\/a>\n                                                                    <\/div>\n                                                                                                                                                                                                                                                            <\/div>\n                                                        <\/div>\n                                                                                                    <\/div>\n                                            <\/div>\n                                                                                            <div class=\"cst_toggler\">\n                                                    <a href=\"javascript:void(0);\" class=\"cst_emtoggle\"\n                                                        data-mtrigger=\"contm0\"><i class=\"icon-plus\"><\/i><\/a>\n                                                <\/div>\n                                                                                    <\/div>\n                                    <\/li>\n\n                                                                        <li>\n                                        <div class=\"cst_org_box\">\n                                            <div id=\"contm1\">\n                                                <div class=\"cst_org_header\">\n                                                    N\u00e4chste Ausgabe: 8. Mai 2022                                                                                                                                                                <div class=\"date_rvg_panel\">\n                                                            <ul>\n                                                                                                                                    <li>8 MAI<\/li>\n                                                                                                                            <\/ul>\n                                                        <\/div>\n                                                                                                    <\/div>\n                                                <div class=\"cst_org_few_content\">\n                                                                                                            <p><p>Save the date ! Le 8 mai 2022, le Festival Livre \u00e0 Vivre reviendra sous sa forme habituelle.<\/p>\n                                                        <\/p>\n                                                                                                    <\/div>\n                                                <div class=\"cst_org_content_wrapper\">\n                                                                                                            <div class=\"cst_org_content\">\n                                                            <p>Save the date ! Le 8 mai 2022, le Festival Livre \u00e0 Vivre reviendra sous sa forme habituelle.<\/p>\n                                                        <\/div>\n                                                                                                        <!--                                                                                     <div class=\"page_banner_btn_bay activity_baybtn\">\n                                                <div class=\"inner_banner_btn_bay\">\n                                                                                                                                                                        <div class=\"cng_btn_col\">\n                                                                <a href=\"\" class=\"btn_grn\"><\/a>\n                                                            <\/div>\n                                                                                                                                                            <\/div>\n                                            <\/div>\n                                         -->\n                                                                                                    <\/div>\n                                            <\/div>\n                                                                                    <\/div>\n                                    <\/li>\n\n                                                                <\/ul>\n                        <\/div>\n                                        <!-- accordian block -->\n                            \n\n\n\n\n\n        <\/div>\n    <\/section>\n\n\n<div class=\"single_scrilltop_wrapper\">\n    <div class=\"container\">\n        <div class=\"scrolltoptop_wrapper\">\n            <a href=\"javascript:\" id=\"return-to-top\">\n                <span class=\"arrow_up\"><\/span>\n                \t            \t\t<span class=\"scroller_content\">zur\u00fcck nach oben<\/span>\n\t\t\t\t\t                <!-- <span class=\"scroller_content\">retourner en haut<\/span> -->\n            <\/a>\n        <\/div>\n    <\/div>\n<\/div>","protected":false},"excerpt":{"rendered":"","protected":false},"author":1,"featured_media":0,"parent":0,"menu_order":0,"comment_status":"closed","ping_status":"closed","template":"templates\/activity_info.php","meta":{"_acf_changed":false,"inline_featured_image":false,"footnotes":""},"class_list":["post-2712","page","type-page","status-publish","hentry"],"acf":[],"yoast_head":"<!-- This site is optimized with the Yoast SEO plugin v26.7 - https:\/\/yoast.com\/wordpress\/plugins\/seo\/ -->\n<title>activity_info - cretberard<\/title>\n<meta name=\"robots\" content=\"index, follow, max-snippet:-1, max-image-preview:large, max-video-preview:-1\" \/>\n<link rel=\"canonical\" href=\"https:\/\/cret-berard.ch\/de\/activityinfo\/\" \/>\n<meta property=\"og:locale\" content=\"de_DE\" \/>\n<meta property=\"og:type\" content=\"article\" \/>\n<meta property=\"og:title\" content=\"activity_info - cretberard\" \/>\n<meta property=\"og:url\" content=\"https:\/\/cret-berard.ch\/de\/activityinfo\/\" \/>\n<meta property=\"og:site_name\" content=\"cretberard\" \/>\n<meta property=\"article:modified_time\" content=\"2021-06-02T11:25:07+00:00\" \/>\n<meta name=\"twitter:card\" content=\"summary_large_image\" \/>\n<script type=\"application\/ld+json\" class=\"yoast-schema-graph\">{\"@context\":\"https:\/\/schema.org\",\"@graph\":[{\"@type\":\"WebPage\",\"@id\":\"https:\/\/cret-berard.ch\/de\/activityinfo\/\",\"url\":\"https:\/\/cret-berard.ch\/de\/activityinfo\/\",\"name\":\"activity_info - cretberard\",\"isPartOf\":{\"@id\":\"https:\/\/cret-berard.ch\/#website\"},\"datePublished\":\"2021-03-24T07:08:26+00:00\",\"dateModified\":\"2021-06-02T11:25:07+00:00\",\"breadcrumb\":{\"@id\":\"https:\/\/cret-berard.ch\/de\/activityinfo\/#breadcrumb\"},\"inLanguage\":\"de\",\"potentialAction\":[{\"@type\":\"ReadAction\",\"target\":[\"https:\/\/cret-berard.ch\/de\/activityinfo\/\"]}]},{\"@type\":\"BreadcrumbList\",\"@id\":\"https:\/\/cret-berard.ch\/de\/activityinfo\/#breadcrumb\",\"itemListElement\":[{\"@type\":\"ListItem\",\"position\":1,\"name\":\"Accueil\",\"item\":\"https:\/\/cret-berard.ch\/de\/\"},{\"@type\":\"ListItem\",\"position\":2,\"name\":\"activity_info\"}]},{\"@type\":\"WebSite\",\"@id\":\"https:\/\/cret-berard.ch\/#website\",\"url\":\"https:\/\/cret-berard.ch\/\",\"name\":\"cretberard\",\"description\":\"Just another WordPress site\",\"potentialAction\":[{\"@type\":\"SearchAction\",\"target\":{\"@type\":\"EntryPoint\",\"urlTemplate\":\"https:\/\/cret-berard.ch\/?s={search_term_string}\"},\"query-input\":{\"@type\":\"PropertyValueSpecification\",\"valueRequired\":true,\"valueName\":\"search_term_string\"}}],\"inLanguage\":\"de\"}]}<\/script>\n<!-- \/ Yoast SEO plugin. -->","yoast_head_json":{"title":"activity_info - cretberard","robots":{"index":"index","follow":"follow","max-snippet":"max-snippet:-1","max-image-preview":"max-image-preview:large","max-video-preview":"max-video-preview:-1"},"canonical":"https:\/\/cret-berard.ch\/de\/activityinfo\/","og_locale":"de_DE","og_type":"article","og_title":"activity_info - cretberard","og_url":"https:\/\/cret-berard.ch\/de\/activityinfo\/","og_site_name":"cretberard","article_modified_time":"2021-06-02T11:25:07+00:00","twitter_card":"summary_large_image","schema":{"@context":"https:\/\/schema.org","@graph":[{"@type":"WebPage","@id":"https:\/\/cret-berard.ch\/de\/activityinfo\/","url":"https:\/\/cret-berard.ch\/de\/activityinfo\/","name":"activity_info - cretberard","isPartOf":{"@id":"https:\/\/cret-berard.ch\/#website"},"datePublished":"2021-03-24T07:08:26+00:00","dateModified":"2021-06-02T11:25:07+00:00","breadcrumb":{"@id":"https:\/\/cret-berard.ch\/de\/activityinfo\/#breadcrumb"},"inLanguage":"de","potentialAction":[{"@type":"ReadAction","target":["https:\/\/cret-berard.ch\/de\/activityinfo\/"]}]},{"@type":"BreadcrumbList","@id":"https:\/\/cret-berard.ch\/de\/activityinfo\/#breadcrumb","itemListElement":[{"@type":"ListItem","position":1,"name":"Accueil","item":"https:\/\/cret-berard.ch\/de\/"},{"@type":"ListItem","position":2,"name":"activity_info"}]},{"@type":"WebSite","@id":"https:\/\/cret-berard.ch\/#website","url":"https:\/\/cret-berard.ch\/","name":"cretberard","description":"Just another WordPress site","potentialAction":[{"@type":"SearchAction","target":{"@type":"EntryPoint","urlTemplate":"https:\/\/cret-berard.ch\/?s={search_term_string}"},"query-input":{"@type":"PropertyValueSpecification","valueRequired":true,"valueName":"search_term_string"}}],"inLanguage":"de"}]}},"_links":{"self":[{"href":"https:\/\/cret-berard.ch\/de\/wp-json\/wp\/v2\/pages\/2712","targetHints":{"allow":["GET"]}}],"collection":[{"href":"https:\/\/cret-berard.ch\/de\/wp-json\/wp\/v2\/pages"}],"about":[{"href":"https:\/\/cret-berard.ch\/de\/wp-json\/wp\/v2\/types\/page"}],"author":[{"embeddable":true,"href":"https:\/\/cret-berard.ch\/de\/wp-json\/wp\/v2\/users\/1"}],"replies":[{"embeddable":true,"href":"https:\/\/cret-berard.ch\/de\/wp-json\/wp\/v2\/comments?post=2712"}],"version-history":[{"count":12,"href":"https:\/\/cret-berard.ch\/de\/wp-json\/wp\/v2\/pages\/2712\/revisions"}],"predecessor-version":[{"id":7294,"href":"https:\/\/cret-berard.ch\/de\/wp-json\/wp\/v2\/pages\/2712\/revisions\/7294"}],"wp:attachment":[{"href":"https:\/\/cret-berard.ch\/de\/wp-json\/wp\/v2\/media?parent=2712"}],"curies":[{"name":"wp","href":"https:\/\/api.w.org\/{rel}","templated":true}]}}