{"id":2747,"date":"2021-03-25T07:11:11","date_gmt":"2021-03-25T07:11:11","guid":{"rendered":"http:\/\/cretberard.ch\/events_catalogue\/"},"modified":"2021-06-25T13:51:18","modified_gmt":"2021-06-25T13:51:18","slug":"events_catalogue","status":"publish","type":"page","link":"https:\/\/cret-berard.ch\/de\/events_catalogue\/","title":{"rendered":"events_catalogue"},"content":{"rendered":"<section\n    class=\"banner_wrapper_innerpage bg-img4 parallax\"\n    style=\"\n        background-image: url('https:\/\/cret-berard.ch\/wp-content\/uploads\/2021\/05\/DSC0867_CMJN-scaled.jpg');\n        background-size: cover;\n        background-repeat: no-repeat;\n        background-attachment: fixed;\n        background-position: center -135px;\">\n    <div class=\"banner_overlay_innerpage\">\n    \t    \t\t\t\t\t <div class=\"return_grard inerpage_back\">\n                    <!--<a href=\"#\" class=\"close_ban_modal\" >\n                        <i class=\"icon-back\"><\/i> retour\n                    <\/a>-->\n\t\t\t\t\t\t            \t\t<button class=\"close_ban_modal\" onclick=\"goBack()\" > <i class=\"icon-back\"><\/i> zur\u00fcck <\/button>\n\t\t\t\t\t\t\t\t\t<\/div>\n    \t            <\/div>\n<\/section>\n\t<section class=\"wrapper_for_banner_content\" style=\"\">\n\t    <div class=\"container\">\n\t        <div class=\"inner_banner_container\">\n\t            <div class=\"ban_content\">\n\t            \t\t                \t<h1>Aktivit\u00e4ten in Cr\u00eat-B\u00e9rard<\/h1>\n\t            \t\t            \t\t                \t<p>Entdecken, lernen, verstehen und miteinander teilen: Diese Ziele verfolgen wir mit unseren Aktivit\u00e4ten in Cr\u00eat-B\u00e9rard. Workshops, Retraiten und Veranstaltungen erm\u00f6glichen es Ihnen, sch\u00f6ne und bereichernde Momente auf dem Sch\u00e4ferh\u00fcgel zu erleben.<\/p>\n\t                \t                \t            <\/div>\n\t        <\/div>\n\t    <\/div>\n\t<\/section>\n<style>\n    b, strong {\n    font-weight: 500;\n}\n    <\/style>\n\n\t\t\t\t\t\t\t\t\t\t\t\t\t<section class=\"banner_bottom_green_section desktop_disp_marque\">\n\t\t\t\t    <div class=\"marquee_container\">\n\t\t\t\t        <div class=\"marquee\">\n\t\t\t\t            <p>Le programme d&#8217;activit\u00e9s de Cr\u00eat-B\u00e9rard est maintenant disponible jusqu&#8217;en septembre : inscrivez-vous vite !<\/p>\n\t\t\t\t        <\/div>\n\t\t\t\t    <\/div>\n\t\t\t\t<\/section>\n\t\t\t\t\t\n\t\t\t\n\t\n\n\n\n<section class=\"event_schedule_section event_list_with_search\">\n    <div class=\"container\">\n    \t<div class=\"loader\" style=\"display: none;text-align: center;\"><img decoding=\"async\" src=\"https:\/\/cret-berard.ch\/wp-content\/themes\/cretberard\/assets\/images\/loader.gif\"><\/div>\n        <div id=\"event-data\" class=\"monthly_schedule\"><\/div>\n        <a href=\"javascript:void(0);\" id=\"load-more-event\" onclick=\"loadMore()\" target-page=\"\" class=\"load_more_icon\"><i class=\"icon-arrow-down-sign-to-navigate\"><\/i><\/a>\n        <input type=\"hidden\" value=\"50\" id=\"events-per-page\">\n        <input type=\"hidden\" value=\"de\" id=\"current-language-code\">\n    <\/div>\n<\/section>\n\n<div class=\"single_scrilltop_wrapper\">\n    <div class=\"container\">\n        <div class=\"scrolltoptop_wrapper\">\n            <a href=\"javascript:\" id=\"return-to-top\">\n                <span class=\"arrow_up\"><\/span>\n                \t            \t\t<span class=\"scroller_content\">zur\u00fcck nach oben<\/span>\n\t\t\t\t\t                <!-- <span class=\"scroller_content\">retourner en haut<\/span> -->\n            <\/a>\n        <\/div>\n    <\/div>\n<\/div>\n\n\t\t\t\n\t\t\t\t\t<section class=\"les_activity_section\">\n\t\t\t    <div class=\"container\">\n\t\t\t        <div class=\"les_activity_wrap\">\n\t\t\t        \t\t\t\t            <div class=\"icon_img\">\n\t\t\t                <img decoding=\"async\" src=\"https:\/\/cret-berard.ch\/wp-content\/uploads\/2021\/04\/icon_img1.png\" \/>\n\t\t\t            <\/div>\n\t\t\t            <div class=\"les_activity_content\">\n\t\t\t                <h2>N&#8217;oubliez pas de vous inscrire aux activit\u00e9s qui vous int\u00e9ressent !<\/h2>\n\t\t\t                <p>Les inscriptions se cl\u00f4turent au plus tard 10 jours avant le d\u00e9but de l\u2019activit\u00e9.<\/p>\n\t\t\t            <\/div>\n\t\t\t        <\/div>\n\t\t\t    <\/div>\n\t\t\t<\/section>\n\t\t\t\n\t\n\n<section class=\"news_letter_wrapper\">\n    <div class=\"news_letter_overlay\">\n        <div class=\"container\">\n            <div class=\"news_letter_header\">abonnieren Sie unseren <span>newsletter<\/span><\/div>\n            <div class=\"newsform_wrapper\">\n                 \n\n<button type=\"button\" class=\"input_submit\" onclick=\"window.location.href='https:\/\/cret-berard.ch\/inscription-newsletter\/';\">\n    Je m\u2019inscris\n<\/button>\n    <!-- <form method=\"post\" id=\"subscribe_form\" action=\"http:\/\/cretberard.elk-dev.ch\/dev2\/newsletter\/?na=s\" onsubmit=\"return newsletter_check(this)\"> \n        <input type=\"hidden\" name=\"nlang\" value=\"\"> \n        <input class=\"tnp-email input_first\" type=\"email\" name=\"ne\" placeholder=\"adresse email\" required=\"\"> \n        <input class=\"input_submit\" type=\"submit\" value=\"je m\u2019inscris\">\n        <p class=\"show_after_form\" style=\"display:none;\">Yor are subscribed<\/p>\n    <\/form> -->\n<!--    <link href=\"\/\/cdn-images.mailchimp.com\/embedcode\/slim-10_7.css\" rel=\"stylesheet\" type=\"text\/css\">\n\n <style type=\"text\/css\">\n\n                #mc_embed_signup{background:#fff; clear:left; font:14px Helvetica,Arial,sans-serif; }\n\n                \/* Add your own Mailchimp form style overrides in your site stylesheet or in this style block.\n\n                   We recommend moving this block and the preceding CSS link to the HEAD of your HTML file. *\/\n\n<\/style> \n\n    <div id=\"mc_embed_signup\" class=\"subscribe_mailchimp\">\n        <form action=https:\/\/cret-berard.us17.list-manage.com\/subscribe\/post?u=f5b4f55b1eaf0ee938ff313a8&id=f8be77422e method=\"post\" id=\"mc-embedded-subscribe-form\" name=\"mc-embedded-subscribe-form\" class=\"validate\" target=\"_blank\" novalidate>\n            <div id=\"mc_embed_signup_scroll\" class=\"newsform_wrapper\">\n                <label for=\"mce-EMAIL\">S'inscrire \u00e0 la newsletter<\/label>\n                <input type=\"email\" value=\"\" name=\"EMAIL\" class=\"email input_first\" id=\"mce-EMAIL\" placeholder=\"E-MAIL-ADDRESSE\" required>\n                <div style=\"position: absolute; left: -5000px;\" aria-hidden=\"true\"><input type=\"text\" name=\"b_f5b4f55b1eaf0ee938ff313a8_f8be77422e\" tabindex=\"-1\" value=\"\"><\/div>\n                <div class=\"clear\"><input type=\"submit\" value=\"ABONNIEREN\" name=\"subscribe\" id=\"mc-embedded-subscribe\" class=\"button input_submit\"><\/div>\n            <\/div>\n        <\/form>\n    <\/div> -->\n\n                <\/div>\n        <\/div>\n    <\/div>\n    <img decoding=\"async\" src=\"https:\/\/cret-berard.ch\/wp-content\/uploads\/2021\/05\/DSC0923-scaled.jpg\">\n<\/section>\n\n\n<p><\/p>\n","protected":false},"excerpt":{"rendered":"","protected":false},"author":1,"featured_media":0,"parent":0,"menu_order":0,"comment_status":"closed","ping_status":"closed","template":"templates\/cms-template.php","meta":{"_acf_changed":false,"inline_featured_image":false,"footnotes":""},"class_list":["post-2747","page","type-page","status-publish","hentry"],"acf":[],"yoast_head":"<!-- This site is optimized with the Yoast SEO plugin v26.7 - https:\/\/yoast.com\/wordpress\/plugins\/seo\/ -->\n<title>events_catalogue - cretberard<\/title>\n<meta name=\"robots\" content=\"index, follow, max-snippet:-1, max-image-preview:large, max-video-preview:-1\" \/>\n<link rel=\"canonical\" href=\"https:\/\/cret-berard.ch\/de\/events_catalogue\/\" \/>\n<meta property=\"og:locale\" content=\"de_DE\" \/>\n<meta property=\"og:type\" content=\"article\" \/>\n<meta property=\"og:title\" content=\"events_catalogue - cretberard\" \/>\n<meta property=\"og:url\" content=\"https:\/\/cret-berard.ch\/de\/events_catalogue\/\" \/>\n<meta property=\"og:site_name\" content=\"cretberard\" \/>\n<meta property=\"article:modified_time\" content=\"2021-06-25T13:51:18+00:00\" \/>\n<meta name=\"twitter:card\" content=\"summary_large_image\" \/>\n<script type=\"application\/ld+json\" class=\"yoast-schema-graph\">{\"@context\":\"https:\/\/schema.org\",\"@graph\":[{\"@type\":\"WebPage\",\"@id\":\"https:\/\/cret-berard.ch\/de\/events_catalogue\/\",\"url\":\"https:\/\/cret-berard.ch\/de\/events_catalogue\/\",\"name\":\"events_catalogue - cretberard\",\"isPartOf\":{\"@id\":\"https:\/\/cret-berard.ch\/#website\"},\"datePublished\":\"2021-03-25T07:11:11+00:00\",\"dateModified\":\"2021-06-25T13:51:18+00:00\",\"breadcrumb\":{\"@id\":\"https:\/\/cret-berard.ch\/de\/events_catalogue\/#breadcrumb\"},\"inLanguage\":\"de\",\"potentialAction\":[{\"@type\":\"ReadAction\",\"target\":[\"https:\/\/cret-berard.ch\/de\/events_catalogue\/\"]}]},{\"@type\":\"BreadcrumbList\",\"@id\":\"https:\/\/cret-berard.ch\/de\/events_catalogue\/#breadcrumb\",\"itemListElement\":[{\"@type\":\"ListItem\",\"position\":1,\"name\":\"Accueil\",\"item\":\"https:\/\/cret-berard.ch\/de\/\"},{\"@type\":\"ListItem\",\"position\":2,\"name\":\"events_catalogue\"}]},{\"@type\":\"WebSite\",\"@id\":\"https:\/\/cret-berard.ch\/#website\",\"url\":\"https:\/\/cret-berard.ch\/\",\"name\":\"cretberard\",\"description\":\"Just another WordPress site\",\"potentialAction\":[{\"@type\":\"SearchAction\",\"target\":{\"@type\":\"EntryPoint\",\"urlTemplate\":\"https:\/\/cret-berard.ch\/?s={search_term_string}\"},\"query-input\":{\"@type\":\"PropertyValueSpecification\",\"valueRequired\":true,\"valueName\":\"search_term_string\"}}],\"inLanguage\":\"de\"}]}<\/script>\n<!-- \/ Yoast SEO plugin. -->","yoast_head_json":{"title":"events_catalogue - cretberard","robots":{"index":"index","follow":"follow","max-snippet":"max-snippet:-1","max-image-preview":"max-image-preview:large","max-video-preview":"max-video-preview:-1"},"canonical":"https:\/\/cret-berard.ch\/de\/events_catalogue\/","og_locale":"de_DE","og_type":"article","og_title":"events_catalogue - cretberard","og_url":"https:\/\/cret-berard.ch\/de\/events_catalogue\/","og_site_name":"cretberard","article_modified_time":"2021-06-25T13:51:18+00:00","twitter_card":"summary_large_image","schema":{"@context":"https:\/\/schema.org","@graph":[{"@type":"WebPage","@id":"https:\/\/cret-berard.ch\/de\/events_catalogue\/","url":"https:\/\/cret-berard.ch\/de\/events_catalogue\/","name":"events_catalogue - cretberard","isPartOf":{"@id":"https:\/\/cret-berard.ch\/#website"},"datePublished":"2021-03-25T07:11:11+00:00","dateModified":"2021-06-25T13:51:18+00:00","breadcrumb":{"@id":"https:\/\/cret-berard.ch\/de\/events_catalogue\/#breadcrumb"},"inLanguage":"de","potentialAction":[{"@type":"ReadAction","target":["https:\/\/cret-berard.ch\/de\/events_catalogue\/"]}]},{"@type":"BreadcrumbList","@id":"https:\/\/cret-berard.ch\/de\/events_catalogue\/#breadcrumb","itemListElement":[{"@type":"ListItem","position":1,"name":"Accueil","item":"https:\/\/cret-berard.ch\/de\/"},{"@type":"ListItem","position":2,"name":"events_catalogue"}]},{"@type":"WebSite","@id":"https:\/\/cret-berard.ch\/#website","url":"https:\/\/cret-berard.ch\/","name":"cretberard","description":"Just another WordPress site","potentialAction":[{"@type":"SearchAction","target":{"@type":"EntryPoint","urlTemplate":"https:\/\/cret-berard.ch\/?s={search_term_string}"},"query-input":{"@type":"PropertyValueSpecification","valueRequired":true,"valueName":"search_term_string"}}],"inLanguage":"de"}]}},"_links":{"self":[{"href":"https:\/\/cret-berard.ch\/de\/wp-json\/wp\/v2\/pages\/2747","targetHints":{"allow":["GET"]}}],"collection":[{"href":"https:\/\/cret-berard.ch\/de\/wp-json\/wp\/v2\/pages"}],"about":[{"href":"https:\/\/cret-berard.ch\/de\/wp-json\/wp\/v2\/types\/page"}],"author":[{"embeddable":true,"href":"https:\/\/cret-berard.ch\/de\/wp-json\/wp\/v2\/users\/1"}],"replies":[{"embeddable":true,"href":"https:\/\/cret-berard.ch\/de\/wp-json\/wp\/v2\/comments?post=2747"}],"version-history":[{"count":6,"href":"https:\/\/cret-berard.ch\/de\/wp-json\/wp\/v2\/pages\/2747\/revisions"}],"predecessor-version":[{"id":6207,"href":"https:\/\/cret-berard.ch\/de\/wp-json\/wp\/v2\/pages\/2747\/revisions\/6207"}],"wp:attachment":[{"href":"https:\/\/cret-berard.ch\/de\/wp-json\/wp\/v2\/media?parent=2747"}],"curies":[{"name":"wp","href":"https:\/\/api.w.org\/{rel}","templated":true}]}}