{"id":2754,"date":"2021-03-25T09:46:10","date_gmt":"2021-03-25T09:46:10","guid":{"rendered":"http:\/\/cretberard.ch\/history\/"},"modified":"2021-05-28T17:02:45","modified_gmt":"2021-05-28T17:02:45","slug":"history","status":"publish","type":"page","link":"https:\/\/cret-berard.ch\/de\/history\/","title":{"rendered":"Geschichte"},"content":{"rendered":"<section\n    class=\"banner_wrapper_innerpage bg-img4 parallax\"\n    style=\"\n        background-image: url('https:\/\/cret-berard.ch\/wp-content\/uploads\/2021\/05\/csm_Historique-4_2c36817473.jpeg');\n        background-size: cover;\n        background-repeat: no-repeat;\n        background-attachment: fixed;\n        background-position: center -135px;\">\n    <div class=\"banner_overlay_innerpage\">\n    \t    \t\t\t\t\t <div class=\"return_grard inerpage_back\">\n                    <!--<a href=\"#\" class=\"close_ban_modal\" >\n                        <i class=\"icon-back\"><\/i> retour\n                    <\/a>-->\n\t\t\t\t\t\t            \t\t<button class=\"close_ban_modal\" onclick=\"goBack()\" > <i class=\"icon-back\"><\/i> zur\u00fcck <\/button>\n\t\t\t\t\t\t\t\t\t<\/div>\n    \t        \t        <div class=\"return_grard_bottom\">\n\t            <a href=\"#\" class=\"close_ban_inner_page\" data-toggle=\"modal\" data-target=\"#banner_photogallery\">\n\t                <i class=\"icon-right-arrow1\"><\/i>\n\t            <\/a>\n\t            \n\t        <\/div>\n            <\/div>\n<\/section>\n\t<section class=\"wrapper_for_banner_content\" style=\"\">\n\t    <div class=\"container\">\n\t        <div class=\"inner_banner_container\">\n\t            <div class=\"ban_content\">\n\t            \t\t                \t<h1>Geschichte<\/h1>\n\t            \t\t            \t\t                \t<p>Es war einmal ein Sch\u00e4ferh\u00fcgel, der cr\u00eat b\u00e9rard, im Dialekt der Savoyer. Die Sch\u00e4fer hatten die Gewohnheit hier einen Zwischenhalt zu machen, um ihre Schafen Ruhe zu erm\u00f6glichen. Sie erfreuten sich der wunderbaren Umgebung und hielten inne, wie um sich eine Etappe zu g\u00f6nnen in ihrem Alltag, in ihrer Reise, in ihrer Zeit. <\/p>\n\t                \t                \t            <\/div>\n\t        <\/div>\n\t    <\/div>\n\t<\/section>\n\t<div class=\"modal fade banner_photogallery\" id=\"banner_photogallery\" tabindex=\"-1\" role=\"dialog\" aria-labelledby=\"myLargeModalLabel\" aria-hidden=\"true\">\n\t    <div class=\"return_grard\">\n\t        <button type=\"button\" class=\"close_ban_modal\" data-dismiss=\"modal\" aria-label=\"Close\"><i class=\"icon-back\"><\/i> retour<\/button>\n\t    <\/div>\n\t    <div class=\"modal-dialog modal-dialog-centered\">\n\t        <div class=\"modal-content\">\n\t            <div class=\"modal-body banabsolute\">\n\t                <div class=\"slider owl-carousel owl-theme\">\n\t                \t\t\t            \t\t\t\t            \t\t<div class=\"item\">\n\t\t\t\t\t\t\t    <div class=\"remo_slider_box\">\n\t\t\t\t\t\t\t        <img decoding=\"async\" src=\"https:\/\/cret-berard.ch\/wp-content\/uploads\/2021\/05\/csm_Historique-4_2c36817473.jpeg\" \/>\n\t\t\t\t\t\t\t    <\/div>\n\t\t\t\t\t\t\t<\/div>\n\t\t            \t\t\t            \t\t\t\t            \t\t<div class=\"item\">\n\t\t\t\t\t\t\t    <div class=\"remo_slider_box\">\n\t\t\t\t\t\t\t        <img decoding=\"async\" src=\"https:\/\/cret-berard.ch\/wp-content\/uploads\/2021\/05\/csm_Historique-3_e25a1dddc9.jpeg\" \/>\n\t\t\t\t\t\t\t    <\/div>\n\t\t\t\t\t\t\t<\/div>\n\t\t            \t\t\t            \t\t\t\t            \t\t<div class=\"item\">\n\t\t\t\t\t\t\t    <div class=\"remo_slider_box\">\n\t\t\t\t\t\t\t        <img decoding=\"async\" src=\"https:\/\/cret-berard.ch\/wp-content\/uploads\/2021\/05\/csm_Historique-2_8c0dbbb82b.jpeg\" \/>\n\t\t\t\t\t\t\t    <\/div>\n\t\t\t\t\t\t\t<\/div>\n\t\t            \t\t\t            \t\t\t\t            \t\t<div class=\"item\">\n\t\t\t\t\t\t\t    <div class=\"remo_slider_box\">\n\t\t\t\t\t\t\t        <img decoding=\"async\" src=\"https:\/\/cret-berard.ch\/wp-content\/uploads\/2021\/05\/csm_Historique-1_01_aecfa0f1a4.jpeg\" \/>\n\t\t\t\t\t\t\t    <\/div>\n\t\t\t\t\t\t\t<\/div>\n\t\t            \t\t                <\/div>\n\t                <div class=\"slider-counter\"><\/div>\n\t            <\/div>\n\t        <\/div>\n\t    <\/div>\n\t<\/div>\n<style>\n    b, strong {\n    font-weight: 500;\n}\n    <\/style>\n\n\n<div class=\"wp-block-group\"><div class=\"wp-block-group__inner-container is-layout-flow wp-block-group-is-layout-flow\">\t<section class=\"rooms_list_wrapper mobi_history_panel_wrapper\">\n\t    <div class=\"container\">\n\t        <div class=\"history_inner_wrapper\">\n\t        \t\t        \t\t\t        \t\t\t<div class=\"history_content_wrapper his_panel_ed1\">\n\t        \t\t\t\t\t\t\t\t\t\t    <div class=\"left_his_pic\">\n\t\t\t\t\t\t        <div class=\"common_his_pic\">\n\t\t\t\t\t\t            <img decoding=\"async\" src=\"https:\/\/cret-berard.ch\/wp-content\/uploads\/2021\/05\/csm_Historique-1_01_aecfa0f1a4.jpeg\" \/>\n\t\t\t\t\t\t        <\/div>\n\t\t\t\t\t\t    <\/div>\n\t\t\t\t\t\t    <div class=\"right_his_text\">\n\t\t\t\t\t\t\t<div class=\"hist_content_main\">\n\t\t\t\t\t\t\t\t<div class=\"his_date\">1948<\/div>\n\t\t\t\t\t\t\t\t<div class=\"his_content\">\n\t\t\t\t\t\t\t\t<p>Ein paar Jahrhunderte sp\u00e4ter, im Jahre 1948, vereinten sich junge Waadtl\u00e4nder Protestanten in Lausanne. <\/p>\n<p> Unter dem Impuls von ihrem Seelsorger <b> Pfarrer Albert Girard <\/b> und einem grossen Glaubenselan, entschieden sie ein Haus zu bauen f\u00fcr die Jugend, die Kirche und das Land. <\/p>\n<p>Wie in einer sch\u00f6nen Geschichte, wurde der Ort w\u00e4hrend einem Sonntagspaziergang vom \u00e4ltesten Pfarrersohn entdeckt: weg von den D\u00f6rfern und ohne Anfahrtsstrasse. Hoch auf dem H\u00fcgel, den er rennend bekletterte, rief er laut aus: \u201ehier ist es!\u201c <\/p>\n\t\t\t\t\t\t\t\t<\/div>\n\t\t\t\t\t\t\t\t<\/div>\n\t\t\t\t\t\t    <\/div>\n\t\t\t\t\t\t<\/div>\n\t\t\t\t\t\n\t\t\t\t\t\n        \t\t\t\n        \t\t\t\n        \t\t\t\n    \t\t\t\t\t\t\t\t\t\n\t        \t\t        \t\t\n\t\t\t\t\t\t\t\t\t\t\t\t\t\t\t\t\t<div class=\"clean_history_arcio\">\n\t\t\t\t\t\t\t<span class=\"arcio_year\">\u201cHier ist es !\u201d<\/span>\n\t\t\t\t\t\t<\/div>\n        \t\t\t\n        \t\t\t\n        \t\t\t\n        \t\t\t\n    \t\t\t\t\t\t\t\t\t\n\t        \t\t        \t\t\t        \t\t\t<div class=\"history_content_wrapper his_panel_ed1\">\n\t        \t\t\t\t\t\t\t\t\t\t    <div class=\"left_his_pic\">\n\t\t\t\t\t\t        <div class=\"common_his_pic\">\n\t\t\t\t\t\t            <img decoding=\"async\" src=\"https:\/\/cret-berard.ch\/wp-content\/uploads\/2021\/05\/csm_Historique-2_8c0dbbb82b.jpeg\" \/>\n\t\t\t\t\t\t        <\/div>\n\t\t\t\t\t\t    <\/div>\n\t\t\t\t\t\t    <div class=\"right_his_text\">\n\t\t\t\t\t\t\t<div class=\"hist_content_main\">\n\t\t\t\t\t\t\t\t<div class=\"his_date\">1949<\/div>\n\t\t\t\t\t\t\t\t<div class=\"his_content\">\n\t\t\t\t\t\t\t\t<div class=\"his_content\">\n<p>Der Bau beging im Sommer 1949. Tausende von Jugendlichen aus dem Kanton arbeiteten am Werk bis das erste Haus im September 1953 eingeweiht wurde. Der Inhaber eines Steinbruchs oberhalb von Sainte-Croix schenkte den Stein, der von Spezialisten gehauen wurde, und der dem Geb\u00e4ude seinen Charakter eines neoromanischen Klosters in warmen Farben gab. <\/p>\n<p> Der Architekt war <b> Claude Jaccottet. <\/b> Der erste Hauspfarrer, der dem Haus seinen Stil gab, war <b> Pfarrer Charles Nicole-Debarge<\/b>. <\/p>\n<p>Er f\u00fchrte die drei t\u00e4glichen Gebetszeremonien ein, aber auch die Kurse und Seminare, die Abende am Feuer, wie auch die Adventsfeuer mit seinen Pferdereitern. <\/p>\n<\/div>\n\t\t\t\t\t\t\t\t<\/div>\n\t\t\t\t\t\t\t\t<\/div>\n\t\t\t\t\t\t    <\/div>\n\t\t\t\t\t\t<\/div>\n\t\t\t\t\t\n\t\t\t\t\t\n        \t\t\t\n        \t\t\t\n        \t\t\t\n    \t\t\t\t\t\t\t\t\t\n\t        \t\t        \t\t\n\t\t\t\t\t\n        \t\t\t\t\t\t\t\t\t\t\t\t\t\t\t<div class=\"organization_cont_wrapper modernizer-wrapper\"><h3>organisation<\/h3>\n<p>Seit Beginn war Cr\u00eat-B\u00e9rard als private Stiftung organisiert. Die Institution wird von einem Pfarrer gef\u00fchrt, der von der evang.-ref. Kirche des Kantons Waadt engagiert ist. Diese Kirche wie auch der waadtl\u00e4ndische Staat, haben Einsitz im Stiftungsrat. Damit soll die Integration und der Wille der Zusammenarbeit unterst\u00fctzt werden. <\/p>\n<\/div>\n        \t\t\t\n        \t\t\t\n        \t\t\t\n    \t\t\t\t\t\t\t\t\t\n\t        \t\t        \t\t\n\t\t\t\t\t\n        \t\t\t\n        \t\t\t        \t\t\t\t\t\t\t\t\t\t<div class=\"enorga_wrapper\">\n\t\t\t\t\t\t\t<div class=\"enep_pic\"><img decoding=\"async\" src=\"https:\/\/cret-berard.ch\/wp-content\/uploads\/2021\/05\/csm_Historique-3_e25a1dddc9.jpeg\"><\/div>\n\t\t\t\t\t\t\t<div class=\"enep_content\"><h4>September 1983<\/h4>\n<p> Im September 1983, als  Pfarrer <b>Jean-Fran\u00e7ois Deppierraz <\/b> Hauspfarrer war, wurde die zweite Bauetappe abgeschlossen: ein separater Speisesaal, der grosse Saal und eine neue K\u00fcche. Die Pl\u00e4ne erstellte wiederum Claude Jaccottet. Von da an hatte das Haus Cr\u00eat-B\u00e9rard seine ideale Gr\u00f6sse und die erw\u00fcnschte Bettenanzahl.<\/p>\n<\/div>\n\t\t\t\t\t\t<\/div>\n        \t\t\t\n        \t\t\t\n    \t\t\t\t\t\t\t\t\t\n\t        \t\t        \t\t\n\t\t\t\t\t\n        \t\t\t\t\t\t\t\t\t\t\t\t\t\t\t<div class=\"organization_cont_wrapper modernizer-wrapper\"><h3>Modernisierung<\/h3>\n<p><b>Pfarrer Pierre-Andr\u00e9 Pouly<\/b> entwickelte anschliessend die Aktivit\u00e4ten, modernisierte und isolierte das Geb\u00e4ude. Er umringte sich mit professionellen Mitarbeitern um den Empfang der G\u00e4ste und das gute Gelingen der Gesch\u00e4fte sicherzustellen.<\/p>\n<p>Seit Sommer 2013, ist nun <b> Pfarrer Alain Monnard <\/b>der neue Hauspfarrer. Er ergriff die Initiative die angebotenen Aktivit\u00e4ten im Haus auszubauen. Zurzeit ist er ebenfalls mit der Weiterentwicklung der Hotellerie besch\u00e4ftigt, was seit 2012 im Cr\u00eat-B\u00e9rard ein wichtiges Anliegen ist.<\/p>\n<p style=\"text-align: right;\">Yves Gerhard<br \/>\nPr\u00e4sident des Stiftungsrates<\/p>\n<\/div>\n        \t\t\t\n        \t\t\t\n        \t\t\t\n    \t\t\t\t\t\t\t\t\t\n\t        \t\t        \t\t\n\t\t\t\t\t\n        \t\t\t\n        \t\t\t\n        \t\t\t        \t\t\t\t    \t\t\t\t\n    \t\t\t\t\t\t\t\t\t\n\t        \t\t        \t\t\n\t\t\t\t\t\n        \t\t\t\n        \t\t\t\n        \t\t\t\n    \t\t\t\t    \t\t\t\t\t    \t\t\t\t\t\t\t\t\t\t\t\t\t\t\t\n\t        \t\t        <\/div>\n\t    <\/div>\n\t<\/section>\n<style>\n    b, strong {\n    font-weight: 500;\n}\n    <\/style><\/div><\/div>\n\n\n<div class=\"single_scrilltop_wrapper\">\n    <div class=\"container\">\n        <div class=\"scrolltoptop_wrapper\">\n            <a href=\"javascript:\" id=\"return-to-top\">\n                <span class=\"arrow_up\"><\/span>\n                \t            \t\t<span class=\"scroller_content\">zur\u00fcck nach oben<\/span>\n\t\t\t\t\t                <!-- <span class=\"scroller_content\">retourner en haut<\/span> -->\n            <\/a>\n        <\/div>\n    <\/div>\n<\/div>\n\n\n<p><\/p>\n","protected":false},"excerpt":{"rendered":"","protected":false},"author":1,"featured_media":0,"parent":0,"menu_order":0,"comment_status":"closed","ping_status":"closed","template":"templates\/cms-template.php","meta":{"_acf_changed":false,"inline_featured_image":false,"footnotes":""},"class_list":["post-2754","page","type-page","status-publish","hentry"],"acf":[],"yoast_head":"<!-- This site is optimized with the Yoast SEO plugin v26.7 - https:\/\/yoast.com\/wordpress\/plugins\/seo\/ -->\n<title>Geschichte - cretberard<\/title>\n<meta name=\"robots\" content=\"index, follow, max-snippet:-1, max-image-preview:large, max-video-preview:-1\" \/>\n<link rel=\"canonical\" href=\"https:\/\/cret-berard.ch\/de\/history\/\" \/>\n<meta property=\"og:locale\" content=\"de_DE\" \/>\n<meta property=\"og:type\" content=\"article\" \/>\n<meta property=\"og:title\" content=\"Geschichte - cretberard\" \/>\n<meta property=\"og:url\" content=\"https:\/\/cret-berard.ch\/de\/history\/\" \/>\n<meta property=\"og:site_name\" content=\"cretberard\" \/>\n<meta property=\"article:modified_time\" content=\"2021-05-28T17:02:45+00:00\" \/>\n<meta name=\"twitter:card\" content=\"summary_large_image\" \/>\n<script type=\"application\/ld+json\" class=\"yoast-schema-graph\">{\"@context\":\"https:\/\/schema.org\",\"@graph\":[{\"@type\":\"WebPage\",\"@id\":\"https:\/\/cret-berard.ch\/de\/history\/\",\"url\":\"https:\/\/cret-berard.ch\/de\/history\/\",\"name\":\"Geschichte - cretberard\",\"isPartOf\":{\"@id\":\"https:\/\/cret-berard.ch\/#website\"},\"datePublished\":\"2021-03-25T09:46:10+00:00\",\"dateModified\":\"2021-05-28T17:02:45+00:00\",\"breadcrumb\":{\"@id\":\"https:\/\/cret-berard.ch\/de\/history\/#breadcrumb\"},\"inLanguage\":\"de\",\"potentialAction\":[{\"@type\":\"ReadAction\",\"target\":[\"https:\/\/cret-berard.ch\/de\/history\/\"]}]},{\"@type\":\"BreadcrumbList\",\"@id\":\"https:\/\/cret-berard.ch\/de\/history\/#breadcrumb\",\"itemListElement\":[{\"@type\":\"ListItem\",\"position\":1,\"name\":\"Accueil\",\"item\":\"https:\/\/cret-berard.ch\/de\/\"},{\"@type\":\"ListItem\",\"position\":2,\"name\":\"Geschichte\"}]},{\"@type\":\"WebSite\",\"@id\":\"https:\/\/cret-berard.ch\/#website\",\"url\":\"https:\/\/cret-berard.ch\/\",\"name\":\"cretberard\",\"description\":\"Just another WordPress site\",\"potentialAction\":[{\"@type\":\"SearchAction\",\"target\":{\"@type\":\"EntryPoint\",\"urlTemplate\":\"https:\/\/cret-berard.ch\/?s={search_term_string}\"},\"query-input\":{\"@type\":\"PropertyValueSpecification\",\"valueRequired\":true,\"valueName\":\"search_term_string\"}}],\"inLanguage\":\"de\"}]}<\/script>\n<!-- \/ Yoast SEO plugin. -->","yoast_head_json":{"title":"Geschichte - cretberard","robots":{"index":"index","follow":"follow","max-snippet":"max-snippet:-1","max-image-preview":"max-image-preview:large","max-video-preview":"max-video-preview:-1"},"canonical":"https:\/\/cret-berard.ch\/de\/history\/","og_locale":"de_DE","og_type":"article","og_title":"Geschichte - cretberard","og_url":"https:\/\/cret-berard.ch\/de\/history\/","og_site_name":"cretberard","article_modified_time":"2021-05-28T17:02:45+00:00","twitter_card":"summary_large_image","schema":{"@context":"https:\/\/schema.org","@graph":[{"@type":"WebPage","@id":"https:\/\/cret-berard.ch\/de\/history\/","url":"https:\/\/cret-berard.ch\/de\/history\/","name":"Geschichte - cretberard","isPartOf":{"@id":"https:\/\/cret-berard.ch\/#website"},"datePublished":"2021-03-25T09:46:10+00:00","dateModified":"2021-05-28T17:02:45+00:00","breadcrumb":{"@id":"https:\/\/cret-berard.ch\/de\/history\/#breadcrumb"},"inLanguage":"de","potentialAction":[{"@type":"ReadAction","target":["https:\/\/cret-berard.ch\/de\/history\/"]}]},{"@type":"BreadcrumbList","@id":"https:\/\/cret-berard.ch\/de\/history\/#breadcrumb","itemListElement":[{"@type":"ListItem","position":1,"name":"Accueil","item":"https:\/\/cret-berard.ch\/de\/"},{"@type":"ListItem","position":2,"name":"Geschichte"}]},{"@type":"WebSite","@id":"https:\/\/cret-berard.ch\/#website","url":"https:\/\/cret-berard.ch\/","name":"cretberard","description":"Just another WordPress site","potentialAction":[{"@type":"SearchAction","target":{"@type":"EntryPoint","urlTemplate":"https:\/\/cret-berard.ch\/?s={search_term_string}"},"query-input":{"@type":"PropertyValueSpecification","valueRequired":true,"valueName":"search_term_string"}}],"inLanguage":"de"}]}},"_links":{"self":[{"href":"https:\/\/cret-berard.ch\/de\/wp-json\/wp\/v2\/pages\/2754","targetHints":{"allow":["GET"]}}],"collection":[{"href":"https:\/\/cret-berard.ch\/de\/wp-json\/wp\/v2\/pages"}],"about":[{"href":"https:\/\/cret-berard.ch\/de\/wp-json\/wp\/v2\/types\/page"}],"author":[{"embeddable":true,"href":"https:\/\/cret-berard.ch\/de\/wp-json\/wp\/v2\/users\/1"}],"replies":[{"embeddable":true,"href":"https:\/\/cret-berard.ch\/de\/wp-json\/wp\/v2\/comments?post=2754"}],"version-history":[{"count":27,"href":"https:\/\/cret-berard.ch\/de\/wp-json\/wp\/v2\/pages\/2754\/revisions"}],"predecessor-version":[{"id":7120,"href":"https:\/\/cret-berard.ch\/de\/wp-json\/wp\/v2\/pages\/2754\/revisions\/7120"}],"wp:attachment":[{"href":"https:\/\/cret-berard.ch\/de\/wp-json\/wp\/v2\/media?parent=2754"}],"curies":[{"name":"wp","href":"https:\/\/api.w.org\/{rel}","templated":true}]}}