{"id":2793,"date":"2021-03-24T13:28:20","date_gmt":"2021-03-24T13:28:20","guid":{"rendered":"http:\/\/cretberard.ch\/la-region\/"},"modified":"2021-06-07T13:47:31","modified_gmt":"2021-06-07T13:47:31","slug":"la-region","status":"publish","type":"page","link":"https:\/\/cret-berard.ch\/de\/la-region\/","title":{"rendered":"La Region"},"content":{"rendered":"<section\n    class=\"banner_wrapper_innerpage bg-img4 parallax\"\n    style=\"\n        background-image: url('https:\/\/cret-berard.ch\/wp-content\/uploads\/2021\/05\/DSC0762-2-scaled.jpg');\n        background-size: cover;\n        background-repeat: no-repeat;\n        background-attachment: fixed;\n        background-position: center -135px;\">\n    <div class=\"banner_overlay_innerpage\">\n    \t    \t\t\t\t\t <div class=\"return_grard inerpage_back\">\n                    <!--<a href=\"#\" class=\"close_ban_modal\" >\n                        <i class=\"icon-back\"><\/i> retour\n                    <\/a>-->\n\t\t\t\t\t\t            \t\t<button class=\"close_ban_modal\" onclick=\"goBack()\" > <i class=\"icon-back\"><\/i> zur\u00fcck <\/button>\n\t\t\t\t\t\t\t\t\t<\/div>\n    \t        \t        <div class=\"return_grard_bottom\">\n\t            <a href=\"#\" class=\"close_ban_inner_page\" >\n\t                <i class=\"icon-right-arrow1\"><\/i>\n\t            <\/a>\n\t            \n\t        <\/div>\n            <\/div>\n<\/section>\n\t<section class=\"wrapper_for_banner_content\" style=\"\">\n\t    <div class=\"container\">\n\t        <div class=\"inner_banner_container\">\n\t            <div class=\"ban_content\">\n\t            \t\t                \t<h1>Die Region<\/h1>\n\t            \t\t            \t\t                \t<p>Cr\u00eat-B\u00e9rard liegt im Herzen des Lavaux in einer idyllischen Landschaft, nur 5 Minuten von der Autobahn (Puidoux \/ Chexbres) entfernt. Es ist ein idealer Ausgangspunkt f\u00fcr zahlreiche Ausfl\u00fcge rund um den Genfersee.<\/p>\n\t                \t                \t            <\/div>\n\t        <\/div>\n\t    <\/div>\n\t<\/section>\n<style>\n    b, strong {\n    font-weight: 500;\n}\n    <\/style>\n\n<section class=\"rooms_list_wrapper mobi_history_panel_wrappe\">\n    <div class=\"container\">\n        <div class=\"history_inner_wrapper la_region_main\">\n                                                                                                                                                    <div class=\"history_content_wrapper\">\n                                <div class=\"left_his_pic\">\n                                    <div class=\"common_region_pic\">\n                                        <img decoding=\"async\" src=\"https:\/\/cret-berard.ch\/wp-content\/uploads\/2021\/05\/AdobeStock_351728782-scaled.jpeg\">\n                                    <\/div>\n                                <\/div>\n                                <div class=\"right_his_text\">\n                                    <div class=\"hist_content_main\">\n                                        <div class=\"his_region\">Entdecken Sie die Romandie:<\/div>\n                                        <div class=\"his_content\">\n                                            Zwischen Lausanne, Martigny und Fribourg gibt es vielerlei Museen, Wanderungen, M\u00e4rkte und unterhaltsame Aktivit\u00e4ten f\u00fcr Klein und Gross zu entdecken. Klicken Sie auf unsere interaktive Karte, um mehr \u00fcber die in der Region angebotenen Aktivit\u00e4ten zu erfahren.                                        <\/div>\n                                    <\/div>\n                                <\/div>\n                            <\/div>\n                                    \n\n                        <div class=\"enorga_wrapper epic_map_panel\">\n                                                                                                    <div class=\"enep_content\">\n                    <h4>Entdecken Sie unsere interactive Karte<\/h4>\n                    <p><\/p>\n\n                    <div class=\"map_download_wrapper\">\n                        <p><\/p>\n                        <a href=\"https:\/\/cret-berard.ch\/wp-content\/uploads\/2021\/05\/CB_carte_touristique_A3_MTR_17022016_LIENS_URL.pdf\" target=\"\" class=\"dnbmpp_btn\">Druckversion herunterladen<\/a>\n                    <\/div>\n                <\/div>\n                <div class=\"apic_map_wrapper\">\n                <p><iframe src=\"https:\/\/www.google.com\/maps\/embed?pb=!1m18!1m12!1m3!1d52264.38971260049!2d6.78411517962375!3d46.4921018175889!2m3!1f0!2f0!3f0!3m2!1i1024!2i768!4f13.1!3m3!1m2!1s0x478c283c758d7dc7%3A0x47db31205b9cc0a2!2sCr%C3%AAt%20B%C3%A9rard%2C%201070%20Puidoux%2C%20Switzerland!5e0!3m2!1sen!2sin!4v1622630198218!5m2!1sen!2sin\" width=\"600\" height=\"450\" style=\"border:0;\" allowfullscreen=\"\" loading=\"lazy\"><\/iframe><\/p>\n                <\/div>\n            <\/div>\n            \n\n                                                                                                                                                                                    \n<div class=\"history_content_wrapper hist_reverce\">\n    <div class=\"left_his_pic\">\n        <div class=\"common_region_pic\">\n            <img decoding=\"async\" src=\"https:\/\/cret-berard.ch\/wp-content\/uploads\/2021\/05\/Lavaux_Transport_Card-1.png\">\n        <\/div>\n    <\/div>\n    <div class=\"right_his_text\">\n        <div class=\"hist_content_main\">\n            <div class=\"his_region\">Lavaux Transport Card<\/div>\n            <div class=\"his_content\">\n            Nutzen Sie die \u00f6ffentlichen Verkehrsmittel zwischen Lausanne und Montreux und profitieren Sie dank der Lavaux Transport Card von vorteilhaften Preisen f\u00fcr bestimmte Aktivit\u00e4ten. Die Karte wird Ihnen bei Ihrer Ankunft ausgestellt* und ist bis zum Tag Ihrer Abreise f\u00fcr die \u00f6ffentlichen Verkehrsmittel von Mobilis g\u00fcltig. *Sofern Sie in unserem Haus f\u00fcr eine Nacht oder l\u00e4nger verweilen            <\/div>\n        <\/div>\n        \n    <\/div>\n<\/div>\n\n<!--\n<div class=\"enorga_wrapper epic_pic_Wrapper\">\n    <div class=\"enep_pic_la_panel\">\n        <img decoding=\"async\" src=\"\">\n    <\/div>\n    <div class=\"enep_content\">\n        <h4><\/h4>\n        Nutzen Sie die \u00f6ffentlichen Verkehrsmittel zwischen Lausanne und Montreux und profitieren Sie dank der Lavaux Transport Card von vorteilhaften Preisen f\u00fcr bestimmte Aktivit\u00e4ten. Die Karte wird Ihnen bei Ihrer Ankunft ausgestellt* und ist bis zum Tag Ihrer Abreise f\u00fcr die \u00f6ffentlichen Verkehrsmittel von Mobilis g\u00fcltig. *Sofern Sie in unserem Haus f\u00fcr eine Nacht oder l\u00e4nger verweilen    <\/div>\n<\/div>\n-->\n\n    \n\n\n<\/div>  \n<\/div>\n<\/section>\n\n<section class=\"wifi_section\">\n\t    <div class=\"container\">\n\t        <div class=\"wifi_inner_panel\">\n                \t        \t\t<div class=\"wifi_left_icon\">\n\t\t                <ul>\n\t\t                \t                                \t\t\t\t\t\t\t\t\t<li><img decoding=\"async\" src=\"https:\/\/cret-berard.ch\/wp-content\/uploads\/2021\/04\/truck_icon.png\"><\/li>\n\t\t                \t\t\t                <\/ul>\n\t            \t<\/div>\n                \t           \n\t            <div class=\"wifi_right_content\">\n\t                <h3>Avis<\/h3>\n\t                <p><p>Wir hoffen, dass Ihnen der Aufenthalt in Cr\u00eat-B\u00e9rard gefallen hat.<br \/>\nGerne k\u00f6nnen Sie einen Kommentar oder <a href=\"https:\/\/cret-berard.ch\/de\/reviews\/\">Anregungen hinterlassen<\/a>.<br \/>\nIhre Meinung ist uns wichtig. Damit wir uns stetig verbessern k\u00f6nnen, haben wir ein offenes Ohr f\u00fcr Sie.<\/p>\n<\/p>\n\t            <\/div>\n\t        \n\t        <\/div>\n\t    <\/div>\n\t<\/section>\n\n<div class=\"single_scrilltop_wrapper\">\n    <div class=\"container\">\n        <div class=\"scrolltoptop_wrapper\">\n            <a href=\"javascript:\" id=\"return-to-top\">\n                <span class=\"arrow_up\"><\/span>\n                \t            \t\t<span class=\"scroller_content\">zur\u00fcck nach oben<\/span>\n\t\t\t\t\t                <!-- <span class=\"scroller_content\">retourner en haut<\/span> -->\n            <\/a>\n        <\/div>\n    <\/div>\n<\/div>","protected":false},"excerpt":{"rendered":"","protected":false},"author":1,"featured_media":0,"parent":0,"menu_order":0,"comment_status":"closed","ping_status":"closed","template":"templates\/la-region.php","meta":{"_acf_changed":false,"inline_featured_image":false,"footnotes":""},"class_list":["post-2793","page","type-page","status-publish","hentry"],"acf":[],"yoast_head":"<!-- This site is optimized with the Yoast SEO plugin v26.7 - https:\/\/yoast.com\/wordpress\/plugins\/seo\/ -->\n<title>La Region - cretberard<\/title>\n<meta name=\"robots\" content=\"index, follow, max-snippet:-1, max-image-preview:large, max-video-preview:-1\" \/>\n<link rel=\"canonical\" href=\"https:\/\/cret-berard.ch\/de\/la-region\/\" \/>\n<meta property=\"og:locale\" content=\"de_DE\" \/>\n<meta property=\"og:type\" content=\"article\" \/>\n<meta property=\"og:title\" content=\"La Region - cretberard\" \/>\n<meta property=\"og:url\" content=\"https:\/\/cret-berard.ch\/de\/la-region\/\" \/>\n<meta property=\"og:site_name\" content=\"cretberard\" \/>\n<meta property=\"article:modified_time\" content=\"2021-06-07T13:47:31+00:00\" \/>\n<meta name=\"twitter:card\" content=\"summary_large_image\" \/>\n<script type=\"application\/ld+json\" class=\"yoast-schema-graph\">{\"@context\":\"https:\/\/schema.org\",\"@graph\":[{\"@type\":\"WebPage\",\"@id\":\"https:\/\/cret-berard.ch\/de\/la-region\/\",\"url\":\"https:\/\/cret-berard.ch\/de\/la-region\/\",\"name\":\"La Region - cretberard\",\"isPartOf\":{\"@id\":\"https:\/\/cret-berard.ch\/#website\"},\"datePublished\":\"2021-03-24T13:28:20+00:00\",\"dateModified\":\"2021-06-07T13:47:31+00:00\",\"breadcrumb\":{\"@id\":\"https:\/\/cret-berard.ch\/de\/la-region\/#breadcrumb\"},\"inLanguage\":\"de\",\"potentialAction\":[{\"@type\":\"ReadAction\",\"target\":[\"https:\/\/cret-berard.ch\/de\/la-region\/\"]}]},{\"@type\":\"BreadcrumbList\",\"@id\":\"https:\/\/cret-berard.ch\/de\/la-region\/#breadcrumb\",\"itemListElement\":[{\"@type\":\"ListItem\",\"position\":1,\"name\":\"Accueil\",\"item\":\"https:\/\/cret-berard.ch\/de\/\"},{\"@type\":\"ListItem\",\"position\":2,\"name\":\"La Region\"}]},{\"@type\":\"WebSite\",\"@id\":\"https:\/\/cret-berard.ch\/#website\",\"url\":\"https:\/\/cret-berard.ch\/\",\"name\":\"cretberard\",\"description\":\"Just another WordPress site\",\"potentialAction\":[{\"@type\":\"SearchAction\",\"target\":{\"@type\":\"EntryPoint\",\"urlTemplate\":\"https:\/\/cret-berard.ch\/?s={search_term_string}\"},\"query-input\":{\"@type\":\"PropertyValueSpecification\",\"valueRequired\":true,\"valueName\":\"search_term_string\"}}],\"inLanguage\":\"de\"}]}<\/script>\n<!-- \/ Yoast SEO plugin. -->","yoast_head_json":{"title":"La Region - cretberard","robots":{"index":"index","follow":"follow","max-snippet":"max-snippet:-1","max-image-preview":"max-image-preview:large","max-video-preview":"max-video-preview:-1"},"canonical":"https:\/\/cret-berard.ch\/de\/la-region\/","og_locale":"de_DE","og_type":"article","og_title":"La Region - cretberard","og_url":"https:\/\/cret-berard.ch\/de\/la-region\/","og_site_name":"cretberard","article_modified_time":"2021-06-07T13:47:31+00:00","twitter_card":"summary_large_image","schema":{"@context":"https:\/\/schema.org","@graph":[{"@type":"WebPage","@id":"https:\/\/cret-berard.ch\/de\/la-region\/","url":"https:\/\/cret-berard.ch\/de\/la-region\/","name":"La Region - cretberard","isPartOf":{"@id":"https:\/\/cret-berard.ch\/#website"},"datePublished":"2021-03-24T13:28:20+00:00","dateModified":"2021-06-07T13:47:31+00:00","breadcrumb":{"@id":"https:\/\/cret-berard.ch\/de\/la-region\/#breadcrumb"},"inLanguage":"de","potentialAction":[{"@type":"ReadAction","target":["https:\/\/cret-berard.ch\/de\/la-region\/"]}]},{"@type":"BreadcrumbList","@id":"https:\/\/cret-berard.ch\/de\/la-region\/#breadcrumb","itemListElement":[{"@type":"ListItem","position":1,"name":"Accueil","item":"https:\/\/cret-berard.ch\/de\/"},{"@type":"ListItem","position":2,"name":"La Region"}]},{"@type":"WebSite","@id":"https:\/\/cret-berard.ch\/#website","url":"https:\/\/cret-berard.ch\/","name":"cretberard","description":"Just another WordPress site","potentialAction":[{"@type":"SearchAction","target":{"@type":"EntryPoint","urlTemplate":"https:\/\/cret-berard.ch\/?s={search_term_string}"},"query-input":{"@type":"PropertyValueSpecification","valueRequired":true,"valueName":"search_term_string"}}],"inLanguage":"de"}]}},"_links":{"self":[{"href":"https:\/\/cret-berard.ch\/de\/wp-json\/wp\/v2\/pages\/2793","targetHints":{"allow":["GET"]}}],"collection":[{"href":"https:\/\/cret-berard.ch\/de\/wp-json\/wp\/v2\/pages"}],"about":[{"href":"https:\/\/cret-berard.ch\/de\/wp-json\/wp\/v2\/types\/page"}],"author":[{"embeddable":true,"href":"https:\/\/cret-berard.ch\/de\/wp-json\/wp\/v2\/users\/1"}],"replies":[{"embeddable":true,"href":"https:\/\/cret-berard.ch\/de\/wp-json\/wp\/v2\/comments?post=2793"}],"version-history":[{"count":19,"href":"https:\/\/cret-berard.ch\/de\/wp-json\/wp\/v2\/pages\/2793\/revisions"}],"predecessor-version":[{"id":7404,"href":"https:\/\/cret-berard.ch\/de\/wp-json\/wp\/v2\/pages\/2793\/revisions\/7404"}],"wp:attachment":[{"href":"https:\/\/cret-berard.ch\/de\/wp-json\/wp\/v2\/media?parent=2793"}],"curies":[{"name":"wp","href":"https:\/\/api.w.org\/{rel}","templated":true}]}}