{"id":2817,"date":"2021-03-26T06:52:48","date_gmt":"2021-03-26T06:52:48","guid":{"rendered":"http:\/\/cretberard.ch\/pavillion\/"},"modified":"2021-05-24T15:20:06","modified_gmt":"2021-05-24T15:20:06","slug":"pavillion","status":"publish","type":"page","link":"https:\/\/cret-berard.ch\/de\/pavillion\/","title":{"rendered":"Pavillion"},"content":{"rendered":"<section\n    class=\"banner_wrapper_innerpage bg-img4 parallax\"\n    style=\"\n        background-image: url('https:\/\/cret-berard.ch\/wp-content\/uploads\/2021\/05\/DSC0764-min2-scaled.jpg');\n        background-size: cover;\n        background-repeat: no-repeat;\n        background-attachment: fixed;\n        background-position: center -135px;\">\n    <div class=\"banner_overlay_innerpage\">\n    \t    \t\t\t\t\t <div class=\"return_grard inerpage_back\">\n                    <!--<a href=\"#\" class=\"close_ban_modal\" >\n                        <i class=\"icon-back\"><\/i> retour\n                    <\/a>-->\n\t\t\t\t\t\t            \t\t<button class=\"close_ban_modal\" onclick=\"goBack()\" > <i class=\"icon-back\"><\/i> zur\u00fcck <\/button>\n\t\t\t\t\t\t\t\t\t<\/div>\n    \t            <\/div>\n<\/section>\n\t<section class=\"wrapper_for_banner_content\" style=\"\">\n\t    <div class=\"container\">\n\t        <div class=\"inner_banner_container\">\n\t            <div class=\"ban_content\">\n\t            \t\t                \t<h1>Der Pavillon<\/h1>\n\t            \t\t            \t\t                \t<p>Der im Park gelegene Pavillon ist ideal f\u00fcr Jugendlager, Familienfeste oder Seminare und kann individuell genutzt werden.<\/p>\n\t                \t                \t            <\/div>\n\t        <\/div>\n\t    <\/div>\n\t<\/section>\n<style>\n    b, strong {\n    font-weight: 500;\n}\n    <\/style>\n\n                            <section class=\"lepavi_list_wrapper\">\n                    <div class=\"le_pavillion_columini\">\n                        <div class=\"container_la_pavillion\">\n                            <div class=\"inner_panel_pavillion\">\n                                                                    <div class=\"le_pevillion_left\">\n                                        <div class=\"pevelion_content_list pavilion-aymuos-class\">\n                                            <ul id=\"le_pavilion\">\n                                                <li>\n                                                    <div class=\"panel_pevelion_content\">\n                                                                                                                                                                            <h2>Ein Chalet mitten im Wald: ideal f\u00fcr individuelle Gruppen <\/h2>\n                                                                                                                <div class=\"emore\" id=\"tab1\">\n                                                            <div class=\"banqe_few_content\"><p>Unser Pavillon wurde im Winter 1949-1950 erbaut und 1991 renoviert. Ursprunglich beherbergte man hier die Jugendlichen, die sich auf der Cr\u00eat-B\u00e9rard Baustelle abwechselt&#8230;<\/div>\n                                                                                                                            <div class=\"banqe_details_content\"><p>Unser Pavillon wurde im Winter 1949-1950 erbaut und 1991 renoviert. Ursprunglich beherbergte man hier die Jugendlichen, die sich auf der Cr\u00eat-B\u00e9rard Baustelle abwechselten.<\/p>\n<p>Unser Pavillon ist ideal f\u00fcr Schulklassen, Jugendlager, Vereinswochenenden, Geburtstage, Familienfeste. Ausserdem steht ein Sportplatz zur Verf\u00fcgung.<\/p>\n<p>Der Pavillon beherbergt bis zu 26 Personen in Mehrbettzimmern, 35 Personen finden Platz zum Essen. Er kann ohne oder mit Verpflegung in unserem Restaurant gemietet werden.<\/p>\n<\/div>\n                                                                                                                    <\/div>\n                                                                                                                    <a href=\"javascript:void(0);\" class=\"morelink more_link_banquate\" data-attrib=\"tab1\"><span><\/span><\/a>\n                                                                                                            <\/div>\n                                                <\/li>\n                                            <\/ul>\n                                        <\/div>\n                                    <\/div>\n                                                                                                                                                                            <div class=\"sticky_content\">\n                                        <div class=\"contact_info_wrapper megante_pavilliono\">\n                                                                                        <h4>Buchen<\/h4>\n                                                                                                                                    <div class=\"votre_content\">zu ihren n\u00e4chsten Aufenthalt<\/div>\n                                                                                \n                                            <!-- <a href=\"\" class=\"reserve_room_online\"><\/a> -->\n                                                                                        <a href=\"https:\/\/cret-berard.ch\/de\/form-second\/\" target=\"_blank\" class=\"reserve_room_online\">Buchungsanfrage<\/a>\n                                                                                        <div class=\"oner_votre_contat\">\n                                            oder per Telefon unter :                                                                                            <a href=\"tel:+41 (0)21 946 03 60\">+41 (0)21 946 03 60<\/a>\n                                                                                        <\/div>\n                                        <\/div>\n                                    <\/div>\n                                                                                                                                    <\/div>\n                                \n                            <\/div>\n                        <\/div>\n                    <\/div>\n                <\/section>\n        \n            \n\n            \n                    <section class=\"pavilion_dishes_wrapper\">\n                <div class=\"container\">\n                    <div class=\"inner_pavilion_icons\">\n                                                                            <h3>Ausr\u00fcstung im Pavillon<\/h3>\n                                                <div class=\"pavi_content_devider\">\n                                                            <div class=\"pavi_cont_left\">\n                                    <ul class=\"ecl_pavi\">\n                                                                                                                                 <li>\n                                                <div class=\"pcrt_icon\">\n                                                    <img decoding=\"async\" src=\"https:\/\/cret-berard.ch\/wp-content\/uploads\/2021\/03\/ece1.png\" \/>\n                                                <\/div>\n                                                                                                    <div class=\"pcrt_right_cont\"><p>1 Aufenthaltsraum mit Chemin\u00e9e und Klavier (dient als Speisesaal f\u00fcr bis zu 35 Personen)<\/p>\n<\/div>\n                                                                                            <\/li>\n                                                                                                                                 <li>\n                                                <div class=\"pcrt_icon\">\n                                                    <img decoding=\"async\" src=\"https:\/\/cret-berard.ch\/wp-content\/uploads\/2021\/03\/ece2.png\" \/>\n                                                <\/div>\n                                                                                                    <div class=\"pcrt_right_cont\"><p>1 Arbeitsraum f\u00fcr 10 Personen<\/p>\n<\/div>\n                                                                                            <\/li>\n                                                                                                                                 <li>\n                                                <div class=\"pcrt_icon\">\n                                                    <img decoding=\"async\" src=\"https:\/\/cret-berard.ch\/wp-content\/uploads\/2021\/03\/ece3.png\" \/>\n                                                <\/div>\n                                                                                                    <div class=\"pcrt_right_cont\"><p>1 eingerichtete K\u00fcche mit Sp\u00fclmaschine und Ausstattung f\u00fcr bis zu 35 Personen<\/p>\n<\/div>\n                                                                                            <\/li>\n                                                                            <\/ul>\n                                <\/div>\n                            \n                                                            <div class=\"pavi_cont_right\">\n                                    <ul class=\"ecl_pavi\">\n                                                                                                                                 <li>\n                                                <div class=\"pcrt_icon\">\n                                                    <img decoding=\"async\" src=\"https:\/\/cret-berard.ch\/wp-content\/uploads\/2021\/03\/ece4-1.png\" \/>\n                                                <\/div>\n                                                                                                    <div class=\"pcrt_right_cont\"><p>2 separate Sanit\u00e4ranlagen mit Duschen und 2\u00d72 WC<\/p>\n<\/div>\n                                                                                            <\/li>\n                                                                                                                                 <li>\n                                                <div class=\"pcrt_icon\">\n                                                    <img decoding=\"async\" src=\"https:\/\/cret-berard.ch\/wp-content\/uploads\/2021\/03\/ece5-1.png\" \/>\n                                                <\/div>\n                                                                                                    <div class=\"pcrt_right_cont\"><p>3 Schlafr\u00e4ume, 24 Stockbetten: 10, 8, 6<\/p>\n<\/div>\n                                                                                            <\/li>\n                                                                                                                                 <li>\n                                                <div class=\"pcrt_icon\">\n                                                    <img decoding=\"async\" src=\"https:\/\/cret-berard.ch\/wp-content\/uploads\/2021\/03\/ece6.png\" \/>\n                                                <\/div>\n                                                                                                    <div class=\"pcrt_right_cont\"><p>1 Zweibettzimmer<\/p>\n<\/div>\n                                                                                            <\/li>\n                                                                            <\/ul>\n                                <\/div>\n                                                    <\/div>\n                    <\/div>\n\n                <\/div>\n            <\/section>\n            \n\n    \n\n<div class=\"single_scrilltop_wrapper\">\n    <div class=\"container\">\n        <div class=\"scrolltoptop_wrapper\">\n            <a href=\"javascript:\" id=\"return-to-top\">\n                <span class=\"arrow_up\"><\/span>\n                \t            \t\t<span class=\"scroller_content\">zur\u00fcck nach oben<\/span>\n\t\t\t\t\t                <!-- <span class=\"scroller_content\">retourner en haut<\/span> -->\n            <\/a>\n        <\/div>\n    <\/div>\n<\/div>","protected":false},"excerpt":{"rendered":"","protected":false},"author":1,"featured_media":0,"parent":0,"menu_order":0,"comment_status":"closed","ping_status":"closed","template":"templates\/cms-template.php","meta":{"_acf_changed":false,"inline_featured_image":false,"footnotes":""},"class_list":["post-2817","page","type-page","status-publish","hentry"],"acf":[],"yoast_head":"<!-- This site is optimized with the Yoast SEO plugin v26.7 - https:\/\/yoast.com\/wordpress\/plugins\/seo\/ -->\n<title>Pavillion - cretberard<\/title>\n<meta name=\"robots\" content=\"index, follow, max-snippet:-1, max-image-preview:large, max-video-preview:-1\" \/>\n<link rel=\"canonical\" href=\"https:\/\/cret-berard.ch\/de\/pavillion\/\" \/>\n<meta property=\"og:locale\" content=\"de_DE\" \/>\n<meta property=\"og:type\" content=\"article\" \/>\n<meta property=\"og:title\" content=\"Pavillion - cretberard\" \/>\n<meta property=\"og:url\" content=\"https:\/\/cret-berard.ch\/de\/pavillion\/\" \/>\n<meta property=\"og:site_name\" content=\"cretberard\" \/>\n<meta property=\"article:modified_time\" content=\"2021-05-24T15:20:06+00:00\" \/>\n<meta name=\"twitter:card\" content=\"summary_large_image\" \/>\n<script type=\"application\/ld+json\" class=\"yoast-schema-graph\">{\"@context\":\"https:\/\/schema.org\",\"@graph\":[{\"@type\":\"WebPage\",\"@id\":\"https:\/\/cret-berard.ch\/de\/pavillion\/\",\"url\":\"https:\/\/cret-berard.ch\/de\/pavillion\/\",\"name\":\"Pavillion - cretberard\",\"isPartOf\":{\"@id\":\"https:\/\/cret-berard.ch\/#website\"},\"datePublished\":\"2021-03-26T06:52:48+00:00\",\"dateModified\":\"2021-05-24T15:20:06+00:00\",\"breadcrumb\":{\"@id\":\"https:\/\/cret-berard.ch\/de\/pavillion\/#breadcrumb\"},\"inLanguage\":\"de\",\"potentialAction\":[{\"@type\":\"ReadAction\",\"target\":[\"https:\/\/cret-berard.ch\/de\/pavillion\/\"]}]},{\"@type\":\"BreadcrumbList\",\"@id\":\"https:\/\/cret-berard.ch\/de\/pavillion\/#breadcrumb\",\"itemListElement\":[{\"@type\":\"ListItem\",\"position\":1,\"name\":\"Accueil\",\"item\":\"https:\/\/cret-berard.ch\/de\/\"},{\"@type\":\"ListItem\",\"position\":2,\"name\":\"Pavillion\"}]},{\"@type\":\"WebSite\",\"@id\":\"https:\/\/cret-berard.ch\/#website\",\"url\":\"https:\/\/cret-berard.ch\/\",\"name\":\"cretberard\",\"description\":\"Just another WordPress site\",\"potentialAction\":[{\"@type\":\"SearchAction\",\"target\":{\"@type\":\"EntryPoint\",\"urlTemplate\":\"https:\/\/cret-berard.ch\/?s={search_term_string}\"},\"query-input\":{\"@type\":\"PropertyValueSpecification\",\"valueRequired\":true,\"valueName\":\"search_term_string\"}}],\"inLanguage\":\"de\"}]}<\/script>\n<!-- \/ Yoast SEO plugin. -->","yoast_head_json":{"title":"Pavillion - cretberard","robots":{"index":"index","follow":"follow","max-snippet":"max-snippet:-1","max-image-preview":"max-image-preview:large","max-video-preview":"max-video-preview:-1"},"canonical":"https:\/\/cret-berard.ch\/de\/pavillion\/","og_locale":"de_DE","og_type":"article","og_title":"Pavillion - cretberard","og_url":"https:\/\/cret-berard.ch\/de\/pavillion\/","og_site_name":"cretberard","article_modified_time":"2021-05-24T15:20:06+00:00","twitter_card":"summary_large_image","schema":{"@context":"https:\/\/schema.org","@graph":[{"@type":"WebPage","@id":"https:\/\/cret-berard.ch\/de\/pavillion\/","url":"https:\/\/cret-berard.ch\/de\/pavillion\/","name":"Pavillion - cretberard","isPartOf":{"@id":"https:\/\/cret-berard.ch\/#website"},"datePublished":"2021-03-26T06:52:48+00:00","dateModified":"2021-05-24T15:20:06+00:00","breadcrumb":{"@id":"https:\/\/cret-berard.ch\/de\/pavillion\/#breadcrumb"},"inLanguage":"de","potentialAction":[{"@type":"ReadAction","target":["https:\/\/cret-berard.ch\/de\/pavillion\/"]}]},{"@type":"BreadcrumbList","@id":"https:\/\/cret-berard.ch\/de\/pavillion\/#breadcrumb","itemListElement":[{"@type":"ListItem","position":1,"name":"Accueil","item":"https:\/\/cret-berard.ch\/de\/"},{"@type":"ListItem","position":2,"name":"Pavillion"}]},{"@type":"WebSite","@id":"https:\/\/cret-berard.ch\/#website","url":"https:\/\/cret-berard.ch\/","name":"cretberard","description":"Just another WordPress site","potentialAction":[{"@type":"SearchAction","target":{"@type":"EntryPoint","urlTemplate":"https:\/\/cret-berard.ch\/?s={search_term_string}"},"query-input":{"@type":"PropertyValueSpecification","valueRequired":true,"valueName":"search_term_string"}}],"inLanguage":"de"}]}},"_links":{"self":[{"href":"https:\/\/cret-berard.ch\/de\/wp-json\/wp\/v2\/pages\/2817","targetHints":{"allow":["GET"]}}],"collection":[{"href":"https:\/\/cret-berard.ch\/de\/wp-json\/wp\/v2\/pages"}],"about":[{"href":"https:\/\/cret-berard.ch\/de\/wp-json\/wp\/v2\/types\/page"}],"author":[{"embeddable":true,"href":"https:\/\/cret-berard.ch\/de\/wp-json\/wp\/v2\/users\/1"}],"replies":[{"embeddable":true,"href":"https:\/\/cret-berard.ch\/de\/wp-json\/wp\/v2\/comments?post=2817"}],"version-history":[{"count":40,"href":"https:\/\/cret-berard.ch\/de\/wp-json\/wp\/v2\/pages\/2817\/revisions"}],"predecessor-version":[{"id":6988,"href":"https:\/\/cret-berard.ch\/de\/wp-json\/wp\/v2\/pages\/2817\/revisions\/6988"}],"wp:attachment":[{"href":"https:\/\/cret-berard.ch\/de\/wp-json\/wp\/v2\/media?parent=2817"}],"curies":[{"name":"wp","href":"https:\/\/api.w.org\/{rel}","templated":true}]}}