{"id":2830,"date":"2021-03-24T07:33:42","date_gmt":"2021-03-24T07:33:42","guid":{"rendered":"http:\/\/cretberard.ch\/restauration\/"},"modified":"2021-05-31T09:17:49","modified_gmt":"2021-05-31T09:17:49","slug":"restauration","status":"publish","type":"page","link":"https:\/\/cret-berard.ch\/de\/restauration\/","title":{"rendered":"Restauration"},"content":{"rendered":"<section\n    class=\"banner_wrapper_innerpage bg-img4 parallax\"\n    style=\"\n        background-image: url('https:\/\/cret-berard.ch\/wp-content\/uploads\/2021\/03\/viande.jpg');\n        background-size: cover;\n        background-repeat: no-repeat;\n        background-attachment: fixed;\n        background-position: center -135px;\">\n    <div class=\"banner_overlay_innerpage\">\n    \t    \t\t\t\t\t <div class=\"return_grard inerpage_back\">\n                    <!--<a href=\"#\" class=\"close_ban_modal\" >\n                        <i class=\"icon-back\"><\/i> retour\n                    <\/a>-->\n\t\t\t\t\t\t            \t\t<button class=\"close_ban_modal\" onclick=\"goBack()\" > <i class=\"icon-back\"><\/i> zur\u00fcck <\/button>\n\t\t\t\t\t\t\t\t\t<\/div>\n    \t            <\/div>\n<\/section>\n\t<section class=\"wrapper_for_banner_content\" style=\"\">\n\t    <div class=\"container\">\n\t        <div class=\"inner_banner_container\">\n\t            <div class=\"ban_content\">\n\t            \t\t                \t<h1>Restaurationsbereich<\/h1>\n\t            \t\t            \t\t                \t<p class=\"mob_bold\">Das Cr\u00eat-B\u00e9rard empf\u00e4ngt seine G\u00e4ste in seinem gro\u00dfen Speisesaal, der bis zu 170 Personen Platz bietet. Besondere Sorgfalt wird auf die Drei-G\u00e4nge-Men\u00fcs verwendet. Das Fr\u00fchst\u00fcck wird als Buffet serviert. Das Abendessen ist leichter und wird auf einer Platte, einem Buffet oder einem Teller serviert. <\/p>\n\t                \t                \t            <\/div>\n\t        <\/div>\n\t    <\/div>\n\t<\/section>\n<style>\n    b, strong {\n    font-weight: 500;\n}\n    <\/style>\n\n<section class=\"rooms_list_wrapper\">\n        \t    <div class=\"container\">\n        \t        <div class=\"restro_snapping\">\n            \t            <div class=\"snapping_left\">\n\t                <div class=\"left_restro_img\">\n\t                    <img decoding=\"async\" src=\"https:\/\/cret-berard.ch\/wp-content\/uploads\/2021\/03\/CB18-080-Edit-W.jpg\" \/>\n\t                <\/div>\n\t            <\/div>\n                \t            <div class=\"snapping_right\">\n\t                <div class=\"restro_content_right\">\n\t                    <div class=\"panel_pevelion_contentct\">\n                        \t                        <h2>Eine gesunde und gute K\u00fcche<\/h2>\n                                                        \t                        <div class=\"emore\" id=\"tab1\">\n\t                        \t<div class=\"banqe_few_content\">\n\t                        \t\t                                    <p class=\"p-500\"><p>Egal, ob Sie uns f\u00fcr ein Seminar, eine Aktivit\u00e4t oder einen Aufenthalt beehren, unser Restaurationsbereich heisst Sie jeden Tag zu den gegebenen Essenszeiten des Hauses willkommen.<br \/>\nDas Tage&#8230;<\/p>\n\t                        \t<\/div>\n\t                        \t<div class=\"banqe_details_content\">\n\t                        \t\t <p>Egal, ob Sie uns f\u00fcr ein Seminar, eine Aktivit\u00e4t oder einen Aufenthalt beehren, unser Restaurationsbereich heisst Sie jeden Tag zu den gegebenen Essenszeiten des Hauses willkommen.<br \/>\nDas Tagesmen\u00fc (Vorspeise, Hauptgang und Dessert) wird Ihnen in Form eines B\u00fcffets serviert, eine Getr\u00e4nkekarte ist auf Nachfrage verf\u00fcgbar.<br \/>\nAuf Vorbestellung ber\u00fccksichtigen wir bestimmte  Lebensmittelunvertr\u00e4glichkeiten und Essensw\u00fcnsche. <\/p>\n\t                        \t<\/div>\t                           \n\t                        <\/div>\n                            \t                        <a href=\"javascript:void(0);\" class=\"morelink more_link_banquate\" data-attrib=\"tab1\"><span><\/span><\/a>\n\t                    <\/div>\n\t                    <div class=\"contact_info_wrapper restro_info\">\n\t                    \t                            \n\t                    \t\t                    \t\n\t                       \n\t                    \t\t                     \n\t                        \t                    <\/div>\n\t                <\/div>\n\t            <\/div>\n\t        <\/div>\n\t    <\/div>\n            \t<\/section>\n    \n\n<section class=\"wifi_section\">\n\t    <div class=\"container\">\n\t        <div class=\"wifi_inner_panel\">\n                \t        \t\t<div class=\"wifi_left_icon\">\n\t\t                <ul>\n\t\t                \t                                \t\t\t\t\t\t\t\t\t<li><img decoding=\"async\" src=\"https:\/\/cret-berard.ch\/wp-content\/uploads\/2021\/03\/rest1.jpg\"><\/li>\n\t\t                \t                                \t\t\t\t\t\t\t\t\t<li><img decoding=\"async\" src=\"https:\/\/cret-berard.ch\/wp-content\/uploads\/2021\/04\/rest2.jpg\"><\/li>\n\t\t                \t                                \t\t\t\t\t\t\t\t\t<li><img decoding=\"async\" src=\"https:\/\/cret-berard.ch\/wp-content\/uploads\/2021\/04\/rest3.jpg\"><\/li>\n\t\t                \t\t\t                <\/ul>\n\t            \t<\/div>\n                \t           \n\t            <div class=\"wifi_right_content\">\n\t                <h3>Wir nehmen auf Ihre Lebensmittelallergien R\u00fccksicht!<\/h3>\n\t                <p><p>Geben Sie bestimmte Di\u00e4ten, Allergien oder Unvertr\u00e4glichkeit bitte sp\u00e4testens am Tag Ihrer Ankunft an, damit wir die Men\u00fcs entsprechend anpassen k\u00f6nnen.<\/p>\n<\/p>\n\t            <\/div>\n\t        \n\t        <\/div>\n\t    <\/div>\n\t<\/section>\n\n<div class=\"single_scrilltop_wrapper\">\n    <div class=\"container\">\n        <div class=\"scrolltoptop_wrapper\">\n            <a href=\"javascript:\" id=\"return-to-top\">\n                <span class=\"arrow_up\"><\/span>\n                \t            \t\t<span class=\"scroller_content\">zur\u00fcck nach oben<\/span>\n\t\t\t\t\t                <!-- <span class=\"scroller_content\">retourner en haut<\/span> -->\n            <\/a>\n        <\/div>\n    <\/div>\n<\/div>","protected":false},"excerpt":{"rendered":"","protected":false},"author":1,"featured_media":0,"parent":0,"menu_order":0,"comment_status":"closed","ping_status":"closed","template":"templates\/cms-template.php","meta":{"_acf_changed":false,"inline_featured_image":false,"footnotes":""},"class_list":["post-2830","page","type-page","status-publish","hentry"],"acf":[],"yoast_head":"<!-- This site is optimized with the Yoast SEO plugin v26.7 - https:\/\/yoast.com\/wordpress\/plugins\/seo\/ -->\n<title>Restauration - cretberard<\/title>\n<meta name=\"robots\" content=\"index, follow, max-snippet:-1, max-image-preview:large, max-video-preview:-1\" \/>\n<link rel=\"canonical\" href=\"https:\/\/cret-berard.ch\/de\/restauration\/\" \/>\n<meta property=\"og:locale\" content=\"de_DE\" \/>\n<meta property=\"og:type\" content=\"article\" \/>\n<meta property=\"og:title\" content=\"Restauration - cretberard\" \/>\n<meta property=\"og:url\" content=\"https:\/\/cret-berard.ch\/de\/restauration\/\" \/>\n<meta property=\"og:site_name\" content=\"cretberard\" \/>\n<meta property=\"article:modified_time\" content=\"2021-05-31T09:17:49+00:00\" \/>\n<meta name=\"twitter:card\" content=\"summary_large_image\" \/>\n<script type=\"application\/ld+json\" class=\"yoast-schema-graph\">{\"@context\":\"https:\/\/schema.org\",\"@graph\":[{\"@type\":\"WebPage\",\"@id\":\"https:\/\/cret-berard.ch\/de\/restauration\/\",\"url\":\"https:\/\/cret-berard.ch\/de\/restauration\/\",\"name\":\"Restauration - cretberard\",\"isPartOf\":{\"@id\":\"https:\/\/cret-berard.ch\/#website\"},\"datePublished\":\"2021-03-24T07:33:42+00:00\",\"dateModified\":\"2021-05-31T09:17:49+00:00\",\"breadcrumb\":{\"@id\":\"https:\/\/cret-berard.ch\/de\/restauration\/#breadcrumb\"},\"inLanguage\":\"de\",\"potentialAction\":[{\"@type\":\"ReadAction\",\"target\":[\"https:\/\/cret-berard.ch\/de\/restauration\/\"]}]},{\"@type\":\"BreadcrumbList\",\"@id\":\"https:\/\/cret-berard.ch\/de\/restauration\/#breadcrumb\",\"itemListElement\":[{\"@type\":\"ListItem\",\"position\":1,\"name\":\"Accueil\",\"item\":\"https:\/\/cret-berard.ch\/de\/\"},{\"@type\":\"ListItem\",\"position\":2,\"name\":\"Restauration\"}]},{\"@type\":\"WebSite\",\"@id\":\"https:\/\/cret-berard.ch\/#website\",\"url\":\"https:\/\/cret-berard.ch\/\",\"name\":\"cretberard\",\"description\":\"Just another WordPress site\",\"potentialAction\":[{\"@type\":\"SearchAction\",\"target\":{\"@type\":\"EntryPoint\",\"urlTemplate\":\"https:\/\/cret-berard.ch\/?s={search_term_string}\"},\"query-input\":{\"@type\":\"PropertyValueSpecification\",\"valueRequired\":true,\"valueName\":\"search_term_string\"}}],\"inLanguage\":\"de\"}]}<\/script>\n<!-- \/ Yoast SEO plugin. -->","yoast_head_json":{"title":"Restauration - cretberard","robots":{"index":"index","follow":"follow","max-snippet":"max-snippet:-1","max-image-preview":"max-image-preview:large","max-video-preview":"max-video-preview:-1"},"canonical":"https:\/\/cret-berard.ch\/de\/restauration\/","og_locale":"de_DE","og_type":"article","og_title":"Restauration - cretberard","og_url":"https:\/\/cret-berard.ch\/de\/restauration\/","og_site_name":"cretberard","article_modified_time":"2021-05-31T09:17:49+00:00","twitter_card":"summary_large_image","schema":{"@context":"https:\/\/schema.org","@graph":[{"@type":"WebPage","@id":"https:\/\/cret-berard.ch\/de\/restauration\/","url":"https:\/\/cret-berard.ch\/de\/restauration\/","name":"Restauration - cretberard","isPartOf":{"@id":"https:\/\/cret-berard.ch\/#website"},"datePublished":"2021-03-24T07:33:42+00:00","dateModified":"2021-05-31T09:17:49+00:00","breadcrumb":{"@id":"https:\/\/cret-berard.ch\/de\/restauration\/#breadcrumb"},"inLanguage":"de","potentialAction":[{"@type":"ReadAction","target":["https:\/\/cret-berard.ch\/de\/restauration\/"]}]},{"@type":"BreadcrumbList","@id":"https:\/\/cret-berard.ch\/de\/restauration\/#breadcrumb","itemListElement":[{"@type":"ListItem","position":1,"name":"Accueil","item":"https:\/\/cret-berard.ch\/de\/"},{"@type":"ListItem","position":2,"name":"Restauration"}]},{"@type":"WebSite","@id":"https:\/\/cret-berard.ch\/#website","url":"https:\/\/cret-berard.ch\/","name":"cretberard","description":"Just another WordPress site","potentialAction":[{"@type":"SearchAction","target":{"@type":"EntryPoint","urlTemplate":"https:\/\/cret-berard.ch\/?s={search_term_string}"},"query-input":{"@type":"PropertyValueSpecification","valueRequired":true,"valueName":"search_term_string"}}],"inLanguage":"de"}]}},"_links":{"self":[{"href":"https:\/\/cret-berard.ch\/de\/wp-json\/wp\/v2\/pages\/2830","targetHints":{"allow":["GET"]}}],"collection":[{"href":"https:\/\/cret-berard.ch\/de\/wp-json\/wp\/v2\/pages"}],"about":[{"href":"https:\/\/cret-berard.ch\/de\/wp-json\/wp\/v2\/types\/page"}],"author":[{"embeddable":true,"href":"https:\/\/cret-berard.ch\/de\/wp-json\/wp\/v2\/users\/1"}],"replies":[{"embeddable":true,"href":"https:\/\/cret-berard.ch\/de\/wp-json\/wp\/v2\/comments?post=2830"}],"version-history":[{"count":13,"href":"https:\/\/cret-berard.ch\/de\/wp-json\/wp\/v2\/pages\/2830\/revisions"}],"predecessor-version":[{"id":7170,"href":"https:\/\/cret-berard.ch\/de\/wp-json\/wp\/v2\/pages\/2830\/revisions\/7170"}],"wp:attachment":[{"href":"https:\/\/cret-berard.ch\/de\/wp-json\/wp\/v2\/media?parent=2830"}],"curies":[{"name":"wp","href":"https:\/\/api.w.org\/{rel}","templated":true}]}}