{"id":2860,"date":"2021-03-30T13:52:08","date_gmt":"2021-03-30T13:52:08","guid":{"rendered":"http:\/\/cretberard.ch\/salles_1st\/"},"modified":"2021-05-18T08:17:30","modified_gmt":"2021-05-18T08:17:30","slug":"salles_1st","status":"publish","type":"page","link":"https:\/\/cret-berard.ch\/de\/salles_1st\/","title":{"rendered":"Salles_1st"},"content":{"rendered":"<section\n    class=\"banner_wrapper_innerpage bg-img4 parallax\"\n    style=\"\n        background-image: url('https:\/\/cret-berard.ch\/wp-content\/uploads\/2021\/05\/GS-4.jpg');\n        background-size: cover;\n        background-repeat: no-repeat;\n        background-attachment: fixed;\n        background-position: center -135px;\">\n    <div class=\"banner_overlay_innerpage\">\n    \t    \t\t\t\t\t <div class=\"return_grard inerpage_back\">\n                    <!--<a href=\"#\" class=\"close_ban_modal\" >\n                        <i class=\"icon-back\"><\/i> retour\n                    <\/a>-->\n\t\t\t\t\t\t            \t\t<button class=\"close_ban_modal\" onclick=\"goBack()\" > <i class=\"icon-back\"><\/i> zur\u00fcck <\/button>\n\t\t\t\t\t\t\t\t\t<\/div>\n    \t        \t        <div class=\"return_grard_bottom\">\n\t            <a href=\"#\" class=\"close_ban_inner_page\" data-toggle=\"modal\" data-target=\"#banner_photogallery\">\n\t                <i class=\"icon-right-arrow1\"><\/i>\n\t            <\/a>\n\t            \n\t        <\/div>\n            <\/div>\n<\/section>\n\t<section class=\"wrapper_for_banner_content\" style=\"\">\n\t    <div class=\"container\">\n\t        <div class=\"inner_banner_container\">\n\t            <div class=\"ban_content\">\n\t            \t\t                \t<h1>Seminare<\/h1>\n\t            \t\t            \t\t                \t<p>Organisieren Sie Ihr Seminar in einem unserer Konferenzr\u00e4ume und profitieren Sie von einer guten Atmosph\u00e4re, die Reflexion, Austausch und Kreativit\u00e4t beg\u00fcnstigt. Ihre Seminare werden durch eine gute K\u00fcche und bei Bedarf durch gepflegte Unterk\u00fcnfte bereichert.<\/p>\n\t                \t                \t                \t<div class=\"page_banner_btn_bay\">\n\t\t\t\t\t\t    <div class=\"inner_banner_btn_bay\">\n\t\t\t\t\t\t    \t\t\t\t\t\t\t    \t\t\t\t\t\t\t\t    \t\t<div class=\"cng_btn_col\">\n\t\t\t\t\t\t\t            <a href=\"https:\/\/cret-berard.ch\/wp-content\/uploads\/2021\/05\/Seminaires_Cret-Berard_2021_opt.pdf\" target=\"_blank\" class=\"btn_orange\">Brosch\u00fcre herunterladen<\/a>\n\t\t\t\t\t\t\t        <\/div>\n\t\t\t\t\t\t    \t\t\t\t\t\t\t    \t\t\t\t\t\t\t\t    \t\t<div class=\"cng_btn_col\">\n\t\t\t\t\t\t\t            <a href=\"https:\/\/cret-berard.ch\/wp-content\/uploads\/2021\/05\/ForfaitsSeminaires_CretBerard.pdf\" target=\"_blank\" class=\"btn_orange\">Unsere Pauschalpreise<\/a>\n\t\t\t\t\t\t\t        <\/div>\n\t\t\t\t\t\t    \t\t\t\t\t\t\t    \t\t\t\t\t\t\t\t    \t\t<div class=\"cng_btn_col\">\n\t\t\t\t\t\t\t            <a href=\"https:\/\/cret-berard.ch\/wp-content\/uploads\/2021\/05\/Salles_CretBerard_1clinDoeil.pdf\" target=\"_blank\" class=\"btn_orange\">Alle unsere S\u00e4le<\/a>\n\t\t\t\t\t\t\t        <\/div>\n\t\t\t\t\t\t    \t\t\t\t\t\t\t    <\/div>\n\t\t\t\t\t\t<\/div>\n                \t\t            <\/div>\n\t        <\/div>\n\t    <\/div>\n\t<\/section>\n\t<div class=\"modal fade banner_photogallery\" id=\"banner_photogallery\" tabindex=\"-1\" role=\"dialog\" aria-labelledby=\"myLargeModalLabel\" aria-hidden=\"true\">\n\t    <div class=\"return_grard\">\n\t        <button type=\"button\" class=\"close_ban_modal\" data-dismiss=\"modal\" aria-label=\"Close\"><i class=\"icon-back\"><\/i> retour<\/button>\n\t    <\/div>\n\t    <div class=\"modal-dialog modal-dialog-centered\">\n\t        <div class=\"modal-content\">\n\t            <div class=\"modal-body banabsolute\">\n\t                <div class=\"slider owl-carousel owl-theme\">\n\t                \t\t\t            \t\t\t\t            \t\t<div class=\"item\">\n\t\t\t\t\t\t\t    <div class=\"remo_slider_box\">\n\t\t\t\t\t\t\t        <img decoding=\"async\" src=\"https:\/\/cret-berard.ch\/wp-content\/uploads\/2021\/05\/Clocher-opt.jpg\" \/>\n\t\t\t\t\t\t\t    <\/div>\n\t\t\t\t\t\t\t<\/div>\n\t\t            \t\t\t            \t\t\t\t            \t\t<div class=\"item\">\n\t\t\t\t\t\t\t    <div class=\"remo_slider_box\">\n\t\t\t\t\t\t\t        <img decoding=\"async\" src=\"https:\/\/cret-berard.ch\/wp-content\/uploads\/2021\/05\/Foyer-opt.jpg\" \/>\n\t\t\t\t\t\t\t    <\/div>\n\t\t\t\t\t\t\t<\/div>\n\t\t            \t\t\t            \t\t\t\t            \t\t<div class=\"item\">\n\t\t\t\t\t\t\t    <div class=\"remo_slider_box\">\n\t\t\t\t\t\t\t        <img decoding=\"async\" src=\"https:\/\/cret-berard.ch\/wp-content\/uploads\/2021\/05\/Veranda-opt.jpg\" \/>\n\t\t\t\t\t\t\t    <\/div>\n\t\t\t\t\t\t\t<\/div>\n\t\t            \t\t\t            \t\t\t\t            \t\t<div class=\"item\">\n\t\t\t\t\t\t\t    <div class=\"remo_slider_box\">\n\t\t\t\t\t\t\t        <img decoding=\"async\" src=\"https:\/\/cret-berard.ch\/wp-content\/uploads\/2021\/05\/Veranda-2-opt.jpg\" \/>\n\t\t\t\t\t\t\t    <\/div>\n\t\t\t\t\t\t\t<\/div>\n\t\t            \t\t                <\/div>\n\t                <div class=\"slider-counter\"><\/div>\n\t            <\/div>\n\t        <\/div>\n\t    <\/div>\n\t<\/div>\n<style>\n    b, strong {\n    font-weight: 500;\n}\n    <\/style>\n\n\t\t\t\t\t\t\t\t\t\t\t\t\t<section class=\"traditional_perf_wrapper\">\n\t\t\t    <div class=\"container\">\n\t\t\t        <div class=\"trd_perf_inner_wrapper\">\n\t\t\t\t\t\t<h2>Tradition &#038; Leistung<\/h2>\n<p>Unsere 15 Seminarr\u00e4ume bieten Platz f\u00fcr 5 bis 170 Personen und verf\u00fcgen \u00fcber die \u00fcblichen Seminarausstattungen. Die Sch\u00f6nheit und der Tagesrythmus unseres Hauses erm\u00f6glichen Erfolg und Wohlbefinden.<\/p>\n<p>Standardausstattung eines Saals: Tische und St\u00fchle, installierte Beamer oder TV-\/LCD-Bildschirme, Flipchart und\/oder Whiteboard, Konferenzbl\u00f6cke und Kugelschreiber, WiFi (ausser im Glockenturm, in der Bibliothek und im Pavillon), Magnetband an den W\u00e4nden. Auf Wunsch sind Stehpult, Mikrofone, Yogamatten und anderes Semainarmaterial verf\u00fcgbar.<\/p>\n\t\t\t\t\t<\/div>\n\t\t\t\t<\/div>\n\t\t\t<\/section>\n\t\t\t\t\t\t\n\n<section class=\"sorting_wrapper salles_list_page\"> \n    <div class=\"container\">\n        <div class=\"sorting_inner_panel\">\n            <div class=\"sorting_input_row\">\n                <div class=\"sorting_input_col\">\n                    <div class=\"drop_select\">\n                        <select id=\"number_of_persons\">\n                            <option value=\"\">Personenzahl<\/option>\n                            <option value=\"&lt;10\">&lt;10<\/option>\n                            <option value=\"10-20\">10 zu 20<\/option>\n                            <option value=\"21-30\">21 zu 30<\/option>\n                            <option value=\"&gt;30\">&gt;30<\/option>\n                        <\/select>\n                        <div class=\"reset-filter\"><a href=\"javascript:void(0);\" title=\"Reset This Field\" class=\"reset-filter-link\" id=\"number_of_persons-remove-filter\"><i class=\"icon-cancel\"><\/i><\/a><\/div>\n                    <\/div>\n                <\/div>\n                <div class=\"sorting_input_col\">\n                    <div class=\"drop_select center_clip\">\n                        <select id=\"salles_category\">\n                            <option value=\"\">gew\u00fcnschte Implementierung<\/option>\n                            <option value=\"54\">Blocktafel<\/option><option value=\"56\">Schule<\/option><option value=\"58\">Theaterbestuhlung<\/option><option value=\"117\">U-Form<\/option>                        <\/select>\n                        <div class=\"reset-filter\"><a href=\"javascript:void(0);\" title=\"Reset This Field\" class=\"reset-filter-link\" id=\"salles_category-remove-filter\"><i class=\"icon-cancel\"><\/i><\/a><\/div>\n                    <\/div>                    \n                <\/div>\n                <div class=\"sorting_input_col\">\n                    <div class=\"drp_search right_clip\">\n                        <input type=\"text\" placeholder=\"Suche\" id=\"salles_search_text\">\n                        <button id=\"search-salles\" class=\"btn\"><span class=\"icon-magnifiying-glass \"><\/span><\/button>\n                        <div class=\"reset-filter\"><a href=\"javascript:void(0);\" title=\"Reset This Field\" class=\"reset-filter-link\" id=\"salles_search_text-remove-filter\"><i class=\"icon-cancel\"><\/i><\/a><\/div>\n                    <\/div>\n                <\/div>\n            <\/div>\n        <\/div>\n    <\/div>\n<\/section>\n<section class=\"rooms_list_wrapper salles-data-section\">\n    <div class=\"container\">\n        <div class=\"loader\" style=\"display: none;text-align: center;\"><img decoding=\"async\" src=\"https:\/\/cret-berard.ch\/wp-content\/themes\/cretberard\/assets\/images\/loader.gif\"><\/div>\n        \n        <div class=\"rooms_innler_listing\">\n            <div class=\"row\" id=\"salles-data-container\"><\/div>\n        <\/div>\n        <div class=\"pagination salles-pagination\" id=\"salles-pagination\">\n            <input type=\"hidden\" value=\"20\" id=\"salles-per-page\">\n        <\/div>\n        <input type=\"hidden\" value=\"de\" id=\"current-language-code\">\n    <\/div>\n<\/section>\n<style>\n    b, strong {\n    font-weight: 500;\n}\n    <\/style>\n\n<div class=\"single_scrilltop_wrapper\">\n    <div class=\"container\">\n        <div class=\"scrolltoptop_wrapper\">\n            <a href=\"javascript:\" id=\"return-to-top\">\n                <span class=\"arrow_up\"><\/span>\n                \t            \t\t<span class=\"scroller_content\">zur\u00fcck nach oben<\/span>\n\t\t\t\t\t                <!-- <span class=\"scroller_content\">retourner en haut<\/span> -->\n            <\/a>\n        <\/div>\n    <\/div>\n<\/div>","protected":false},"excerpt":{"rendered":"","protected":false},"author":1,"featured_media":0,"parent":0,"menu_order":0,"comment_status":"closed","ping_status":"closed","template":"templates\/cms-template.php","meta":{"_acf_changed":false,"inline_featured_image":false,"footnotes":""},"class_list":["post-2860","page","type-page","status-publish","hentry"],"acf":[],"yoast_head":"<!-- This site is optimized with the Yoast SEO plugin v26.7 - https:\/\/yoast.com\/wordpress\/plugins\/seo\/ -->\n<title>Salles_1st - cretberard<\/title>\n<meta name=\"robots\" content=\"index, follow, max-snippet:-1, max-image-preview:large, max-video-preview:-1\" \/>\n<link rel=\"canonical\" href=\"https:\/\/cret-berard.ch\/de\/salles_1st\/\" \/>\n<meta property=\"og:locale\" content=\"de_DE\" \/>\n<meta property=\"og:type\" content=\"article\" \/>\n<meta property=\"og:title\" content=\"Salles_1st - cretberard\" \/>\n<meta property=\"og:url\" content=\"https:\/\/cret-berard.ch\/de\/salles_1st\/\" \/>\n<meta property=\"og:site_name\" content=\"cretberard\" \/>\n<meta property=\"article:modified_time\" content=\"2021-05-18T08:17:30+00:00\" \/>\n<meta name=\"twitter:card\" content=\"summary_large_image\" \/>\n<script type=\"application\/ld+json\" class=\"yoast-schema-graph\">{\"@context\":\"https:\/\/schema.org\",\"@graph\":[{\"@type\":\"WebPage\",\"@id\":\"https:\/\/cret-berard.ch\/de\/salles_1st\/\",\"url\":\"https:\/\/cret-berard.ch\/de\/salles_1st\/\",\"name\":\"Salles_1st - cretberard\",\"isPartOf\":{\"@id\":\"https:\/\/cret-berard.ch\/#website\"},\"datePublished\":\"2021-03-30T13:52:08+00:00\",\"dateModified\":\"2021-05-18T08:17:30+00:00\",\"breadcrumb\":{\"@id\":\"https:\/\/cret-berard.ch\/de\/salles_1st\/#breadcrumb\"},\"inLanguage\":\"de\",\"potentialAction\":[{\"@type\":\"ReadAction\",\"target\":[\"https:\/\/cret-berard.ch\/de\/salles_1st\/\"]}]},{\"@type\":\"BreadcrumbList\",\"@id\":\"https:\/\/cret-berard.ch\/de\/salles_1st\/#breadcrumb\",\"itemListElement\":[{\"@type\":\"ListItem\",\"position\":1,\"name\":\"Accueil\",\"item\":\"https:\/\/cret-berard.ch\/de\/\"},{\"@type\":\"ListItem\",\"position\":2,\"name\":\"Salles_1st\"}]},{\"@type\":\"WebSite\",\"@id\":\"https:\/\/cret-berard.ch\/#website\",\"url\":\"https:\/\/cret-berard.ch\/\",\"name\":\"cretberard\",\"description\":\"Just another WordPress site\",\"potentialAction\":[{\"@type\":\"SearchAction\",\"target\":{\"@type\":\"EntryPoint\",\"urlTemplate\":\"https:\/\/cret-berard.ch\/?s={search_term_string}\"},\"query-input\":{\"@type\":\"PropertyValueSpecification\",\"valueRequired\":true,\"valueName\":\"search_term_string\"}}],\"inLanguage\":\"de\"}]}<\/script>\n<!-- \/ Yoast SEO plugin. -->","yoast_head_json":{"title":"Salles_1st - cretberard","robots":{"index":"index","follow":"follow","max-snippet":"max-snippet:-1","max-image-preview":"max-image-preview:large","max-video-preview":"max-video-preview:-1"},"canonical":"https:\/\/cret-berard.ch\/de\/salles_1st\/","og_locale":"de_DE","og_type":"article","og_title":"Salles_1st - cretberard","og_url":"https:\/\/cret-berard.ch\/de\/salles_1st\/","og_site_name":"cretberard","article_modified_time":"2021-05-18T08:17:30+00:00","twitter_card":"summary_large_image","schema":{"@context":"https:\/\/schema.org","@graph":[{"@type":"WebPage","@id":"https:\/\/cret-berard.ch\/de\/salles_1st\/","url":"https:\/\/cret-berard.ch\/de\/salles_1st\/","name":"Salles_1st - cretberard","isPartOf":{"@id":"https:\/\/cret-berard.ch\/#website"},"datePublished":"2021-03-30T13:52:08+00:00","dateModified":"2021-05-18T08:17:30+00:00","breadcrumb":{"@id":"https:\/\/cret-berard.ch\/de\/salles_1st\/#breadcrumb"},"inLanguage":"de","potentialAction":[{"@type":"ReadAction","target":["https:\/\/cret-berard.ch\/de\/salles_1st\/"]}]},{"@type":"BreadcrumbList","@id":"https:\/\/cret-berard.ch\/de\/salles_1st\/#breadcrumb","itemListElement":[{"@type":"ListItem","position":1,"name":"Accueil","item":"https:\/\/cret-berard.ch\/de\/"},{"@type":"ListItem","position":2,"name":"Salles_1st"}]},{"@type":"WebSite","@id":"https:\/\/cret-berard.ch\/#website","url":"https:\/\/cret-berard.ch\/","name":"cretberard","description":"Just another WordPress site","potentialAction":[{"@type":"SearchAction","target":{"@type":"EntryPoint","urlTemplate":"https:\/\/cret-berard.ch\/?s={search_term_string}"},"query-input":{"@type":"PropertyValueSpecification","valueRequired":true,"valueName":"search_term_string"}}],"inLanguage":"de"}]}},"_links":{"self":[{"href":"https:\/\/cret-berard.ch\/de\/wp-json\/wp\/v2\/pages\/2860","targetHints":{"allow":["GET"]}}],"collection":[{"href":"https:\/\/cret-berard.ch\/de\/wp-json\/wp\/v2\/pages"}],"about":[{"href":"https:\/\/cret-berard.ch\/de\/wp-json\/wp\/v2\/types\/page"}],"author":[{"embeddable":true,"href":"https:\/\/cret-berard.ch\/de\/wp-json\/wp\/v2\/users\/1"}],"replies":[{"embeddable":true,"href":"https:\/\/cret-berard.ch\/de\/wp-json\/wp\/v2\/comments?post=2860"}],"version-history":[{"count":12,"href":"https:\/\/cret-berard.ch\/de\/wp-json\/wp\/v2\/pages\/2860\/revisions"}],"predecessor-version":[{"id":6781,"href":"https:\/\/cret-berard.ch\/de\/wp-json\/wp\/v2\/pages\/2860\/revisions\/6781"}],"wp:attachment":[{"href":"https:\/\/cret-berard.ch\/de\/wp-json\/wp\/v2\/media?parent=2860"}],"curies":[{"name":"wp","href":"https:\/\/api.w.org\/{rel}","templated":true}]}}