{"id":2885,"date":"2021-03-31T11:23:09","date_gmt":"2021-03-31T11:23:09","guid":{"rendered":"http:\/\/cretberard.ch\/support-donation\/"},"modified":"2021-05-28T18:15:13","modified_gmt":"2021-05-28T18:15:13","slug":"support-donation","status":"publish","type":"page","link":"https:\/\/cret-berard.ch\/de\/support-donation\/","title":{"rendered":"Support Donation"},"content":{"rendered":"<section\n    class=\"banner_wrapper_innerpage bg-img4 parallax\"\n    style=\"\n        background-image: url('https:\/\/cret-berard.ch\/wp-content\/uploads\/2021\/05\/sup_ban_wrapper.jpg');\n        background-size: cover;\n        background-repeat: no-repeat;\n        background-attachment: fixed;\n        background-position: center -135px;\">\n    <div class=\"banner_overlay_innerpage\">\n    \t    \t\t\t\t\t <div class=\"return_grard inerpage_back\">\n                    <!--<a href=\"#\" class=\"close_ban_modal\" >\n                        <i class=\"icon-back\"><\/i> retour\n                    <\/a>-->\n\t\t\t\t\t\t            \t\t<button class=\"close_ban_modal\" onclick=\"goBack()\" > <i class=\"icon-back\"><\/i> zur\u00fcck <\/button>\n\t\t\t\t\t\t\t\t\t<\/div>\n    \t            <\/div>\n<\/section>\n\t<section class=\"wrapper_for_banner_content\" style=\"\">\n\t    <div class=\"container\">\n\t        <div class=\"inner_banner_container\">\n\t            <div class=\"ban_content\">\n\t            \t\t                \t<h1>don en ligne<\/h1>\n\t            \t\t            \t\t                \t<p>Le fonctionnement de Cr\u00eat-B\u00e9rard est assur\u00e9 par autofinancement, gr\u00e2ce \u00e0 ses activit\u00e9s et au soutien fid\u00e8le de nombreux donateurs. Si vous d\u00e9sirez faire partie des donateurs, plusieurs options s\u2019offrent \u00e0 vous.<\/p>\n\t                \t                \t            <\/div>\n\t        <\/div>\n\t    <\/div>\n\t<\/section>\n<style>\n    b, strong {\n    font-weight: 500;\n}\n    <\/style>\n\n<section class=\"support_donation_wrapper\">.\n<style>\n  \/* Conteneur pour desktop *\/\n  .iframe-desktop {\n    display: none; \/* Cach\u00e9 par d\u00e9faut *\/\n    position: relative;\n    width: 100%;\n    height: calc(100vh - 20px); \/* Ajuste la hauteur avec une marge *\/\n    min-height: 1230px; \/* Assure une hauteur minimale pour \u00e9crans petits *\/\n    overflow: hidden;\n  }\n\n  \/* Conteneur pour mobile *\/\n  .iframe-mobile {\n    display: none; \/* Cach\u00e9 par d\u00e9faut *\/\n    position: relative;\n    width: 100%;\n    height: 1250px; \/* Ajust\u00e9 pour les \u00e9crans mobiles *\/\n    overflow: hidden;\n  }\n\n  \/* Media query pour afficher la version desktop *\/\n  @media screen and (min-width: 768px) {\n    .iframe-desktop {\n      display: block;\n    }\n  }\n\n  \/* Media query pour afficher la version mobile *\/\n  @media screen and (max-width: 767px) {\n    .iframe-mobile {\n      display: block;\n    }\n  }\n<\/style>\n\n<!-- Version Desktop -->\n<div class=\"iframe-desktop\">\n  <iframe \n    src=\"https:\/\/donate.raisenow.io\/gbqss?lng=fr\" \n    style=\"width: 100%; height: 100%; border: 0;\" \n    frameborder=\"0\" \n    scrolling=\"auto\">\n  <\/iframe>\n<\/div>\n\n<!-- Version Mobile -->\n<div class=\"iframe-mobile\">\n  <iframe \n    src=\"https:\/\/donate.raisenow.io\/gbqss?lng=fr\" \n    style=\"width: 100%; height: 100%; border: 0;\" \n    frameborder=\"0\" \n    scrolling=\"auto\">\n  <\/iframe>\n<\/div>\n\n<\/section>\n\n<div class=\"single_scrilltop_wrapper\">\n    <div class=\"container\">\n        <div class=\"scrolltoptop_wrapper\">\n            <a href=\"javascript:\" id=\"return-to-top\">\n                <span class=\"arrow_up\"><\/span>\n                \t            \t\t<span class=\"scroller_content\">zur\u00fcck nach oben<\/span>\n\t\t\t\t\t                <!-- <span class=\"scroller_content\">retourner en haut<\/span> -->\n            <\/a>\n        <\/div>\n    <\/div>\n<\/div>","protected":false},"excerpt":{"rendered":"","protected":false},"author":1,"featured_media":0,"parent":0,"menu_order":0,"comment_status":"closed","ping_status":"closed","template":"templates\/cms-template.php","meta":{"_acf_changed":false,"inline_featured_image":false,"footnotes":""},"class_list":["post-2885","page","type-page","status-publish","hentry"],"acf":[],"yoast_head":"<!-- This site is optimized with the Yoast SEO plugin v26.7 - https:\/\/yoast.com\/wordpress\/plugins\/seo\/ -->\n<title>Support Donation - cretberard<\/title>\n<meta name=\"robots\" content=\"index, follow, max-snippet:-1, max-image-preview:large, max-video-preview:-1\" \/>\n<link rel=\"canonical\" href=\"https:\/\/cret-berard.ch\/de\/support-donation\/\" \/>\n<meta property=\"og:locale\" content=\"de_DE\" \/>\n<meta property=\"og:type\" content=\"article\" \/>\n<meta property=\"og:title\" content=\"Support Donation - cretberard\" \/>\n<meta property=\"og:url\" content=\"https:\/\/cret-berard.ch\/de\/support-donation\/\" \/>\n<meta property=\"og:site_name\" content=\"cretberard\" \/>\n<meta property=\"article:modified_time\" content=\"2021-05-28T18:15:13+00:00\" \/>\n<meta name=\"twitter:card\" content=\"summary_large_image\" \/>\n<script type=\"application\/ld+json\" class=\"yoast-schema-graph\">{\"@context\":\"https:\/\/schema.org\",\"@graph\":[{\"@type\":\"WebPage\",\"@id\":\"https:\/\/cret-berard.ch\/de\/support-donation\/\",\"url\":\"https:\/\/cret-berard.ch\/de\/support-donation\/\",\"name\":\"Support Donation - cretberard\",\"isPartOf\":{\"@id\":\"https:\/\/cret-berard.ch\/#website\"},\"datePublished\":\"2021-03-31T11:23:09+00:00\",\"dateModified\":\"2021-05-28T18:15:13+00:00\",\"breadcrumb\":{\"@id\":\"https:\/\/cret-berard.ch\/de\/support-donation\/#breadcrumb\"},\"inLanguage\":\"de\",\"potentialAction\":[{\"@type\":\"ReadAction\",\"target\":[\"https:\/\/cret-berard.ch\/de\/support-donation\/\"]}]},{\"@type\":\"BreadcrumbList\",\"@id\":\"https:\/\/cret-berard.ch\/de\/support-donation\/#breadcrumb\",\"itemListElement\":[{\"@type\":\"ListItem\",\"position\":1,\"name\":\"Accueil\",\"item\":\"https:\/\/cret-berard.ch\/de\/\"},{\"@type\":\"ListItem\",\"position\":2,\"name\":\"Support Donation\"}]},{\"@type\":\"WebSite\",\"@id\":\"https:\/\/cret-berard.ch\/#website\",\"url\":\"https:\/\/cret-berard.ch\/\",\"name\":\"cretberard\",\"description\":\"Just another WordPress site\",\"potentialAction\":[{\"@type\":\"SearchAction\",\"target\":{\"@type\":\"EntryPoint\",\"urlTemplate\":\"https:\/\/cret-berard.ch\/?s={search_term_string}\"},\"query-input\":{\"@type\":\"PropertyValueSpecification\",\"valueRequired\":true,\"valueName\":\"search_term_string\"}}],\"inLanguage\":\"de\"}]}<\/script>\n<!-- \/ Yoast SEO plugin. -->","yoast_head_json":{"title":"Support Donation - cretberard","robots":{"index":"index","follow":"follow","max-snippet":"max-snippet:-1","max-image-preview":"max-image-preview:large","max-video-preview":"max-video-preview:-1"},"canonical":"https:\/\/cret-berard.ch\/de\/support-donation\/","og_locale":"de_DE","og_type":"article","og_title":"Support Donation - cretberard","og_url":"https:\/\/cret-berard.ch\/de\/support-donation\/","og_site_name":"cretberard","article_modified_time":"2021-05-28T18:15:13+00:00","twitter_card":"summary_large_image","schema":{"@context":"https:\/\/schema.org","@graph":[{"@type":"WebPage","@id":"https:\/\/cret-berard.ch\/de\/support-donation\/","url":"https:\/\/cret-berard.ch\/de\/support-donation\/","name":"Support Donation - cretberard","isPartOf":{"@id":"https:\/\/cret-berard.ch\/#website"},"datePublished":"2021-03-31T11:23:09+00:00","dateModified":"2021-05-28T18:15:13+00:00","breadcrumb":{"@id":"https:\/\/cret-berard.ch\/de\/support-donation\/#breadcrumb"},"inLanguage":"de","potentialAction":[{"@type":"ReadAction","target":["https:\/\/cret-berard.ch\/de\/support-donation\/"]}]},{"@type":"BreadcrumbList","@id":"https:\/\/cret-berard.ch\/de\/support-donation\/#breadcrumb","itemListElement":[{"@type":"ListItem","position":1,"name":"Accueil","item":"https:\/\/cret-berard.ch\/de\/"},{"@type":"ListItem","position":2,"name":"Support Donation"}]},{"@type":"WebSite","@id":"https:\/\/cret-berard.ch\/#website","url":"https:\/\/cret-berard.ch\/","name":"cretberard","description":"Just another WordPress site","potentialAction":[{"@type":"SearchAction","target":{"@type":"EntryPoint","urlTemplate":"https:\/\/cret-berard.ch\/?s={search_term_string}"},"query-input":{"@type":"PropertyValueSpecification","valueRequired":true,"valueName":"search_term_string"}}],"inLanguage":"de"}]}},"_links":{"self":[{"href":"https:\/\/cret-berard.ch\/de\/wp-json\/wp\/v2\/pages\/2885","targetHints":{"allow":["GET"]}}],"collection":[{"href":"https:\/\/cret-berard.ch\/de\/wp-json\/wp\/v2\/pages"}],"about":[{"href":"https:\/\/cret-berard.ch\/de\/wp-json\/wp\/v2\/types\/page"}],"author":[{"embeddable":true,"href":"https:\/\/cret-berard.ch\/de\/wp-json\/wp\/v2\/users\/1"}],"replies":[{"embeddable":true,"href":"https:\/\/cret-berard.ch\/de\/wp-json\/wp\/v2\/comments?post=2885"}],"version-history":[{"count":3,"href":"https:\/\/cret-berard.ch\/de\/wp-json\/wp\/v2\/pages\/2885\/revisions"}],"predecessor-version":[{"id":7165,"href":"https:\/\/cret-berard.ch\/de\/wp-json\/wp\/v2\/pages\/2885\/revisions\/7165"}],"wp:attachment":[{"href":"https:\/\/cret-berard.ch\/de\/wp-json\/wp\/v2\/media?parent=2885"}],"curies":[{"name":"wp","href":"https:\/\/api.w.org\/{rel}","templated":true}]}}