{"id":2945,"date":"2021-03-24T06:09:03","date_gmt":"2021-03-24T06:09:03","guid":{"rendered":"http:\/\/cretberard.ch\/support\/"},"modified":"2021-06-02T07:40:06","modified_gmt":"2021-06-02T07:40:06","slug":"support","status":"publish","type":"page","link":"https:\/\/cret-berard.ch\/de\/support\/","title":{"rendered":"Support"},"content":{"rendered":"<section\n    class=\"banner_wrapper_innerpage bg-img4 parallax\"\n    style=\"\n        background-image: url('https:\/\/cret-berard.ch\/wp-content\/uploads\/2021\/05\/DSC0924-scaled.jpg');\n        background-size: cover;\n        background-repeat: no-repeat;\n        background-attachment: fixed;\n        background-position: center -135px;\">\n    <div class=\"banner_overlay_innerpage\">\n    \t    \t\t\t\t\t <div class=\"return_grard inerpage_back\">\n                    <!--<a href=\"#\" class=\"close_ban_modal\" >\n                        <i class=\"icon-back\"><\/i> retour\n                    <\/a>-->\n\t\t\t\t\t\t            \t\t<button class=\"close_ban_modal\" onclick=\"goBack()\" > <i class=\"icon-back\"><\/i> zur\u00fcck <\/button>\n\t\t\t\t\t\t\t\t\t<\/div>\n    \t            <\/div>\n<\/section>\n\t<section class=\"wrapper_for_banner_content\" style=\"\">\n\t    <div class=\"container\">\n\t        <div class=\"inner_banner_container\">\n\t            <div class=\"ban_content\">\n\t            \t\t                \t<h1>UNTERST\u00dcTZUNG<\/h1>\n\t            \t\t            \t\t                \t<p><strong>Le fonctionnement de Cr\u00eat-B\u00e9rard est assur\u00e9 par autofinancement, gr\u00e2ce \u00e0 ses activit\u00e9s et au soutien fid\u00e8le de nombreux donateurs. Si vous d\u00e9sirez faire partie des donateurs, plusieurs options s\u2019offrent \u00e0 vous.<\/strong><\/p>\n\t                \t                \t            <\/div>\n\t        <\/div>\n\t    <\/div>\n\t<\/section>\n<style>\n    b, strong {\n    font-weight: 500;\n}\n    <\/style>\n\n    <div class=\"support-orange-wrapper\">\n            <section class=\"support_main_ng_wrapper support-orange\">\n        <div class=\"container\">\n                    <div class=\"southern_wraaper_orange\">\n            \n                <div class=\"souther_inner_content\">\n                    <div class=\"souther_header_ong\">Unterst\u00fctzen Sie unser Haus, das Sie liebhaben<\/div>\n                    <div class=\"souther_content_ong\">\n                    <p>In normalen Zeiten leben wir von unserer Arbeit und Ihren Spenden. W\u00e4hrend der aktuellen Pandemie ist unsere Aktivit\u00e4t sehr eingeschr\u00e4nkt und wir sind auf die Solidarit\u00e4t unserer Freunde angewiesen.<\/p>\n<p>Wir sind dankbar f\u00fcr jeden, der unser Haus in diesen Zeiten unterst\u00fctzt. Alle Zuwendungen, ob kleine oder grosse Spenden, ob einmalige oder regelm\u00e4ssige Beitr\u00e4ge, sind wertvoll.<\/p>\n<p>Um eine Online-Spende zu t\u00e4tigen, besuchen Sie bitte die daf\u00fcr vorgesehene Seite. Oder \u00fcberweisen Sie Ihre Spende auf das Postcheck-Konto CCP 18-2527-6.<\/p>\n<p>Im Namen der Stiftung und des gesamten Teams m\u00f6chten wir Ihnen herzlich danken.<\/p>\n                    <\/div>\n                    <div class=\"souther_footer_ong\">\n                        <div class=\"ong_left\">La Direction<\/div>\n                        <div class=\"ong_right\">\n                                                                                                                            <a href=\"https:\/\/cret-berard.ch\/de\/support-donation\/\" target=\"_blank\" class=\"fare_un_don_btn\">Spenden<\/a>\n                        <\/div>\n                    <\/div>\n                <\/div>\n                \n            <\/div>\n                    <\/div>\n<\/section>\n\n        <section class=\"support_main_ng_wrapper support-orange\">\n        <div class=\"container\">\n                        <div class=\"custom_orange_accordion\">\n            <ul>\n                <li>\n                    <div class=\"cst_org_box\">\n                        <div id=\"contm01\">\n                            <div class=\"cst_org_header\">\n                                Spenden und finanzielle Unterst\u00fctzung                            <\/div>\n                            <div class=\"cst_org_few_content\">\n                                Jedes Jahr starten wir einen Spendenaufruf mit dem Namen \u00ab Operation TOP \u00bb, welcher in Form eines Begleitbriefes zusammen mit der Sommerausgabe der Brosch\u00fcre \u00ab Nouvelles \u00bb herausgegeben wird. Die gesammelten Spenden finanzieren Aktivit\u00e4ten, die vi&#8230;                            <\/div>\n                            <div class=\"cst_org_content_wrapper\">\n                                <div class=\"cst_org_content\">\n                                    Jedes Jahr starten wir einen Spendenaufruf mit dem Namen \u00ab Operation TOP \u00bb, welcher in Form eines Begleitbriefes zusammen mit der Sommerausgabe der Brosch\u00fcre \u00ab Nouvelles \u00bb herausgegeben wird. Die gesammelten Spenden finanzieren Aktivit\u00e4ten, die vielleicht nicht so rentabel, jedoch f\u00fcr die Mission von Cr\u00eat-B\u00e9rard sehr wertvoll sind. Zum Beispiel erm\u00f6glicht dies, Einzelpersonen oder Gruppen mit beschr\u00e4nkten finanziellen Mitteln zu unterst\u00fctzen und ihnen einen Aufenthalt bei uns zu erm\u00f6glichen. Auf Anfrage, senden wir Ihnen gerne mehrere Einzahlungsscheine f\u00fcr regelm\u00e4ssige Spenden zu. \r\n\r\nZweimal im Jahr wird uns von den evang.-reformierten Kirchgemeinden des Kantons Waadt eine Sonntagskollekte zugewiesen, um unsere seit der Gr\u00fcndungszeit bestehenden Verbindungen zu den Kirchgemeinden zu bekunden und zu st\u00e4rken.                                <\/div>\n                            <\/div>\n                        <\/div>\n                                                <div class=\"cst_toggler\">\n                            <a href=\"javascript:void(0);\" class=\"cst_emtoggle\" data-mtrigger=\"contm01\"><i class=\"icon-plus\"><\/i><\/a>\n                        <\/div>\n                                            <\/div>\n                <\/li>\n                <li>\n                    <div class=\"cst_org_box\">\n                        <div id=\"contm02\">\n                            <div class=\"cst_org_header\">Cr\u00eat-B\u00e9rard-Freundeskreis<\/div>\n                            <div class=\"cst_org_few_content\">\n                                Nebst der Stiftung Cr\u00eat-B\u00e9rard \u2013 und im Geiste des leidenschaftlichen Engagements des Kaplans Albert Girardet \u2013 entstand am 12. September 1949 auch der \u00ab Cr\u00eat-B\u00e9rard-Freundeskreis \u00bb. Sein Ziel ist es, die Aktivit\u00e4ten von Cr\u00eat-B\u00e9rard finanziell zu &#8230;                            <\/div>\n                            <div class=\"cst_org_content_wrapper\">\n                                <div class=\"cst_org_content\">\n                                Nebst der Stiftung Cr\u00eat-B\u00e9rard \u2013 und im Geiste des leidenschaftlichen Engagements des Kaplans Albert Girardet \u2013 entstand am 12. September 1949 auch der \u00ab Cr\u00eat-B\u00e9rard-Freundeskreis \u00bb. Sein Ziel ist es, die Aktivit\u00e4ten von Cr\u00eat-B\u00e9rard finanziell zu unterst\u00fctzen und zur Instandhaltung des Hauses und des Parks beizutragen. Der Verein steht jeder Person oder Institution offen, die die Mission von Cr\u00eat-B\u00e9rard unterst\u00fctzen m\u00f6chte. Er richtet sich insbesondere an diejenigen, die regelm\u00e4ssig an unseren Aktivit\u00e4ten teilnehmen.\r\n\r\nDurch Ihre moralische und finanzielle Unterst\u00fctzung leisten Sie einen wesentlichen Beitrag zur F\u00f6rderung unseres Hauses, indem Sie es uns erm\u00f6glichen, einem breiten Publikum qualitativ hochstehende Aktivit\u00e4ten zu erschwinglichen Preisen anzubieten. So tragen Sie ganz pers\u00f6nlich den Gedanken von Cr\u00eat-B\u00e9rard weiter. Um Mitglied zu werden, f\u00fcllen Sie einfach dieses Formular aus.\r\n\r\nPr\u00e4sident: Olivier Klunge, Route de Senarclens 8, 1117 Grancy.                                 <\/div>\n\n                                <div class=\"inst_reply\">\n                                                                                                                                \n                                    <a href=\"https:\/\/cretberard.ch\/de\/form-five\/\" target=\"_blank\" class=\"inst_reply_btn\">das Formular ausf\u00fcllen<\/a>\n                                <\/div>\n\n                                <div class=\"const_wrapper\">\n                                    <ul>\n                                                                            <li>\n                                            <div class=\"const_box_panel\">\n                                                <div class=\"const_pgp_left\">\n                                                    <div class=\"const_pgp_heading\">Jahresbeitrag <\/div>\n                                                    <div class=\"const_pgp_semi_heading\">Der Jahresbeitrag f\u00fcr den \u00ab Freundeskreis von Cr\u00eat-B\u00e9rard \u00bb betr\u00e4gt<\/div>\n                                                    <div class=\"const_pgp_semi_list\">\n                                                        <ul>\n                                                                                                                        <li><div style=\"display: none;\"><\/div><span class=\"first_stand\">CHF <span class=\"second_stand\">30.- <\/span><\/span>f\u00fcr Einzelmitglieder<\/li>\n                                                                                                                            <li><div style=\"display: none;\"><\/div><span class=\"first_stand\">CHF <span class=\"second_stand\">100.- <\/span><\/span>f\u00fcr Kollektivmitglieder<\/li>\n                                                             \n                                                        <\/ul>\n                                                    <\/div>\n                                                    <div class=\"const_more_content\">\n                                                    Mitglieder, die unserer Institution gerne eine zus\u00e4tzliche Spende zukommen lassen m\u00f6chten, k\u00f6nnen dies \u00fcber das Postcheck-Konto 10-4223-1 tun.                                                     <\/div>\n                                                <\/div>\n                                                <div class=\"const_pgp_right\">\n                                                    <div class=\"const_pgp_img\">\n                                                                                                            <img decoding=\"async\" src=\"https:\/\/cret-berard.ch\/wp-content\/uploads\/2021\/05\/DSC0928-2-scaled.jpg\">\n                                                    <\/div>\n                                                <\/div>\n                                            <\/div>\n                                        <\/li>\n                                                                                <li>\n                                            <div class=\"const_box_panel\">\n                                                <div class=\"const_pgp_left\">\n                                                    <div class=\"const_pgp_heading\">Mitgliedervorteile<\/div>\n                                                    <div class=\"const_pgp_semi_heading\">Bitte geben Sie an, dass Sie ein Mitglied des Freundeskreises von Cr\u00eat-B\u00e9rard sind, wenn Sie sich f\u00fcr eine unserer Aktivit\u00e4ten anmelden.<\/div>\n                                                    <div class=\"const_pgp_semi_list\">\n                                                        <ul>\n                                                                                                                        <li><div style=\"display: none;\"><\/div><span class=\"first_stand\"><span class=\"second_stand\">15%<\/span><\/span>Rabatt auf Ihren Aufenthalt im Rahmen einer individuellen Retraite<\/li>\n                                                                                                                            <li><div style=\"display: none;\"><\/div><span class=\"first_stand\"><span class=\"second_stand\">15%<\/span><\/span> Rabatt auf Ihre Teilnahmegeb\u00fchr f\u00fcr Aktivit\u00e4ten von Cr\u00eat-B\u00e9rard<\/li>\n                                                             \n                                                        <\/ul>\n                                                    <\/div>\n                                                    <div class=\"const_more_content\">\n                                                    <div style=\"display: none;\"><\/div>\r\n&nbsp;                                                    <\/div>\n                                                <\/div>\n                                                <div class=\"const_pgp_right\">\n                                                    <div class=\"const_pgp_img\">\n                                                                                                            <img decoding=\"async\" src=\"https:\/\/cret-berard.ch\/wp-content\/uploads\/2021\/05\/DSC0137-1-scaled.jpg\">\n                                                    <\/div>\n                                                <\/div>\n                                            <\/div>\n                                        <\/li>\n                                                                            <\/ul>\n                                <\/div>\n                            <\/div>\n                        <\/div>\n                                                <div class=\"cst_toggler\">\n                            <a href=\"javascript:void(0);\" class=\"cst_emtoggle\" data-mtrigger=\"contm02\"><i class=\"icon-plus\"><\/i><\/a>\n                        <\/div>\n                                            <\/div>\n                <\/li>\n\n                <li>\n                    <div class=\"cst_org_box\">\n                        <div id=\"contm03\">\n                            <div class=\"cst_org_header\">\n                                Die \u00ab Kn\u00e4uel-Gruppe \u00bb und Freiwillige                             <\/div>\n                            <div class=\"cst_org_few_content\">\n                                Ein Kn\u00e4uel besteht aus vielen ineinander verschlungenen F\u00e4den: Auch die Mitglieder dieses Teams bilden ein Netzwerk aus motivierten Freiwilligen. Sie werden von Zeit zu Zeit mobilisiert, um Versande vorzubereiten oder Arbeiten zu verrichten, die v&#8230;                            <\/div>\n                            <div class=\"cst_org_content_wrapper\">\n                                <div class=\"cst_org_content\">\n                                Ein Kn\u00e4uel besteht aus vielen ineinander verschlungenen F\u00e4den: Auch die Mitglieder dieses Teams bilden ein Netzwerk aus motivierten Freiwilligen. Sie werden von Zeit zu Zeit mobilisiert, um Versande vorzubereiten oder Arbeiten zu verrichten, die viele fleissige Helfer erfordern.\r\n<br>\r\nDiese Gruppe von Freiwilligen wurde in den 1970er Jahren gegr\u00fcndet und geniesst die gemeinsame Zeit zwischen Arbeit, Geselligkeit und Freundschaft. Gerne liefern wir Ihnen weiterf\u00fchrende Informationen, um sich als freiwilliger Helfer einzubringen und Cr\u00eat-B\u00e9rard durch Ihr einmaliges oder regelm\u00e4ssiges Engagement zu unterst\u00fctzen.                                <\/div>\n                                <div class=\"postal_content_wrapper\">\n                                    <div class=\"postel_heading\">Postkarten<\/div>\n                                    <div class=\"postel_main_content\">\n                                    Cr\u00eat-B\u00e9rard ver\u00f6ffentlicht jedes Jahr eine originelle Postkartenserie. \r\nDiese Postkarten sollen als Anreiz dienen und mit all ihren Botschaften dazu beitragen, Freundschaften zu pflegen. Der Verkauf dieser Karten ist ein willkommener finanzieller Beitrag f\u00fcr die Stiftung. Sie suchen h\u00fcbsche Karten f\u00fcr Ihre Korrespondenzen? Bestellen Sie einfach die gew\u00fcnschte Kartenserie an unserer Rezeption.                                    <\/div>\n                                <\/div>\n\n                                <div class=\"postal_gallery_wrapper\">\n                                    <div class=\"postal_top_gal_content\">\n                                        <div class=\"mega_postal_header\">\n                                        Edition 2020 &#8211; Vitraux &#8211; s\u00e9rie n\u00b046                                            <span>chf <b>15.-<\/b><\/span>\n                                        <\/div>\n                                        <div class=\"mega_postal_eccontent\">\n                                        <div style=\"display: none;\"><\/div>\r\nCette s\u00e9rie de 12 cartes vous est propos\u00e9e par Cr\u00eat-B\u00e9rard, en collaboration avec la Fondation Jean Prahin. Elle met en valeur les vitraux de la r\u00e9gion.                                        <\/div>\n                                    <\/div>\n\n                                    <div class=\"postal_encript_gal\">\n                                    \n                                                                                                                                        <div class=\"postal_encript_gal_col\">\n                                                        <div class=\"emp_post_gal_img\"> \n                                                                                                                        <img decoding=\"async\" src=\"https:\/\/cret-berard.ch\/wp-content\/uploads\/2021\/05\/3planches.jpg\">\n                                                        <\/div>\n                                                    <\/div>\n                                                                                                    <div class=\"postal_encript_gal_col\">\n                                                        <div class=\"emp_post_gal_img\"> \n                                                                                                                        <img decoding=\"async\" src=\"https:\/\/cret-berard.ch\/wp-content\/uploads\/2021\/05\/3planches2.jpg\">\n                                                        <\/div>\n                                                    <\/div>\n                                                                                                    <div class=\"postal_encript_gal_col\">\n                                                        <div class=\"emp_post_gal_img\"> \n                                                                                                                        <img decoding=\"async\" src=\"https:\/\/cret-berard.ch\/wp-content\/uploads\/2021\/05\/3planches3.jpg\">\n                                                        <\/div>\n                                                    <\/div>\n                                                                                                                            <\/div>\n                                        \n                                <\/div>\n                                <div class=\"inst_reply lefte_extract\">\n                                                                                                                                                                                                                                    <\/div>\n                            <\/div>\n                        <\/div>\n                        \n                                                <div class=\"cst_toggler\">\n                            <a href=\"javascript:void(0);\" class=\"cst_emtoggle\" data-mtrigger=\"contm03\"><i class=\"icon-plus\"><\/i><\/a>\n                        <\/div>\n                                            <\/div>\n                <\/li>\n\n                <li>\n                    <div class=\"cst_org_box\">\n                        <div id=\"contm04\">\n                            <div class=\"cst_org_header\">\n                                Partner                            <\/div>\n                            <div class=\"cst_org_few_content\">\n                                Cr\u00eat-B\u00e9rard arbeitet Hand in Hand mit vielen Unternehmen und Stiftungen in der franz\u00f6sischsprachigen Schweiz.                            <\/div>\n                            <div class=\"cst_org_content_wrapper\">\n                                <div class=\"cst_org_content\">\n                                Cr\u00eat-B\u00e9rard arbeitet Hand in Hand mit vielen Unternehmen und Stiftungen in der franz\u00f6sischsprachigen Schweiz.                                    \n                                <\/div>\n                            <\/div>\n                        <\/div>\n                                            <\/div>\n                <\/li>\n            <\/ul>\n        <\/div>\n            <\/div>\n<\/section>\n\n<\/div>\n\n\n<div class=\"single_scrilltop_wrapper\">\n    <div class=\"container\">\n        <div class=\"scrolltoptop_wrapper\">\n            <a href=\"javascript:\" id=\"return-to-top\">\n                <span class=\"arrow_up\"><\/span>\n                \t            \t\t<span class=\"scroller_content\">zur\u00fcck nach oben<\/span>\n\t\t\t\t\t                <!-- <span class=\"scroller_content\">retourner en haut<\/span> -->\n            <\/a>\n        <\/div>\n    <\/div>\n<\/div>","protected":false},"excerpt":{"rendered":"","protected":false},"author":1,"featured_media":0,"parent":0,"menu_order":0,"comment_status":"closed","ping_status":"closed","template":"templates\/support.php","meta":{"_acf_changed":false,"inline_featured_image":false,"footnotes":""},"class_list":["post-2945","page","type-page","status-publish","hentry"],"acf":[],"yoast_head":"<!-- This site is optimized with the Yoast SEO plugin v26.7 - https:\/\/yoast.com\/wordpress\/plugins\/seo\/ -->\n<title>Support - cretberard<\/title>\n<meta name=\"robots\" content=\"index, follow, max-snippet:-1, max-image-preview:large, max-video-preview:-1\" \/>\n<link rel=\"canonical\" href=\"https:\/\/cret-berard.ch\/de\/support\/\" \/>\n<meta property=\"og:locale\" content=\"de_DE\" \/>\n<meta property=\"og:type\" content=\"article\" \/>\n<meta property=\"og:title\" content=\"Support - cretberard\" \/>\n<meta property=\"og:url\" content=\"https:\/\/cret-berard.ch\/de\/support\/\" \/>\n<meta property=\"og:site_name\" content=\"cretberard\" \/>\n<meta property=\"article:modified_time\" content=\"2021-06-02T07:40:06+00:00\" \/>\n<meta name=\"twitter:card\" content=\"summary_large_image\" \/>\n<script type=\"application\/ld+json\" class=\"yoast-schema-graph\">{\"@context\":\"https:\/\/schema.org\",\"@graph\":[{\"@type\":\"WebPage\",\"@id\":\"https:\/\/cret-berard.ch\/de\/support\/\",\"url\":\"https:\/\/cret-berard.ch\/de\/support\/\",\"name\":\"Support - cretberard\",\"isPartOf\":{\"@id\":\"https:\/\/cret-berard.ch\/#website\"},\"datePublished\":\"2021-03-24T06:09:03+00:00\",\"dateModified\":\"2021-06-02T07:40:06+00:00\",\"breadcrumb\":{\"@id\":\"https:\/\/cret-berard.ch\/de\/support\/#breadcrumb\"},\"inLanguage\":\"de\",\"potentialAction\":[{\"@type\":\"ReadAction\",\"target\":[\"https:\/\/cret-berard.ch\/de\/support\/\"]}]},{\"@type\":\"BreadcrumbList\",\"@id\":\"https:\/\/cret-berard.ch\/de\/support\/#breadcrumb\",\"itemListElement\":[{\"@type\":\"ListItem\",\"position\":1,\"name\":\"Accueil\",\"item\":\"https:\/\/cret-berard.ch\/de\/\"},{\"@type\":\"ListItem\",\"position\":2,\"name\":\"Support\"}]},{\"@type\":\"WebSite\",\"@id\":\"https:\/\/cret-berard.ch\/#website\",\"url\":\"https:\/\/cret-berard.ch\/\",\"name\":\"cretberard\",\"description\":\"Just another WordPress site\",\"potentialAction\":[{\"@type\":\"SearchAction\",\"target\":{\"@type\":\"EntryPoint\",\"urlTemplate\":\"https:\/\/cret-berard.ch\/?s={search_term_string}\"},\"query-input\":{\"@type\":\"PropertyValueSpecification\",\"valueRequired\":true,\"valueName\":\"search_term_string\"}}],\"inLanguage\":\"de\"}]}<\/script>\n<!-- \/ Yoast SEO plugin. -->","yoast_head_json":{"title":"Support - cretberard","robots":{"index":"index","follow":"follow","max-snippet":"max-snippet:-1","max-image-preview":"max-image-preview:large","max-video-preview":"max-video-preview:-1"},"canonical":"https:\/\/cret-berard.ch\/de\/support\/","og_locale":"de_DE","og_type":"article","og_title":"Support - cretberard","og_url":"https:\/\/cret-berard.ch\/de\/support\/","og_site_name":"cretberard","article_modified_time":"2021-06-02T07:40:06+00:00","twitter_card":"summary_large_image","schema":{"@context":"https:\/\/schema.org","@graph":[{"@type":"WebPage","@id":"https:\/\/cret-berard.ch\/de\/support\/","url":"https:\/\/cret-berard.ch\/de\/support\/","name":"Support - cretberard","isPartOf":{"@id":"https:\/\/cret-berard.ch\/#website"},"datePublished":"2021-03-24T06:09:03+00:00","dateModified":"2021-06-02T07:40:06+00:00","breadcrumb":{"@id":"https:\/\/cret-berard.ch\/de\/support\/#breadcrumb"},"inLanguage":"de","potentialAction":[{"@type":"ReadAction","target":["https:\/\/cret-berard.ch\/de\/support\/"]}]},{"@type":"BreadcrumbList","@id":"https:\/\/cret-berard.ch\/de\/support\/#breadcrumb","itemListElement":[{"@type":"ListItem","position":1,"name":"Accueil","item":"https:\/\/cret-berard.ch\/de\/"},{"@type":"ListItem","position":2,"name":"Support"}]},{"@type":"WebSite","@id":"https:\/\/cret-berard.ch\/#website","url":"https:\/\/cret-berard.ch\/","name":"cretberard","description":"Just another WordPress site","potentialAction":[{"@type":"SearchAction","target":{"@type":"EntryPoint","urlTemplate":"https:\/\/cret-berard.ch\/?s={search_term_string}"},"query-input":{"@type":"PropertyValueSpecification","valueRequired":true,"valueName":"search_term_string"}}],"inLanguage":"de"}]}},"_links":{"self":[{"href":"https:\/\/cret-berard.ch\/de\/wp-json\/wp\/v2\/pages\/2945","targetHints":{"allow":["GET"]}}],"collection":[{"href":"https:\/\/cret-berard.ch\/de\/wp-json\/wp\/v2\/pages"}],"about":[{"href":"https:\/\/cret-berard.ch\/de\/wp-json\/wp\/v2\/types\/page"}],"author":[{"embeddable":true,"href":"https:\/\/cret-berard.ch\/de\/wp-json\/wp\/v2\/users\/1"}],"replies":[{"embeddable":true,"href":"https:\/\/cret-berard.ch\/de\/wp-json\/wp\/v2\/comments?post=2945"}],"version-history":[{"count":57,"href":"https:\/\/cret-berard.ch\/de\/wp-json\/wp\/v2\/pages\/2945\/revisions"}],"predecessor-version":[{"id":7207,"href":"https:\/\/cret-berard.ch\/de\/wp-json\/wp\/v2\/pages\/2945\/revisions\/7207"}],"wp:attachment":[{"href":"https:\/\/cret-berard.ch\/de\/wp-json\/wp\/v2\/media?parent=2945"}],"curies":[{"name":"wp","href":"https:\/\/api.w.org\/{rel}","templated":true}]}}