{"id":6040,"date":"2021-05-03T14:37:10","date_gmt":"2021-05-03T14:37:10","guid":{"rendered":"http:\/\/cretberard.ch\/priere-et-traditions-de-cret-berard\/"},"modified":"2021-05-16T09:05:01","modified_gmt":"2021-05-16T09:05:01","slug":"priere-et-traditions-de-cret-berard","status":"publish","type":"page","link":"https:\/\/cret-berard.ch\/de\/priere-et-traditions-de-cret-berard\/","title":{"rendered":"Traditions De cr\u00eat-b\u00e9rard"},"content":{"rendered":"<section\n    class=\"banner_wrapper_innerpage bg-img4 parallax\"\n    style=\"\n        background-image: url('https:\/\/cret-berard.ch\/wp-content\/uploads\/2021\/05\/DSC0883-scaled.jpg');\n        background-size: cover;\n        background-repeat: no-repeat;\n        background-attachment: fixed;\n        background-position: center -135px;\">\n    <div class=\"banner_overlay_innerpage\">\n    \t    \t\t\t\t\t <div class=\"return_grard inerpage_back\">\n                    <!--<a href=\"#\" class=\"close_ban_modal\" >\n                        <i class=\"icon-back\"><\/i> retour\n                    <\/a>-->\n\t\t\t\t\t\t            \t\t<button class=\"close_ban_modal\" onclick=\"goBack()\" > <i class=\"icon-back\"><\/i> zur\u00fcck <\/button>\n\t\t\t\t\t\t\t\t\t<\/div>\n    \t        \t        <div class=\"return_grard_bottom\">\n\t            <a href=\"#\" class=\"close_ban_inner_page\" >\n\t                <i class=\"icon-right-arrow1\"><\/i>\n\t            <\/a>\n\t            \n\t        <\/div>\n            <\/div>\n<\/section>\n\t<section class=\"wrapper_for_banner_content\" style=\"\">\n\t    <div class=\"container\">\n\t        <div class=\"inner_banner_container\">\n\t            <div class=\"ban_content\">\n\t            \t\t                \t<h1>GEBET UND TRADITIONEN DES CR\u00caT-B\u00c9RARD<\/h1>\n\t            \t\t            \t\t                \t<p>Cr\u00eat-B\u00e9rard lebt im Rhythmus eines immerw\u00e4hrenden Gebets. Seit der Gr\u00fcndung des Hauses bis heute werden Retraiten organisiert. Die umgebende Natur bietet den perfekten Rahmen zur inneren Einkehr. Zu Beginn der Adventszeit wird Christus, das Licht der Welt, gefeiert.<\/p>\n\t                \t                \t            <\/div>\n\t        <\/div>\n\t    <\/div>\n\t<\/section>\n<style>\n    b, strong {\n    font-weight: 500;\n}\n    <\/style>\n\n    <section class=\"support_main_ng_wrapper\">\n        <div class=\"container\">\n                                                <!-- accordian block -->\n                                            <div class=\"custom_orange_accordion\">\n                            <ul>\n                                                                    <li>\n                                        <div class=\"cst_org_box\">\n                                            <div id=\"contm0\">\n                                                <div class=\"cst_org_header\">\n                                                    Gebetszeiten und Gottesdienste                                                                                                                                                        <\/div>\n                                                <div class=\"cst_org_few_content\">\n                                                                                                            <p><p>Unsere drei t\u00e4glichen Gebetszeiten (um 7.30, 12.15 und 18.00 Uhr) tragen stark zur Atmosph\u00e4re und Ausstrahlung unseres Hauses bei. Jeder, der daran teilnehmen m\u00f6chte, ist herzlich willkommen. Wir f\u00fchlen uns besonders verbunden mit den Gemeinsch&#8230;                                                        <\/p>\n                                                                                                    <\/div>\n                                                <div class=\"cst_org_content_wrapper\">\n                                                                                                            <div class=\"cst_org_content\">\n                                                            <p>Unsere drei t\u00e4glichen Gebetszeiten (um 7.30, 12.15 und 18.00 Uhr) tragen stark zur Atmosph\u00e4re und Ausstrahlung unseres Hauses bei. Jeder, der daran teilnehmen m\u00f6chte, ist herzlich willkommen. Wir f\u00fchlen uns besonders verbunden mit den Gemeinschaften von Bose, Mazille, Montmirail, Grandchamp, St-Loup und Taiz\u00e9.<br \/>\nJeden Sonntag und an den christlichen Feiertagen wird um 8.00 Uhr ein Gottesdienst mit Abendmahl gefeiert. Unsere Gemeinschaft l\u00e4dt Sie herzlich dazu ein und freut sich \u00fcber jeden Gast auf der Durchreise.<\/p>\n                                                        <\/div>\n                                                                                                        <!--                                                                                     <div class=\"page_banner_btn_bay activity_baybtn\">\n                                                <div class=\"inner_banner_btn_bay\">\n                                                                                                                                                                        <div class=\"cng_btn_col\">\n                                                                <a href=\"\" class=\"btn_grn\"><\/a>\n                                                            <\/div>\n                                                                                                                                                            <\/div>\n                                            <\/div>\n                                         -->\n                                                                                                    <\/div>\n                                            <\/div>\n                                                                                            <div class=\"cst_toggler\">\n                                                    <a href=\"javascript:void(0);\" class=\"cst_emtoggle\"\n                                                        data-mtrigger=\"contm0\"><i class=\"icon-plus\"><\/i><\/a>\n                                                <\/div>\n                                                                                    <\/div>\n                                    <\/li>\n\n                                                                <\/ul>\n                        <\/div>\n                                        <!-- accordian block -->\n                                                                <!-- accordian block -->\n                                            <div class=\"custom_orange_accordion\">\n                            <ul>\n                                                                    <li>\n                                        <div class=\"cst_org_box\">\n                                            <div id=\"contm0\">\n                                                <div class=\"cst_org_header\">\n                                                    Spirituelle Begleitung                                                                                                                                                        <\/div>\n                                                <div class=\"cst_org_few_content\">\n                                                                                                            <p><p>Wenn Sie jemanden ben\u00f6tigen, der Ihnen mit Wohlwollen Geh\u00f6r schenkt oder sich jemandem anvertrauen m\u00f6chten, wenn Sie die Vergebung Gottes suchen oder mehr Klarheit in Ihr Leben bringen m\u00f6chten, kann ein Gespr\u00e4ch mit einem Seelsorger, in einem m&#8230;                                                        <\/p>\n                                                                                                    <\/div>\n                                                <div class=\"cst_org_content_wrapper\">\n                                                                                                            <div class=\"cst_org_content\">\n                                                            <p>Wenn Sie jemanden ben\u00f6tigen, der Ihnen mit Wohlwollen Geh\u00f6r schenkt oder sich jemandem anvertrauen m\u00f6chten, wenn Sie die Vergebung Gottes suchen oder mehr Klarheit in Ihr Leben bringen m\u00f6chten, kann ein Gespr\u00e4ch mit einem Seelsorger, in einem mit Ihnen abgesprochenen Rahmen, in Erw\u00e4gung gezogen werden.<br \/>\nAuf Anfrage kann nach dem Gottesdienst eine Zeit f\u00fcr eine pers\u00f6nliche F\u00fcrbitte vorgesehen werden. Auch eine \u00d6lsalbung, die mit einem Segens- oder Genesungswunsch einhergeht, ist m\u00f6glich.<\/p>\n                                                        <\/div>\n                                                                                                        <!--                                                                                     <div class=\"page_banner_btn_bay activity_baybtn\">\n                                                <div class=\"inner_banner_btn_bay\">\n                                                                                                                                                                        <div class=\"cng_btn_col\">\n                                                                <a href=\"\" class=\"btn_grn\"><\/a>\n                                                            <\/div>\n                                                                                                                                                            <\/div>\n                                            <\/div>\n                                         -->\n                                                                                                    <\/div>\n                                            <\/div>\n                                                                                            <div class=\"cst_toggler\">\n                                                    <a href=\"javascript:void(0);\" class=\"cst_emtoggle\"\n                                                        data-mtrigger=\"contm0\"><i class=\"icon-plus\"><\/i><\/a>\n                                                <\/div>\n                                                                                    <\/div>\n                                    <\/li>\n\n                                                                        <li>\n                                        <div class=\"cst_org_box\">\n                                            <div id=\"contm1\">\n                                                <div class=\"cst_org_header\">\n                                                    Meditationsweg und Labyrinth                                                                                                                                                        <\/div>\n                                                <div class=\"cst_org_few_content\">\n                                                                                                            <p><p>Ein thematischer Rundgang durch den Wald bis zu unserem Holzkreuz auf dem H\u00fcgel bietet Gelegenheit, Zeit f\u00fcr sich \u2013 im eigenen Tempo \u2013 zu geniessen. In unmittelbarer N\u00e4he der Spruchtafeln befinden sich Sitzgelegenheiten, um das Gelesene zu veri&#8230;                                                        <\/p>\n                                                                                                    <\/div>\n                                                <div class=\"cst_org_content_wrapper\">\n                                                                                                            <div class=\"cst_org_content\">\n                                                            <p>Ein thematischer Rundgang durch den Wald bis zu unserem Holzkreuz auf dem H\u00fcgel bietet Gelegenheit, Zeit f\u00fcr sich \u2013 im eigenen Tempo \u2013 zu geniessen. In unmittelbarer N\u00e4he der Spruchtafeln befinden sich Sitzgelegenheiten, um das Gelesene zu verinnerlichen, durchzuatmen und seinen Gedanken nachzugehen.<br \/>\nIm Sommer wird im Park ein Labyrinth ins Gras gezeichnet, das zur vertrauensvollen Suche und Neuausrichtung animiert. <\/p>\n                                                        <\/div>\n                                                                                                        <!--                                                                                     <div class=\"page_banner_btn_bay activity_baybtn\">\n                                                <div class=\"inner_banner_btn_bay\">\n                                                                                                                                                                        <div class=\"cng_btn_col\">\n                                                                <a href=\"\" class=\"btn_grn\"><\/a>\n                                                            <\/div>\n                                                                                                                                                            <\/div>\n                                            <\/div>\n                                         -->\n                                                                                                    <\/div>\n                                            <\/div>\n                                                                                            <div class=\"cst_toggler\">\n                                                    <a href=\"javascript:void(0);\" class=\"cst_emtoggle\"\n                                                        data-mtrigger=\"contm1\"><i class=\"icon-plus\"><\/i><\/a>\n                                                <\/div>\n                                                                                    <\/div>\n                                    <\/li>\n\n                                                                        <li>\n                                        <div class=\"cst_org_box\">\n                                            <div id=\"contm2\">\n                                                <div class=\"cst_org_header\">\n                                                    Adventsfeuer und Adventsreiter                                                                                                                                                        <\/div>\n                                                <div class=\"cst_org_few_content\">\n                                                                                                            <p><p>Eine lebendige Tradition, die vom Hauspfarrer Charles Nicole-Debarge im Jahre 1963 eingef\u00fchrt wurde: Heute werden am 1. Advent (um 18 Uhr) im ganzen Kanton \u00fcber 120 Feuer auf H\u00fcgeln und Aussichtspunkten entfacht. Gebete und Lieder, wie auch ein&#8230;                                                        <\/p>\n                                                                                                    <\/div>\n                                                <div class=\"cst_org_content_wrapper\">\n                                                                                                            <div class=\"cst_org_content\">\n                                                            <p>Eine lebendige Tradition, die vom Hauspfarrer Charles Nicole-Debarge im Jahre 1963 eingef\u00fchrt wurde: Heute werden am 1. Advent (um 18 Uhr) im ganzen Kanton \u00fcber 120 Feuer auf H\u00fcgeln und Aussichtspunkten entfacht. Gebete und Lieder, wie auch eine allj\u00e4hrliche Botschaft, k\u00fcnden die Geburt Jesu, \u00ab Licht der Welt \u00bb, an. Seit 1971 beteiligen sich Reiter mit ihren Pferden daran, indem sie am Sonntagmorgen, nach dem Gottesdienst, die jeweilige Botschaft verk\u00fcnden.<\/p>\n                                                        <\/div>\n                                                                                                        <!--                                                                                     <div class=\"page_banner_btn_bay activity_baybtn\">\n                                                <div class=\"inner_banner_btn_bay\">\n                                                                                                                                                                        <div class=\"cng_btn_col\">\n                                                                <a href=\"\" class=\"btn_grn\"><\/a>\n                                                            <\/div>\n                                                                                                                                                            <\/div>\n                                            <\/div>\n                                         -->\n                                                                                                    <\/div>\n                                            <\/div>\n                                                                                            <div class=\"cst_toggler\">\n                                                    <a href=\"javascript:void(0);\" class=\"cst_emtoggle\"\n                                                        data-mtrigger=\"contm2\"><i class=\"icon-plus\"><\/i><\/a>\n                                                <\/div>\n                                                                                    <\/div>\n                                    <\/li>\n\n                                                                <\/ul>\n                        <\/div>\n                                        <!-- accordian block -->\n                            \n\n\n\n\n\n        <\/div>\n    <\/section>\n\n\n<div class=\"single_scrilltop_wrapper\">\n    <div class=\"container\">\n        <div class=\"scrolltoptop_wrapper\">\n            <a href=\"javascript:\" id=\"return-to-top\">\n                <span class=\"arrow_up\"><\/span>\n                \t            \t\t<span class=\"scroller_content\">zur\u00fcck nach oben<\/span>\n\t\t\t\t\t                <!-- <span class=\"scroller_content\">retourner en haut<\/span> -->\n            <\/a>\n        <\/div>\n    <\/div>\n<\/div>","protected":false},"excerpt":{"rendered":"","protected":false},"author":1,"featured_media":0,"parent":0,"menu_order":0,"comment_status":"closed","ping_status":"closed","template":"templates\/cms-template.php","meta":{"_acf_changed":false,"inline_featured_image":false,"footnotes":""},"class_list":["post-6040","page","type-page","status-publish","hentry"],"acf":[],"yoast_head":"<!-- This site is optimized with the Yoast SEO plugin v26.7 - https:\/\/yoast.com\/wordpress\/plugins\/seo\/ -->\n<title>Traditions De cr\u00eat-b\u00e9rard - cretberard<\/title>\n<meta name=\"robots\" content=\"index, follow, max-snippet:-1, max-image-preview:large, max-video-preview:-1\" \/>\n<link rel=\"canonical\" href=\"https:\/\/cret-berard.ch\/de\/priere-et-traditions-de-cret-berard\/\" \/>\n<meta property=\"og:locale\" content=\"de_DE\" \/>\n<meta property=\"og:type\" content=\"article\" \/>\n<meta property=\"og:title\" content=\"Traditions De cr\u00eat-b\u00e9rard - cretberard\" \/>\n<meta property=\"og:url\" content=\"https:\/\/cret-berard.ch\/de\/priere-et-traditions-de-cret-berard\/\" \/>\n<meta property=\"og:site_name\" content=\"cretberard\" \/>\n<meta property=\"article:modified_time\" content=\"2021-05-16T09:05:01+00:00\" \/>\n<meta name=\"twitter:card\" content=\"summary_large_image\" \/>\n<script type=\"application\/ld+json\" class=\"yoast-schema-graph\">{\"@context\":\"https:\/\/schema.org\",\"@graph\":[{\"@type\":\"WebPage\",\"@id\":\"https:\/\/cret-berard.ch\/de\/priere-et-traditions-de-cret-berard\/\",\"url\":\"https:\/\/cret-berard.ch\/de\/priere-et-traditions-de-cret-berard\/\",\"name\":\"Traditions De cr\u00eat-b\u00e9rard - cretberard\",\"isPartOf\":{\"@id\":\"https:\/\/cret-berard.ch\/#website\"},\"datePublished\":\"2021-05-03T14:37:10+00:00\",\"dateModified\":\"2021-05-16T09:05:01+00:00\",\"breadcrumb\":{\"@id\":\"https:\/\/cret-berard.ch\/de\/priere-et-traditions-de-cret-berard\/#breadcrumb\"},\"inLanguage\":\"de\",\"potentialAction\":[{\"@type\":\"ReadAction\",\"target\":[\"https:\/\/cret-berard.ch\/de\/priere-et-traditions-de-cret-berard\/\"]}]},{\"@type\":\"BreadcrumbList\",\"@id\":\"https:\/\/cret-berard.ch\/de\/priere-et-traditions-de-cret-berard\/#breadcrumb\",\"itemListElement\":[{\"@type\":\"ListItem\",\"position\":1,\"name\":\"Accueil\",\"item\":\"https:\/\/cret-berard.ch\/de\/\"},{\"@type\":\"ListItem\",\"position\":2,\"name\":\"Traditions De cr\u00eat-b\u00e9rard\"}]},{\"@type\":\"WebSite\",\"@id\":\"https:\/\/cret-berard.ch\/#website\",\"url\":\"https:\/\/cret-berard.ch\/\",\"name\":\"cretberard\",\"description\":\"Just another WordPress site\",\"potentialAction\":[{\"@type\":\"SearchAction\",\"target\":{\"@type\":\"EntryPoint\",\"urlTemplate\":\"https:\/\/cret-berard.ch\/?s={search_term_string}\"},\"query-input\":{\"@type\":\"PropertyValueSpecification\",\"valueRequired\":true,\"valueName\":\"search_term_string\"}}],\"inLanguage\":\"de\"}]}<\/script>\n<!-- \/ Yoast SEO plugin. -->","yoast_head_json":{"title":"Traditions De cr\u00eat-b\u00e9rard - cretberard","robots":{"index":"index","follow":"follow","max-snippet":"max-snippet:-1","max-image-preview":"max-image-preview:large","max-video-preview":"max-video-preview:-1"},"canonical":"https:\/\/cret-berard.ch\/de\/priere-et-traditions-de-cret-berard\/","og_locale":"de_DE","og_type":"article","og_title":"Traditions De cr\u00eat-b\u00e9rard - cretberard","og_url":"https:\/\/cret-berard.ch\/de\/priere-et-traditions-de-cret-berard\/","og_site_name":"cretberard","article_modified_time":"2021-05-16T09:05:01+00:00","twitter_card":"summary_large_image","schema":{"@context":"https:\/\/schema.org","@graph":[{"@type":"WebPage","@id":"https:\/\/cret-berard.ch\/de\/priere-et-traditions-de-cret-berard\/","url":"https:\/\/cret-berard.ch\/de\/priere-et-traditions-de-cret-berard\/","name":"Traditions De cr\u00eat-b\u00e9rard - cretberard","isPartOf":{"@id":"https:\/\/cret-berard.ch\/#website"},"datePublished":"2021-05-03T14:37:10+00:00","dateModified":"2021-05-16T09:05:01+00:00","breadcrumb":{"@id":"https:\/\/cret-berard.ch\/de\/priere-et-traditions-de-cret-berard\/#breadcrumb"},"inLanguage":"de","potentialAction":[{"@type":"ReadAction","target":["https:\/\/cret-berard.ch\/de\/priere-et-traditions-de-cret-berard\/"]}]},{"@type":"BreadcrumbList","@id":"https:\/\/cret-berard.ch\/de\/priere-et-traditions-de-cret-berard\/#breadcrumb","itemListElement":[{"@type":"ListItem","position":1,"name":"Accueil","item":"https:\/\/cret-berard.ch\/de\/"},{"@type":"ListItem","position":2,"name":"Traditions De cr\u00eat-b\u00e9rard"}]},{"@type":"WebSite","@id":"https:\/\/cret-berard.ch\/#website","url":"https:\/\/cret-berard.ch\/","name":"cretberard","description":"Just another WordPress site","potentialAction":[{"@type":"SearchAction","target":{"@type":"EntryPoint","urlTemplate":"https:\/\/cret-berard.ch\/?s={search_term_string}"},"query-input":{"@type":"PropertyValueSpecification","valueRequired":true,"valueName":"search_term_string"}}],"inLanguage":"de"}]}},"_links":{"self":[{"href":"https:\/\/cret-berard.ch\/de\/wp-json\/wp\/v2\/pages\/6040","targetHints":{"allow":["GET"]}}],"collection":[{"href":"https:\/\/cret-berard.ch\/de\/wp-json\/wp\/v2\/pages"}],"about":[{"href":"https:\/\/cret-berard.ch\/de\/wp-json\/wp\/v2\/types\/page"}],"author":[{"embeddable":true,"href":"https:\/\/cret-berard.ch\/de\/wp-json\/wp\/v2\/users\/1"}],"replies":[{"embeddable":true,"href":"https:\/\/cret-berard.ch\/de\/wp-json\/wp\/v2\/comments?post=6040"}],"version-history":[{"count":4,"href":"https:\/\/cret-berard.ch\/de\/wp-json\/wp\/v2\/pages\/6040\/revisions"}],"predecessor-version":[{"id":6222,"href":"https:\/\/cret-berard.ch\/de\/wp-json\/wp\/v2\/pages\/6040\/revisions\/6222"}],"wp:attachment":[{"href":"https:\/\/cret-berard.ch\/de\/wp-json\/wp\/v2\/media?parent=6040"}],"curies":[{"name":"wp","href":"https:\/\/api.w.org\/{rel}","templated":true}]}}