{"id":6278,"date":"2021-05-17T06:55:25","date_gmt":"2021-05-17T06:55:25","guid":{"rendered":"http:\/\/cretberard.ch\/?page_id=6278"},"modified":"2021-05-28T11:00:20","modified_gmt":"2021-05-28T11:00:20","slug":"sonderangebote","status":"publish","type":"page","link":"https:\/\/cret-berard.ch\/de\/sonderangebote\/","title":{"rendered":"Spezialangebote"},"content":{"rendered":"<section\n    class=\"banner_wrapper_innerpage bg-img4 parallax\"\n    style=\"\n        background-image: url('https:\/\/cret-berard.ch\/wp-content\/uploads\/2021\/05\/DSC0924-scaled.jpg');\n        background-size: cover;\n        background-repeat: no-repeat;\n        background-attachment: fixed;\n        background-position: center -135px;\">\n    <div class=\"banner_overlay_innerpage\">\n    \t    \t\t\t\t\t <div class=\"return_grard inerpage_back\">\n                    <!--<a href=\"#\" class=\"close_ban_modal\" >\n                        <i class=\"icon-back\"><\/i> retour\n                    <\/a>-->\n\t\t\t\t\t\t            \t\t<button class=\"close_ban_modal\" onclick=\"goBack()\" > <i class=\"icon-back\"><\/i> zur\u00fcck <\/button>\n\t\t\t\t\t\t\t\t\t<\/div>\n    \t            <\/div>\n<\/section>\n\t<section class=\"wrapper_for_banner_content\" style=\"\">\n\t    <div class=\"container\">\n\t        <div class=\"inner_banner_container\">\n\t            <div class=\"ban_content\">\n\t            \t\t                \t<h1>Spezialangebote<\/h1>\n\t            \t\t            \t\t                \t<p>Entdecken Sie hier unsere Spezialangebote und profitieren Sie von einem g\u00fcnstigen Aufenthalt in Cr\u00eat-B\u00e9rard.<\/p>\n\t                \t                \t            <\/div>\n\t        <\/div>\n\t    <\/div>\n\t<\/section>\n<style>\n    b, strong {\n    font-weight: 500;\n}\n    <\/style>\n\n    <section class=\"support_main_ng_wrapper\">\n        <div class=\"container\">\n                                                <div class=\"enorga_wrapper activity_info_first\">\n\n                        <div class=\"enep_content\">\n                            <h4>KEIN ANGEBOT<\/h4>\n                            <p>Wir haben zur Zeit keine speziellen Angebote<\/p>\n\n\n                        <\/div>\n                        <div class=\"seller_description_banner\">\n                            <div id=\"sellerDescription\" class=\"owl-carousel owl-theme\">\n                                                            <\/div>\n\n                        <\/div>\n                    <\/div>\n\n                            \n\n\n\n\n\n        <\/div>\n    <\/section>\n\n\n<div class=\"single_scrilltop_wrapper\">\n    <div class=\"container\">\n        <div class=\"scrolltoptop_wrapper\">\n            <a href=\"javascript:\" id=\"return-to-top\">\n                <span class=\"arrow_up\"><\/span>\n                \t            \t\t<span class=\"scroller_content\">zur\u00fcck nach oben<\/span>\n\t\t\t\t\t                <!-- <span class=\"scroller_content\">retourner en haut<\/span> -->\n            <\/a>\n        <\/div>\n    <\/div>\n<\/div>","protected":false},"excerpt":{"rendered":"","protected":false},"author":1,"featured_media":12274,"parent":0,"menu_order":0,"comment_status":"closed","ping_status":"closed","template":"templates\/cms-template.php","meta":{"_acf_changed":false,"inline_featured_image":false,"footnotes":""},"class_list":["post-6278","page","type-page","status-publish","has-post-thumbnail","hentry"],"acf":[],"yoast_head":"<!-- This site is optimized with the Yoast SEO plugin v26.7 - https:\/\/yoast.com\/wordpress\/plugins\/seo\/ -->\n<title>Spezialangebote - cretberard<\/title>\n<meta name=\"robots\" content=\"index, follow, max-snippet:-1, max-image-preview:large, max-video-preview:-1\" \/>\n<link rel=\"canonical\" href=\"https:\/\/cret-berard.ch\/de\/sonderangebote\/\" \/>\n<meta property=\"og:locale\" content=\"de_DE\" \/>\n<meta property=\"og:type\" content=\"article\" \/>\n<meta property=\"og:title\" content=\"Spezialangebote - cretberard\" \/>\n<meta property=\"og:url\" content=\"https:\/\/cret-berard.ch\/de\/sonderangebote\/\" \/>\n<meta property=\"og:site_name\" content=\"cretberard\" \/>\n<meta property=\"article:modified_time\" content=\"2021-05-28T11:00:20+00:00\" \/>\n<meta name=\"twitter:card\" content=\"summary_large_image\" \/>\n<script type=\"application\/ld+json\" class=\"yoast-schema-graph\">{\"@context\":\"https:\/\/schema.org\",\"@graph\":[{\"@type\":\"WebPage\",\"@id\":\"https:\/\/cret-berard.ch\/de\/sonderangebote\/\",\"url\":\"https:\/\/cret-berard.ch\/de\/sonderangebote\/\",\"name\":\"Spezialangebote - cretberard\",\"isPartOf\":{\"@id\":\"https:\/\/cret-berard.ch\/#website\"},\"primaryImageOfPage\":{\"@id\":\"https:\/\/cret-berard.ch\/de\/sonderangebote\/#primaryimage\"},\"image\":{\"@id\":\"https:\/\/cret-berard.ch\/de\/sonderangebote\/#primaryimage\"},\"thumbnailUrl\":\"https:\/\/cret-berard.ch\/wp-content\/uploads\/2024\/03\/DSC0867-jpg.webp\",\"datePublished\":\"2021-05-17T06:55:25+00:00\",\"dateModified\":\"2021-05-28T11:00:20+00:00\",\"breadcrumb\":{\"@id\":\"https:\/\/cret-berard.ch\/de\/sonderangebote\/#breadcrumb\"},\"inLanguage\":\"de\",\"potentialAction\":[{\"@type\":\"ReadAction\",\"target\":[\"https:\/\/cret-berard.ch\/de\/sonderangebote\/\"]}]},{\"@type\":\"ImageObject\",\"inLanguage\":\"de\",\"@id\":\"https:\/\/cret-berard.ch\/de\/sonderangebote\/#primaryimage\",\"url\":\"https:\/\/cret-berard.ch\/wp-content\/uploads\/2024\/03\/DSC0867-jpg.webp\",\"contentUrl\":\"https:\/\/cret-berard.ch\/wp-content\/uploads\/2024\/03\/DSC0867-jpg.webp\",\"width\":2559,\"height\":1707},{\"@type\":\"BreadcrumbList\",\"@id\":\"https:\/\/cret-berard.ch\/de\/sonderangebote\/#breadcrumb\",\"itemListElement\":[{\"@type\":\"ListItem\",\"position\":1,\"name\":\"Accueil\",\"item\":\"https:\/\/cret-berard.ch\/de\/\"},{\"@type\":\"ListItem\",\"position\":2,\"name\":\"Spezialangebote\"}]},{\"@type\":\"WebSite\",\"@id\":\"https:\/\/cret-berard.ch\/#website\",\"url\":\"https:\/\/cret-berard.ch\/\",\"name\":\"cretberard\",\"description\":\"Just another WordPress site\",\"potentialAction\":[{\"@type\":\"SearchAction\",\"target\":{\"@type\":\"EntryPoint\",\"urlTemplate\":\"https:\/\/cret-berard.ch\/?s={search_term_string}\"},\"query-input\":{\"@type\":\"PropertyValueSpecification\",\"valueRequired\":true,\"valueName\":\"search_term_string\"}}],\"inLanguage\":\"de\"}]}<\/script>\n<!-- \/ Yoast SEO plugin. -->","yoast_head_json":{"title":"Spezialangebote - cretberard","robots":{"index":"index","follow":"follow","max-snippet":"max-snippet:-1","max-image-preview":"max-image-preview:large","max-video-preview":"max-video-preview:-1"},"canonical":"https:\/\/cret-berard.ch\/de\/sonderangebote\/","og_locale":"de_DE","og_type":"article","og_title":"Spezialangebote - cretberard","og_url":"https:\/\/cret-berard.ch\/de\/sonderangebote\/","og_site_name":"cretberard","article_modified_time":"2021-05-28T11:00:20+00:00","twitter_card":"summary_large_image","schema":{"@context":"https:\/\/schema.org","@graph":[{"@type":"WebPage","@id":"https:\/\/cret-berard.ch\/de\/sonderangebote\/","url":"https:\/\/cret-berard.ch\/de\/sonderangebote\/","name":"Spezialangebote - cretberard","isPartOf":{"@id":"https:\/\/cret-berard.ch\/#website"},"primaryImageOfPage":{"@id":"https:\/\/cret-berard.ch\/de\/sonderangebote\/#primaryimage"},"image":{"@id":"https:\/\/cret-berard.ch\/de\/sonderangebote\/#primaryimage"},"thumbnailUrl":"https:\/\/cret-berard.ch\/wp-content\/uploads\/2024\/03\/DSC0867-jpg.webp","datePublished":"2021-05-17T06:55:25+00:00","dateModified":"2021-05-28T11:00:20+00:00","breadcrumb":{"@id":"https:\/\/cret-berard.ch\/de\/sonderangebote\/#breadcrumb"},"inLanguage":"de","potentialAction":[{"@type":"ReadAction","target":["https:\/\/cret-berard.ch\/de\/sonderangebote\/"]}]},{"@type":"ImageObject","inLanguage":"de","@id":"https:\/\/cret-berard.ch\/de\/sonderangebote\/#primaryimage","url":"https:\/\/cret-berard.ch\/wp-content\/uploads\/2024\/03\/DSC0867-jpg.webp","contentUrl":"https:\/\/cret-berard.ch\/wp-content\/uploads\/2024\/03\/DSC0867-jpg.webp","width":2559,"height":1707},{"@type":"BreadcrumbList","@id":"https:\/\/cret-berard.ch\/de\/sonderangebote\/#breadcrumb","itemListElement":[{"@type":"ListItem","position":1,"name":"Accueil","item":"https:\/\/cret-berard.ch\/de\/"},{"@type":"ListItem","position":2,"name":"Spezialangebote"}]},{"@type":"WebSite","@id":"https:\/\/cret-berard.ch\/#website","url":"https:\/\/cret-berard.ch\/","name":"cretberard","description":"Just another WordPress site","potentialAction":[{"@type":"SearchAction","target":{"@type":"EntryPoint","urlTemplate":"https:\/\/cret-berard.ch\/?s={search_term_string}"},"query-input":{"@type":"PropertyValueSpecification","valueRequired":true,"valueName":"search_term_string"}}],"inLanguage":"de"}]}},"_links":{"self":[{"href":"https:\/\/cret-berard.ch\/de\/wp-json\/wp\/v2\/pages\/6278","targetHints":{"allow":["GET"]}}],"collection":[{"href":"https:\/\/cret-berard.ch\/de\/wp-json\/wp\/v2\/pages"}],"about":[{"href":"https:\/\/cret-berard.ch\/de\/wp-json\/wp\/v2\/types\/page"}],"author":[{"embeddable":true,"href":"https:\/\/cret-berard.ch\/de\/wp-json\/wp\/v2\/users\/1"}],"replies":[{"embeddable":true,"href":"https:\/\/cret-berard.ch\/de\/wp-json\/wp\/v2\/comments?post=6278"}],"version-history":[{"count":13,"href":"https:\/\/cret-berard.ch\/de\/wp-json\/wp\/v2\/pages\/6278\/revisions"}],"predecessor-version":[{"id":7081,"href":"https:\/\/cret-berard.ch\/de\/wp-json\/wp\/v2\/pages\/6278\/revisions\/7081"}],"wp:featuredmedia":[{"embeddable":true,"href":"https:\/\/cret-berard.ch\/de\/wp-json\/wp\/v2\/media\/12274"}],"wp:attachment":[{"href":"https:\/\/cret-berard.ch\/de\/wp-json\/wp\/v2\/media?parent=6278"}],"curies":[{"name":"wp","href":"https:\/\/api.w.org\/{rel}","templated":true}]}}