{"id":2697,"date":"2021-04-02T05:27:40","date_gmt":"2021-04-02T05:27:40","guid":{"rendered":"http:\/\/cretberard.ch\/activites\/"},"modified":"2021-05-14T15:47:13","modified_gmt":"2021-05-14T15:47:13","slug":"activites","status":"publish","type":"page","link":"https:\/\/cret-berard.ch\/en\/activites\/","title":{"rendered":"Activit\u00e9s"},"content":{"rendered":"","protected":false},"excerpt":{"rendered":"","protected":false},"author":1,"featured_media":0,"parent":0,"menu_order":0,"comment_status":"closed","ping_status":"closed","template":"","meta":{"_acf_changed":false,"inline_featured_image":false,"footnotes":""},"class_list":["post-2697","page","type-page","status-publish","hentry"],"acf":[],"yoast_head":"<!-- This site is optimized with the Yoast SEO plugin v26.7 - https:\/\/yoast.com\/wordpress\/plugins\/seo\/ -->\n<title>Faites votre programme sur mesure- Cr\u00eat-B\u00e9rard<\/title>\n<meta name=\"description\" content=\"Diff\u00e9rentes activit\u00e9s sont propos\u00e9es au sein de Cr\u00eat-B\u00e9rard telles que des retraites, des ateliers et des \u00e9v\u00e8nements. Venez d\u00e9couvrir les diff\u00e9rentes options et les horaires.\" \/>\n<meta name=\"robots\" content=\"index, follow, max-snippet:-1, max-image-preview:large, max-video-preview:-1\" \/>\n<link rel=\"canonical\" href=\"https:\/\/cret-berard.ch\/en\/activites\/\" \/>\n<meta property=\"og:locale\" content=\"en_US\" \/>\n<meta property=\"og:type\" content=\"article\" \/>\n<meta property=\"og:title\" content=\"Faites votre programme sur mesure- Cr\u00eat-B\u00e9rard\" \/>\n<meta property=\"og:description\" content=\"Diff\u00e9rentes activit\u00e9s sont propos\u00e9es au sein de Cr\u00eat-B\u00e9rard telles que des retraites, des ateliers et des \u00e9v\u00e8nements. Venez d\u00e9couvrir les diff\u00e9rentes options et les horaires.\" \/>\n<meta property=\"og:url\" content=\"https:\/\/cret-berard.ch\/en\/activites\/\" \/>\n<meta property=\"og:site_name\" content=\"cretberard\" \/>\n<meta property=\"article:modified_time\" content=\"2021-05-14T15:47:13+00:00\" \/>\n<meta name=\"twitter:card\" content=\"summary_large_image\" \/>\n<script type=\"application\/ld+json\" class=\"yoast-schema-graph\">{\"@context\":\"https:\/\/schema.org\",\"@graph\":[{\"@type\":\"WebPage\",\"@id\":\"https:\/\/cret-berard.ch\/en\/activites\/\",\"url\":\"https:\/\/cret-berard.ch\/en\/activites\/\",\"name\":\"Faites votre programme sur mesure- Cr\u00eat-B\u00e9rard\",\"isPartOf\":{\"@id\":\"https:\/\/cret-berard.ch\/#website\"},\"datePublished\":\"2021-04-02T05:27:40+00:00\",\"dateModified\":\"2021-05-14T15:47:13+00:00\",\"description\":\"Diff\u00e9rentes activit\u00e9s sont propos\u00e9es au sein de Cr\u00eat-B\u00e9rard telles que des retraites, des ateliers et des \u00e9v\u00e8nements. Venez d\u00e9couvrir les diff\u00e9rentes options et les horaires.\",\"breadcrumb\":{\"@id\":\"https:\/\/cret-berard.ch\/en\/activites\/#breadcrumb\"},\"inLanguage\":\"en-US\",\"potentialAction\":[{\"@type\":\"ReadAction\",\"target\":[\"https:\/\/cret-berard.ch\/en\/activites\/\"]}]},{\"@type\":\"BreadcrumbList\",\"@id\":\"https:\/\/cret-berard.ch\/en\/activites\/#breadcrumb\",\"itemListElement\":[{\"@type\":\"ListItem\",\"position\":1,\"name\":\"Accueil\",\"item\":\"https:\/\/cret-berard.ch\/en\/\"},{\"@type\":\"ListItem\",\"position\":2,\"name\":\"Activit\u00e9s\"}]},{\"@type\":\"WebSite\",\"@id\":\"https:\/\/cret-berard.ch\/#website\",\"url\":\"https:\/\/cret-berard.ch\/\",\"name\":\"cretberard\",\"description\":\"Just another WordPress site\",\"potentialAction\":[{\"@type\":\"SearchAction\",\"target\":{\"@type\":\"EntryPoint\",\"urlTemplate\":\"https:\/\/cret-berard.ch\/?s={search_term_string}\"},\"query-input\":{\"@type\":\"PropertyValueSpecification\",\"valueRequired\":true,\"valueName\":\"search_term_string\"}}],\"inLanguage\":\"en-US\"}]}<\/script>\n<!-- \/ Yoast SEO plugin. -->","yoast_head_json":{"title":"Faites votre programme sur mesure- Cr\u00eat-B\u00e9rard","description":"Diff\u00e9rentes activit\u00e9s sont propos\u00e9es au sein de Cr\u00eat-B\u00e9rard telles que des retraites, des ateliers et des \u00e9v\u00e8nements. Venez d\u00e9couvrir les diff\u00e9rentes options et les horaires.","robots":{"index":"index","follow":"follow","max-snippet":"max-snippet:-1","max-image-preview":"max-image-preview:large","max-video-preview":"max-video-preview:-1"},"canonical":"https:\/\/cret-berard.ch\/en\/activites\/","og_locale":"en_US","og_type":"article","og_title":"Faites votre programme sur mesure- Cr\u00eat-B\u00e9rard","og_description":"Diff\u00e9rentes activit\u00e9s sont propos\u00e9es au sein de Cr\u00eat-B\u00e9rard telles que des retraites, des ateliers et des \u00e9v\u00e8nements. Venez d\u00e9couvrir les diff\u00e9rentes options et les horaires.","og_url":"https:\/\/cret-berard.ch\/en\/activites\/","og_site_name":"cretberard","article_modified_time":"2021-05-14T15:47:13+00:00","twitter_card":"summary_large_image","schema":{"@context":"https:\/\/schema.org","@graph":[{"@type":"WebPage","@id":"https:\/\/cret-berard.ch\/en\/activites\/","url":"https:\/\/cret-berard.ch\/en\/activites\/","name":"Faites votre programme sur mesure- Cr\u00eat-B\u00e9rard","isPartOf":{"@id":"https:\/\/cret-berard.ch\/#website"},"datePublished":"2021-04-02T05:27:40+00:00","dateModified":"2021-05-14T15:47:13+00:00","description":"Diff\u00e9rentes activit\u00e9s sont propos\u00e9es au sein de Cr\u00eat-B\u00e9rard telles que des retraites, des ateliers et des \u00e9v\u00e8nements. Venez d\u00e9couvrir les diff\u00e9rentes options et les horaires.","breadcrumb":{"@id":"https:\/\/cret-berard.ch\/en\/activites\/#breadcrumb"},"inLanguage":"en-US","potentialAction":[{"@type":"ReadAction","target":["https:\/\/cret-berard.ch\/en\/activites\/"]}]},{"@type":"BreadcrumbList","@id":"https:\/\/cret-berard.ch\/en\/activites\/#breadcrumb","itemListElement":[{"@type":"ListItem","position":1,"name":"Accueil","item":"https:\/\/cret-berard.ch\/en\/"},{"@type":"ListItem","position":2,"name":"Activit\u00e9s"}]},{"@type":"WebSite","@id":"https:\/\/cret-berard.ch\/#website","url":"https:\/\/cret-berard.ch\/","name":"cretberard","description":"Just another WordPress site","potentialAction":[{"@type":"SearchAction","target":{"@type":"EntryPoint","urlTemplate":"https:\/\/cret-berard.ch\/?s={search_term_string}"},"query-input":{"@type":"PropertyValueSpecification","valueRequired":true,"valueName":"search_term_string"}}],"inLanguage":"en-US"}]}},"_links":{"self":[{"href":"https:\/\/cret-berard.ch\/en\/wp-json\/wp\/v2\/pages\/2697","targetHints":{"allow":["GET"]}}],"collection":[{"href":"https:\/\/cret-berard.ch\/en\/wp-json\/wp\/v2\/pages"}],"about":[{"href":"https:\/\/cret-berard.ch\/en\/wp-json\/wp\/v2\/types\/page"}],"author":[{"embeddable":true,"href":"https:\/\/cret-berard.ch\/en\/wp-json\/wp\/v2\/users\/1"}],"replies":[{"embeddable":true,"href":"https:\/\/cret-berard.ch\/en\/wp-json\/wp\/v2\/comments?post=2697"}],"version-history":[{"count":1,"href":"https:\/\/cret-berard.ch\/en\/wp-json\/wp\/v2\/pages\/2697\/revisions"}],"predecessor-version":[{"id":2698,"href":"https:\/\/cret-berard.ch\/en\/wp-json\/wp\/v2\/pages\/2697\/revisions\/2698"}],"wp:attachment":[{"href":"https:\/\/cret-berard.ch\/en\/wp-json\/wp\/v2\/media?parent=2697"}],"curies":[{"name":"wp","href":"https:\/\/api.w.org\/{rel}","templated":true}]}}