{"id":2778,"date":"2021-03-24T10:07:41","date_gmt":"2021-03-24T10:07:41","guid":{"rendered":"http:\/\/cretberard.ch\/info-pratiques\/"},"modified":"2023-06-26T06:03:53","modified_gmt":"2023-06-26T06:03:53","slug":"contact-acces","status":"publish","type":"page","link":"https:\/\/cret-berard.ch\/en\/contact-acces\/","title":{"rendered":"Contact &#038; acces"},"content":{"rendered":"<section\n    class=\"banner_wrapper_innerpage bg-img4 parallax\"\n    style=\"\n        background-image: url('https:\/\/cret-berard.ch\/wp-content\/uploads\/2021\/04\/info_cont_banner.jpg');\n        background-size: cover;\n        background-repeat: no-repeat;\n        background-attachment: fixed;\n        background-position: center -135px;\">\n    <div class=\"banner_overlay_innerpage\">\n    \t    \t\t\t\t\t <div class=\"return_grard inerpage_back\">\n                    <!--<a href=\"#\" class=\"close_ban_modal\" >\n                        <i class=\"icon-back\"><\/i> retour\n                    <\/a>-->\n\t\t\t\t\t\t            \t\t<button class=\"close_ban_modal\" onclick=\"goBack()\" > <i class=\"icon-back\"><\/i> back <\/button>\n\t\t\t\t\t\t\t\t\t<\/div>\n    \t            <\/div>\n<\/section>\n\t<section class=\"wrapper_for_banner_content\" style=\"\">\n\t    <div class=\"container\">\n\t        <div class=\"inner_banner_container\">\n\t            <div class=\"ban_content\">\n\t            \t\t                \t<h1>contact &#038; access<\/h1>\n\t            \t\t            \t\t                \t            <\/div>\n\t        <\/div>\n\t    <\/div>\n\t<\/section>\n<style>\n    b, strong {\n    font-weight: 500;\n}\n    <\/style>\n\n\t\t\t\t\t\t\t\t\t<section class=\"info_cal_first_panel\">\n\t\t\t    <div class=\"container\">\n\t\t\t        <div class=\"history_content_wrapper info_epanel\">\n\t\t\t            <div class=\"left_his_pic\">\n\t\t\t                <div class=\"common_his_pic\">\n\t\t\t                    <img decoding=\"async\" src=\"https:\/\/cret-berard.ch\/wp-content\/uploads\/2021\/04\/info_cont_left.jpg\">\n\t\t\t                <\/div>\n\t\t\t            <\/div>\n\t\t\t\t\t\t\t\t\t            <div class=\"right_his_text\">\n\t\t\t                <div class=\"hist_content_main\">\n\t\t\t\t\t\t\t\t<div class=\"info_leftsc_heading all_caps_green\">Cr\u00eat-Berard<\/div>\n\t\t\t\t\t\t\t\t\t<div class=\"scld_Heading all_caps_green\">THE HOUSE OF THE CHURCH AND THE COUNTRY<\/div>\n\t\t\t\t\t\t\t\t\t\n\t\t\t\t\t\t\t\t\t<div class=\"cont_details\">\n\t\t\t\t\t\t\t\t\t\t<ul>\n\t\t\t\t\t\t\t\t\t\t\t<li>Ch. de la Chapelle 19a<br>CH-1070 Puidoux.<\/li>\n\t\t\t\t\t\t\t\t\t\t\t<li class=\"cont_mail_phcont\">\n\t\t\t\t\t\t\t\t\t\t\t\t<a href=\"mailto:info@cret-berard.ch\">info@cret-berard.ch<\/a>\n\t\t\t\t\t\t\t\t\t\t\t\t<a href=\"tel:+41 21 946 03 60\">+41 21 946 03 60<\/a>\n\t\t\t\t\t\t\t\t\t\t\t<\/li>\n\t\t\t\t\t\t\t\t\t\t<\/ul>\n\t\t\t\t\t\t\t\t\t<\/div>\n\t\t\t\t\t\t\t\t<\/div>\n\t\t\t\t\t\t\t<\/div>\n\t\t\t            <\/div>\n\t\t\t\t\t\t\t\t\t\t\t\t\t\t\t        <\/div>\n\t\t\t    <\/div>\n\t\t\t<\/section>\n\t\t\n\t\t\t\t\n\t\t\t\t\t\n\t\t\t\t\t<section class=\"corporate_address\">\n\t\t\t\n\t\t\t<div class=\"container\">\n\t\t\t\t<div class=\"corporate_panel_row\">\n\t\t\t\t\t\t\t\t\t<div class=\"corpo_add_left\">\n\t\t\t\t\t<div class=\"info_leftsc_heading marg_addonpadd all_caps_green\">Go to Cr\u00eat-B\u00e9rard<\/div>\n\n\t\t\t\t\t<div class=\"indiv_add_block\">                    \n\t\t\t\t\t\t<div class=\"semi_sub_addheading\">\n\t\t\t\t\t\tthe house of the church and the country\t\t\t\t\t\t<\/div>\n\t\t\t\t\t\t<div class=\"p_de_contenta\">\n\t\t\t\t\t\t\tBy Puidoux-Village, A9 highway exit: <span>Chexbres (Exit 13).\t\t\t\t\t\t<\/div>\n\t\t\t\t\t<\/div>\n\n\n\t\t\t\t\t<div class=\"indiv_add_block\">                    \n\t\t\t\t\t\t<div class=\"semi_sub_addheading\">\n\t\t\t\t\t\tBooking a transfer\t\t\t\t\t\t<\/div>\n\t\t\t\t\t\t<div class=\"p_de_contenta\">\n\t\t\t\t\t\tMonday to Friday\t\t\t\t\t\t<\/div>\n\t\t\t\t\t\t<div class=\"add_time_office\">\n\t\t\t\t\t\t<ul>\n<li>08:00 &#8211; 12:00<\/li>\n<li>13:30 &#8211; 17:30<\/li>\n<\/ul>\n\t\t\t\t\t\t<\/div>\n\t\t\t\t\t\t<div class=\"p_de_contenta m_depi_center\">\n\t\t\t\t\t\tBook by Phone : \t\t\t\t\t\t<\/div>\n\t\t\t\t\t\t<div class=\"p_lavilla_email m_depi_center\">\n\t\t\t\t\t\t\t<a href=\"tel:+41 (0)21 946 03 60\">+41 (0)21 946 03 60<\/a>\n\t\t\t\t\t\t<\/div>\n\t\t\t\t\t<\/div>\n\t\t\t\t\t<div class=\"indiv_add_block\">                    \n\t\t\t\t\t\t<div class=\"semi_sub_addheading\">\n\t\t\t\t\t\tBy train :\t\t\t\t\t\t<\/div>\n\t\t\t\t\t\t<div class=\"p_de_contenta\">\n\t\t\t\t\t\tPuidoux station on the line <span>Lausanne-Pal\u00e9zieux.<\/span><\/span>\n\t\t\t\t\t\t<\/div>\n\t\t\t\t\t<\/div>\n\t\t\t\t\t<div class=\"indi_add_custom_form\">\n<div style=\"width: 340px; margin: 0px; padding: 0px; text-align: right; background-color: #ffffff;\">\n<div class=\"form_dheading_etrack\">\n<p><img decoding=\"async\" src=\"https:\/\/cret-berard.ch\/wp-content\/themes\/cretberard\/assets\/images\/sbb-logo.png\" alt=\"SBB|CFF|FFS\" \/><\/p>\n<h1 style=\"background-color: #dddddd; color: #000000; font-family: Arial, Helvetica, sans-serif; font-size: 12px; font-weight: bold; padding: 2px 0px; margin: 0 0 0 3px; height: 15px; text-align: left; clear: both;\">Horaire<\/h1>\n<\/div>\n<div style=\"width: 100%; background-color: #f8f8f8; margin: 0; padding: 0px;\">\n<form id=\"timetable\" style=\"display: inline;\" action=\"http:\/\/fahrplan.sbb.ch\/bin\/query.exe\/fn?externalCall=yes&amp;DCSext.wt_fp_request=partner_standard\" method=\"get\" name=\"formular\" target=\"_blank\"><input name=\"queryPageDisplayed\" type=\"hidden\" value=\"yes\" \/><\/p>\n<table class=\"ig\" style=\"width: 330px; margin: 4px;\" cellspacing=\"0\" cellpadding=\"4\">\n<tbody>\n<tr>\n<td style=\"font-family: Arial, Helvetica, sans-serif; font-size: 12px; text-align: left; vertical-align: middle; padding: 2px 3px 2px 0px;\"><select style=\"background-color: #fff; border: 1px solid #7F9DB9; color: #000; width: 108px;\" name=\"REQ0JourneyStopsSA\"><option selected=\"selected\" value=\"7\">De:<\/option><option value=\"1\">Gare\/Arr\u00eat<\/option><option value=\"2\">Lieu, rue, num\u00e9ro<\/option><option value=\"4\">Tourisme<\/option><\/select><\/td>\n<td style=\"font-family: Arial, Helvetica, sans-serif; font-size: 12px; text-align: left; vertical-align: middle; padding: 2px 3px 2px 0px;\" colspan=\"2\"><input id=\"city\" accesskey=\"f\" style=\"width: 215px; background-color: #fff; border: 1px solid #7F9DB9; color: #000;\" tabindex=\"1\" name=\"REQ0JourneyStopsSG\" size=\"16\" type=\"text\" value=\"\" \/><br \/>\n<input name=\"REQ0JourneyStopsSID\" type=\"hidden\" \/><\/td>\n<\/tr>\n<tr>\n<th style=\"font-family: Arial, Helvetica, sans-serif; font-size: 12px; text-align: left; vertical-align: middle; font-weight: bold; width: 55px;\" nowrap=\"nowrap\">\u00c0:<\/th>\n<td style=\"font-family: Arial, Helvetica, sans-serif; font-size: 12px; text-align: left; vertical-align: middle; padding: 2px 3px 2px 0px;\" colspan=\"2\"><input name=\"REQ0JourneyStopsZID\" type=\"hidden\" value=\"A=1@O=Puidoux-Chexbres@X=6765686@Y=46493836@U=85@L=008504012@B=1@p=1450083565@\" \/><br \/>\n<span style=\"font-weight: bold;\">Puidoux<\/span><\/td>\n<\/tr>\n<tr>\n<th style=\"font-family: Arial, Helvetica, sans-serif; font-size: 12px; text-align: left; vertical-align: middle; font-weight: bold; width: 55px;\" nowrap=\"nowrap\">Date:<\/th>\n<td style=\"font-family: Arial, Helvetica, sans-serif; font-size: 12px; text-align: left; vertical-align: middle; padding: 2px 3px 2px 0px;\" nowrap=\"nowrap\"><input id=\"date_scheduled\" accesskey=\"d\" style=\"width: 85px; border: solid 1px #7E9EB9;\" tabindex=\"3\" maxlength=\"14\" name=\"REQ0JourneyDate\" type=\"text\" value=\"15.12.15\" \/><\/td>\n<\/tr>\n<tr>\n<th style=\"font-family: Arial, Helvetica, sans-serif; font-size: 12px; text-align: left; vertical-align: middle; font-weight: bold; width: 55px;\" nowrap=\"nowrap\">Heure:<\/th>\n<td style=\"font-family: Arial, Helvetica, sans-serif; font-size: 12px; text-align: left; vertical-align: middle; padding: 2px 3px 2px 0px;\" nowrap=\"nowrap\"><input id=\"time_scheduled\" accesskey=\"c\" style=\"border: solid 1px #7E9EB9;\" tabindex=\"4\" maxlength=\"5\" name=\"REQ0JourneyTime\" size=\"5\" type=\"text\" value=\"14:20\" \/><\/td>\n<td style=\"font-family: Arial, Helvetica, sans-serif; font-size: 12px; text-align: left; vertical-align: middle; padding: 2px 3px 2px 0px;\" nowrap=\"nowrap\"><input class=\"radio\" style=\"margin-right: 3px;\" checked=\"checked\" name=\"REQ0HafasSearchForw\" type=\"radio\" value=\"1\" \/>D\u00e9part<br \/>\n<input class=\"radio\" style=\"margin-right: 3px;\" name=\"REQ0HafasSearchForw\" type=\"radio\" value=\"0\" \/>Arriv\u00e9e<\/td>\n<\/tr>\n<tr>\n<td><\/td>\n<td style=\"text-align: left;\" colspan=\"2\"><input name=\"start\" type=\"hidden\" value=\"Rechercher\" \/><br \/>\n<button id=\"submit_button\" style=\"font-family: Arial, Helvetica, sans-serif; font-size: 12px; text-align: center; width: 175px; vertical-align: middle; cursor: pointer; -moz-border-radius: 3px 3px 3px 3px; background-color: #ee0000; border: 1px solid #B20000; color: #ffffff; font-weight: bold; height: auto; line-height: 20px; padding: 0px 10px; text-decoration: none; white-space: nowrap;\" tabindex=\"5\" name=\"start\">Chercher correspondance<\/button><\/td>\n<\/tr>\n<tr>\n<td><\/td>\n<td style=\"text-align: left;\" colspan=\"2\"><a style=\"font-family: Arial,Helvetica,sans-serif; font-size: 12px; margin-top: 4px; color: #6b7786; text-decoration: none; display: block;\" title=\"Derni\u00e8res informations sur les gr\u00e8ves \/ majeures interruptions du trafic ferroviaire.\" href=\"http:\/\/www.cff.ch\/166\" target=\"_blank\" rel=\"noopener\"><img decoding=\"async\" style=\"vertical-align: top; padding-right: 2px; border: none;\" src=\"http:\/\/fahrplan.sbb.ch\/img\/one\/icon_arrow_right.png\" alt=\"\" \/>Informations sur le trafic<\/a><\/td>\n<\/tr>\n<\/tbody>\n<\/table>\n<\/form>\n<\/div>\n<\/div>\n<\/div>\n\t\t\t\t\t\n\t\t\t\t\t\n\t\t\t\t<\/div> \n\t\t\t\t\t\t\t\t\t\t\t\t\t\t\t\t\t<div class=\"corpo_add_right\">\n\t\t\t\t\t\t<div class=\"rtgt_cont_address\">\n\t\t\t\t\t\t\t<div class=\"info_leftsc_heading marg_addonpadd all_caps_green\">SCHEDULE<\/div>\n\n\t\t\t\t\t\t\t<div class=\"indiv_add_block\">                    \n\t\t\t\t\t\t\t\t<div class=\"semi_sub_addheading\">\n\t\t\t\t\t\t\t\tReception\t\t\t\t\t\t\t\t<\/div>\n\t\t\t\t\t\t\t\t<div class=\"p_de_contenta all_caps_erdadd eadd_padding\">\n\t\t\t\t\t\t\t\topening <span class=\"custom_bold_egpr\">7J \/ 7<\/span>\n\t\t\t\t\t\t\t\t<\/div>\n\t\t\t\t\t\t\t\t<div class=\"add_time_office\">\n\t\t\t\t\t\t\t\t<ul>\n<li>07:00 &#8211; 19:00 (flexible hours at weekends)<\/li>\n<\/ul>\n\t\t\t\t\t\t\t\t<\/div>\n\t\t\t\t\t\t\t\t\n\t\t\t\t\t\t\t<\/div>\n\n\n\t\t\t\t\t\t\t<div class=\"indiv_add_block\">                    \n\t\t\t\t\t\t\t\t<div class=\"semi_sub_addheading\">\n\t\t\t\t\t\t\t\tannual closure\t\t\t\t\t\t\t\t<\/div>\n\t\t\t\t\t\t\t\t<div class=\"p_de_contenta eadd_padding\">\n\t\t\t\t\t\t\t\tFrom the <span class=\"custom_bold_egpr\">15th December 2021<\/span><br \/> to the <span class=\"custom_bold_egpr\">4th January 2022<\/span>\t\t\t\t\t\t\t\t<\/div>\n\t\t\t\t\t\t\t\n\t\t\t\t\t\t\t\t\n\t\t\t\t\t\t\t<\/div>\n\n\t\t\t\t\t\t\t<div class=\"indiv_add_block\">                    \n\t\t\t\t\t\t\t\t<div class=\"semi_sub_addheading\">\n\t\t\t\t\t\t\t\tservice hours\t\t\t\t\t\t\t\t<\/div>\n\t\t\t\t\t\t\t\t<div class=\"p_de_contenta eadd_padding\">\n\t\t\t\t\t\t\t\tMonday to Saturday : \t\t\t\t\t\t\t\t<\/div>\n\t\t\t\t\t\t\t\t<div class=\"add_time_office\">\n\t\t\t\t\t\t\t\t<ul>\n<li>07:30 &#8211; 08:00<\/li>\n<li>12:15 &#8211; 12:30<\/li>\n<li>18:00 &#8211; 18:30<\/li>\n<\/ul>\n<p>On Sunday :<\/p>\n<ul>\n<li>culte \u00e0 08:00<\/li>\n<li>office \u00e0 18:00<\/li>\n<\/ul>\n\t\t\t\t\t\t\t\t<\/div>\n\t\t\t\t\t\t\t\t\n\t\t\t\t\t\t\t<\/div>\n\t\t\t\t\t\t<\/div>\n\t\t\t\t\t<\/div>\n\t\t\t\t\t\t\t\t\t\t\t\t\t<\/div>\n\t\t\t<\/div>       \t\t\n        \t<\/section>\n\t\t\t\t\n\t\t\t\t\n\n\n<div class=\"single_scrilltop_wrapper\">\n    <div class=\"container\">\n        <div class=\"scrolltoptop_wrapper\">\n            <a href=\"javascript:\" id=\"return-to-top\">\n                <span class=\"arrow_up\"><\/span>\n                \t            \t\t<span class=\"scroller_content\">back to top<\/span>\n\t\t\t\t\t                <!-- <span class=\"scroller_content\">retourner en haut<\/span> -->\n            <\/a>\n        <\/div>\n    <\/div>\n<\/div>\n\n\t\t\t\n\t\t\t\t\n\t\t\t\t\t<section class=\"map_info_big\">\n\t\t\t    <iframe src=\"https:\/\/www.google.com\/maps\/embed?pb=!1m14!1m8!1m3!1d73914.36433511093!2d6.783846446308634!3d46.49110435046135!3m2!1i1024!2i768!4f13.1!3m3!1m2!1s0x0%3A0xcc5c4b3e8943f40!2sHouse%20Cret-Berard%20-%20Seminar%20house!5e0!3m2!1sen!2sin!4v1621237454496!5m2!1sen!2sin\" width=\"600\" height=\"450\" style=\"border:0;\" allowfullscreen=\"\" loading=\"lazy\"><\/iframe>\t\t\t<\/section>\n\t\t\t\t\n\n\n\n<p><\/p>\n","protected":false},"excerpt":{"rendered":"","protected":false},"author":1,"featured_media":0,"parent":0,"menu_order":0,"comment_status":"closed","ping_status":"closed","template":"templates\/cms-template.php","meta":{"_acf_changed":false,"inline_featured_image":false,"footnotes":""},"class_list":["post-2778","page","type-page","status-publish","hentry"],"acf":[],"yoast_head":"<!-- This site is optimized with the Yoast SEO plugin v26.7 - https:\/\/yoast.com\/wordpress\/plugins\/seo\/ -->\n<title>where to find us and how to contact us - Cr\u00eat-B\u00e9rard<\/title>\n<meta name=\"description\" content=\"Cr\u00eat-B\u00e9rard, the house of the church and the country at Puidoux. Join us by phone at +41 (0)21 946 03 60 or by email at info@cret-berard.ch\" \/>\n<meta name=\"robots\" content=\"index, follow, max-snippet:-1, max-image-preview:large, max-video-preview:-1\" \/>\n<link rel=\"canonical\" href=\"https:\/\/cret-berard.ch\/en\/contact-acces\/\" \/>\n<meta property=\"og:locale\" content=\"en_US\" \/>\n<meta property=\"og:type\" content=\"article\" \/>\n<meta property=\"og:title\" content=\"where to find us and how to contact us - Cr\u00eat-B\u00e9rard\" \/>\n<meta property=\"og:description\" content=\"Cr\u00eat-B\u00e9rard, the house of the church and the country at Puidoux. Join us by phone at +41 (0)21 946 03 60 or by email at info@cret-berard.ch\" \/>\n<meta property=\"og:url\" content=\"https:\/\/cret-berard.ch\/en\/contact-acces\/\" \/>\n<meta property=\"og:site_name\" content=\"cretberard\" \/>\n<meta property=\"article:modified_time\" content=\"2023-06-26T06:03:53+00:00\" \/>\n<meta name=\"twitter:card\" content=\"summary_large_image\" \/>\n<script type=\"application\/ld+json\" class=\"yoast-schema-graph\">{\"@context\":\"https:\/\/schema.org\",\"@graph\":[{\"@type\":\"WebPage\",\"@id\":\"https:\/\/cret-berard.ch\/en\/contact-acces\/\",\"url\":\"https:\/\/cret-berard.ch\/en\/contact-acces\/\",\"name\":\"where to find us and how to contact us - Cr\u00eat-B\u00e9rard\",\"isPartOf\":{\"@id\":\"https:\/\/cret-berard.ch\/#website\"},\"datePublished\":\"2021-03-24T10:07:41+00:00\",\"dateModified\":\"2023-06-26T06:03:53+00:00\",\"description\":\"Cr\u00eat-B\u00e9rard, the house of the church and the country at Puidoux. Join us by phone at +41 (0)21 946 03 60 or by email at info@cret-berard.ch\",\"breadcrumb\":{\"@id\":\"https:\/\/cret-berard.ch\/en\/contact-acces\/#breadcrumb\"},\"inLanguage\":\"en-US\",\"potentialAction\":[{\"@type\":\"ReadAction\",\"target\":[\"https:\/\/cret-berard.ch\/en\/contact-acces\/\"]}]},{\"@type\":\"BreadcrumbList\",\"@id\":\"https:\/\/cret-berard.ch\/en\/contact-acces\/#breadcrumb\",\"itemListElement\":[{\"@type\":\"ListItem\",\"position\":1,\"name\":\"Accueil\",\"item\":\"https:\/\/cret-berard.ch\/en\/\"},{\"@type\":\"ListItem\",\"position\":2,\"name\":\"Contact &#038; acces\"}]},{\"@type\":\"WebSite\",\"@id\":\"https:\/\/cret-berard.ch\/#website\",\"url\":\"https:\/\/cret-berard.ch\/\",\"name\":\"cretberard\",\"description\":\"Just another WordPress site\",\"potentialAction\":[{\"@type\":\"SearchAction\",\"target\":{\"@type\":\"EntryPoint\",\"urlTemplate\":\"https:\/\/cret-berard.ch\/?s={search_term_string}\"},\"query-input\":{\"@type\":\"PropertyValueSpecification\",\"valueRequired\":true,\"valueName\":\"search_term_string\"}}],\"inLanguage\":\"en-US\"}]}<\/script>\n<!-- \/ Yoast SEO plugin. -->","yoast_head_json":{"title":"where to find us and how to contact us - Cr\u00eat-B\u00e9rard","description":"Cr\u00eat-B\u00e9rard, the house of the church and the country at Puidoux. Join us by phone at +41 (0)21 946 03 60 or by email at info@cret-berard.ch","robots":{"index":"index","follow":"follow","max-snippet":"max-snippet:-1","max-image-preview":"max-image-preview:large","max-video-preview":"max-video-preview:-1"},"canonical":"https:\/\/cret-berard.ch\/en\/contact-acces\/","og_locale":"en_US","og_type":"article","og_title":"where to find us and how to contact us - Cr\u00eat-B\u00e9rard","og_description":"Cr\u00eat-B\u00e9rard, the house of the church and the country at Puidoux. Join us by phone at +41 (0)21 946 03 60 or by email at info@cret-berard.ch","og_url":"https:\/\/cret-berard.ch\/en\/contact-acces\/","og_site_name":"cretberard","article_modified_time":"2023-06-26T06:03:53+00:00","twitter_card":"summary_large_image","schema":{"@context":"https:\/\/schema.org","@graph":[{"@type":"WebPage","@id":"https:\/\/cret-berard.ch\/en\/contact-acces\/","url":"https:\/\/cret-berard.ch\/en\/contact-acces\/","name":"where to find us and how to contact us - Cr\u00eat-B\u00e9rard","isPartOf":{"@id":"https:\/\/cret-berard.ch\/#website"},"datePublished":"2021-03-24T10:07:41+00:00","dateModified":"2023-06-26T06:03:53+00:00","description":"Cr\u00eat-B\u00e9rard, the house of the church and the country at Puidoux. Join us by phone at +41 (0)21 946 03 60 or by email at info@cret-berard.ch","breadcrumb":{"@id":"https:\/\/cret-berard.ch\/en\/contact-acces\/#breadcrumb"},"inLanguage":"en-US","potentialAction":[{"@type":"ReadAction","target":["https:\/\/cret-berard.ch\/en\/contact-acces\/"]}]},{"@type":"BreadcrumbList","@id":"https:\/\/cret-berard.ch\/en\/contact-acces\/#breadcrumb","itemListElement":[{"@type":"ListItem","position":1,"name":"Accueil","item":"https:\/\/cret-berard.ch\/en\/"},{"@type":"ListItem","position":2,"name":"Contact &#038; acces"}]},{"@type":"WebSite","@id":"https:\/\/cret-berard.ch\/#website","url":"https:\/\/cret-berard.ch\/","name":"cretberard","description":"Just another WordPress site","potentialAction":[{"@type":"SearchAction","target":{"@type":"EntryPoint","urlTemplate":"https:\/\/cret-berard.ch\/?s={search_term_string}"},"query-input":{"@type":"PropertyValueSpecification","valueRequired":true,"valueName":"search_term_string"}}],"inLanguage":"en-US"}]}},"_links":{"self":[{"href":"https:\/\/cret-berard.ch\/en\/wp-json\/wp\/v2\/pages\/2778","targetHints":{"allow":["GET"]}}],"collection":[{"href":"https:\/\/cret-berard.ch\/en\/wp-json\/wp\/v2\/pages"}],"about":[{"href":"https:\/\/cret-berard.ch\/en\/wp-json\/wp\/v2\/types\/page"}],"author":[{"embeddable":true,"href":"https:\/\/cret-berard.ch\/en\/wp-json\/wp\/v2\/users\/1"}],"replies":[{"embeddable":true,"href":"https:\/\/cret-berard.ch\/en\/wp-json\/wp\/v2\/comments?post=2778"}],"version-history":[{"count":40,"href":"https:\/\/cret-berard.ch\/en\/wp-json\/wp\/v2\/pages\/2778\/revisions"}],"predecessor-version":[{"id":11436,"href":"https:\/\/cret-berard.ch\/en\/wp-json\/wp\/v2\/pages\/2778\/revisions\/11436"}],"wp:attachment":[{"href":"https:\/\/cret-berard.ch\/en\/wp-json\/wp\/v2\/media?parent=2778"}],"curies":[{"name":"wp","href":"https:\/\/api.w.org\/{rel}","templated":true}]}}