{"id":2802,"date":"2021-03-24T12:03:10","date_gmt":"2021-03-24T12:03:10","guid":{"rendered":"http:\/\/cretberard.ch\/mediatheque-2\/"},"modified":"2025-03-11T09:30:16","modified_gmt":"2025-03-11T09:30:16","slug":"mediatheque","status":"publish","type":"page","link":"https:\/\/cret-berard.ch\/en\/mediatheque\/","title":{"rendered":"Mediatheque"},"content":{"rendered":"<section\n    class=\"banner_wrapper_innerpage bg-img4 parallax\"\n    style=\"\n        background-image: url('https:\/\/cret-berard.ch\/wp-content\/uploads\/2021\/05\/HOME.jpg');\n        background-size: cover;\n        background-repeat: no-repeat;\n        background-attachment: fixed;\n        background-position: center -135px;\">\n    <div class=\"banner_overlay_innerpage\">\n    \t    \t\t\t\t\t <div class=\"return_grard inerpage_back\">\n                    <!--<a href=\"#\" class=\"close_ban_modal\" >\n                        <i class=\"icon-back\"><\/i> retour\n                    <\/a>-->\n\t\t\t\t\t\t            \t\t<button class=\"close_ban_modal\" onclick=\"goBack()\" > <i class=\"icon-back\"><\/i> back <\/button>\n\t\t\t\t\t\t\t\t\t<\/div>\n    \t        \t        <div class=\"return_grard_bottom\">\n\t            <a href=\"#\" class=\"close_ban_inner_page\" >\n\t                <i class=\"icon-right-arrow1\"><\/i>\n\t            <\/a>\n\t            \n\t        <\/div>\n            <\/div>\n<\/section>\n\t<section class=\"wrapper_for_banner_content\" style=\"\">\n\t    <div class=\"container\">\n\t        <div class=\"inner_banner_container\">\n\t            <div class=\"ban_content\">\n\t            \t\t                \t<h1>M\u00c9DIATH\u00c8QUE<\/h1>\n\t            \t\t            \t\t                \t<p>Cr\u00eat-B\u00e9rard tells its story in pictures! Conferences, photographs and memories.<\/p>\n\t                \t                \t            <\/div>\n\t        <\/div>\n\t    <\/div>\n\t<\/section>\n<style>\n    b, strong {\n    font-weight: 500;\n}\n    <\/style>\n\n<section class=\"rooms_list_wrapper mobi_history_panel_wrappe\">\n\t    <div class=\"container\">\n\t        <div class=\"history_inner_wrapper la_region_main\">\n                              \t\t\t\t<div class=\"history_content_wrapper\">\n\t\t\t\t\t\t            \t<div class=\"left_his_pic\">\n\t            \t\t\n\t            \t\t\t<div id=\"photogalmediaBanner\" class=\"owl-carousel owl-theme\">\n\t            \t\t\t\t\t\t\t\t\t\t\t\t\t            \t\t\t\t\t<div class=\"item\">\n\t\t\t                            <div class=\"common_region_pic\">\n\t\t\t                            \t<a href=\"javascript:void(0);\" data-toggle=\"modal\" data-target=\"#mediatheque_photogallery\">\n\t\t\t                                \t<img decoding=\"async\" src=\"https:\/\/cret-berard.ch\/wp-content\/uploads\/2021\/05\/parc.jpg\">\n\t\t\t                            \t<\/a>\n\t\t\t                            <\/div>\n\t\t\t                        <\/div>\n\t            \t\t\t\t\t\t\t\t\t\t\t\t\t            \t\t\t\t\t<div class=\"item\">\n\t\t\t                            <div class=\"common_region_pic\">\n\t\t\t                            \t<a href=\"javascript:void(0);\" data-toggle=\"modal\" data-target=\"#mediatheque_photogallery\">\n\t\t\t                                \t<img decoding=\"async\" src=\"https:\/\/cret-berard.ch\/wp-content\/uploads\/2021\/05\/transats.jpg\">\n\t\t\t                            \t<\/a>\n\t\t\t                            <\/div>\n\t\t\t                        <\/div>\n\t            \t\t\t\t\t\t\t\t\t\t\t\t\t            \t\t\t\t\t<div class=\"item\">\n\t\t\t                            <div class=\"common_region_pic\">\n\t\t\t                            \t<a href=\"javascript:void(0);\" data-toggle=\"modal\" data-target=\"#mediatheque_photogallery\">\n\t\t\t                                \t<img decoding=\"async\" src=\"https:\/\/cret-berard.ch\/wp-content\/uploads\/2021\/05\/Capture.jpg\">\n\t\t\t                            \t<\/a>\n\t\t\t                            <\/div>\n\t\t\t                        <\/div>\n\t            \t\t\t\t\t\t\t\t\t\t\t\t\t            \t\t\t\t\t<div class=\"item\">\n\t\t\t                            <div class=\"common_region_pic\">\n\t\t\t                            \t<a href=\"javascript:void(0);\" data-toggle=\"modal\" data-target=\"#mediatheque_photogallery\">\n\t\t\t                                \t<img decoding=\"async\" src=\"https:\/\/cret-berard.ch\/wp-content\/uploads\/2021\/05\/Capture2.jpg\">\n\t\t\t                            \t<\/a>\n\t\t\t                            <\/div>\n\t\t\t                        <\/div>\n\t            \t\t\t\t\t\t                    <\/div>\n\t            \t\t\n\t            \t<\/div>\n\t\t\t\t\t \n\t            \t<div class=\"right_his_text\">\n\t                    <div class=\"hist_content_main\">\n\t\t\t\t\t\t\t\t\t\t\t\t\t\t\t\t\t\t\t\t\t\t\t\t\t\t\t<div class=\"his_region\">Some pictures of our place<\/div>\n\t\t\t\t\t\t\t\t                       \t\t\t\t\t\t\t\t\t<div class=\"his_content\">\n\t\t                            <p>Cr\u00eat-B\u00e9rard is an atypical house, nestled in a sublime place. Let us show you a few extracts in pictures.<\/p>\n\t\t                        <\/div>\n\t\t\t\t\t\t\t\t                    <\/div>\n\t                <\/div>\n\t            <\/div>\n               \t            \n\n\t            \n\t\t\t\t\n                               \t\t\t   \t\t\t   \t\t\t   \t\t\t   \t\t\t\t\t   \t\t\t\t\t\t\t\t\t\t\t\t\t\t\t<section class=\"product_video_second\">\n\t\t\t\t\t\t    <div class=\"container\">\n\t\t\t\t\t\t        <div class=\"inner_video_wrapper\">\n\t\t\t\t\t\t            <div class=\"video_ovarlay\">\n\t\t\t\t\t\t                <a class=\"vid_play_btn\" href=\"#\" data-modal-id=\"popup1\"><i class=\"icon-play\"><\/i><\/a>\n\t\t\t\t\t\t            <\/div>\n\t\t\t\t\t\t            <img decoding=\"async\" src=\"https:\/\/cret-berard.ch\/wp-content\/uploads\/2021\/05\/DSC0867-1-scaled.jpg\" alt=\"\" \/>\n\t\t\t\t\t\t        <\/div>\n\t\t\t\t\t\t    <\/div>\n\t\t\t\t\t\t<\/section>\n\t\t\t\t\t\t<div class=\"modal-box\" id=\"popup1\">\n\t\t\t\t\t\t    <div class=\"modal-body\">\n\t\t\t\t\t\t        <div class=\"video_mainpl_wrapper\">\n\t\t\t\t\t\t            <button type=\"button\" class=\"close_me js-modal-close close\" data-dismiss=\"modal\" aria-label=\"Close\">\n\t\t\t\t\t\t                <span class=\"icon-close1\"><\/span>\n\t\t\t\t\t\t            <\/button>\n\t\t\t\t\t\t            \t\t\t\t\t\t                <video id=\"somevid\" controls autoplay loop>\n\t\t\t\t\t\t                    <source src=\"https:\/\/cret-berard.ch\/wp-content\/uploads\/2022\/03\/cret_berard_-_movie-1080p.mp4\" \/>\n\t\t\t\t\t\t                    <source src=\"https:\/\/cret-berard.ch\/wp-content\/uploads\/2022\/03\/cret_berard_-_movie-1080p.mp4\" \/>\n\t\t\t\t\t\t                    Your browser does not support the video tag.\n\t\t\t\t\t\t                <\/video>\n\t\t\t\t\t\t            \t\t\t\t\t\t        <\/div>\n\t\t\t\t\t\t    <\/div>\n\t\t\t\t\t\t<\/div>\n\t\t\t   \t\t\t\t\t   \t\t\t   \n\t\t\t\t\n\t\t\t   \n\t\t\t\t\t            \n\n\t            \n\t\t\t\t\n                               \t\t\t\t\t<div class=\"history_content_wrapper desktop_reverce mediatheque_content_wrapper\">\n\t\t\t\t\t\t\t\t\t    <div class=\"left_his_pic\"> \n\t\t\t\t    \t\n\t\t\t\t    \t\t<div id=\"photogalhistoryBanner\" class=\"owl-carousel owl-theme\">\n\t\t\t\t\t\t\t\t\t\t\t\t\t\t\t\t\t\t\t            \t\t\t\t\t<div class=\"item\">\n\t\t\t\t\t\t                <div class=\"common_region_pic\">\n\t\t\t\t\t\t                    <img decoding=\"async\" src=\"https:\/\/cret-berard.ch\/wp-content\/uploads\/2021\/05\/zack-xavier-VjzXKgCUqLw-unsplash-scaled-e1620743124133.jpg\" \/>\n\t\t\t\t\t\t                <\/div>\n\t\t\t\t\t\t            <\/div>\n\t\t\t\t    \t\t\t\t\t\t\t    \t\t<\/div>\n\t\t\t\t    \t\n\t\t\t\t    <\/div>\n\t\t\t\t\t\t\t\t\t\t\t\t\t\t    <div class=\"right_his_text\">\n\t\t\t\t\t\t<div class=\"hist_content_main\">\n\t\t\t\t\t\t\t<div class=\"his_region\">CONFERENCES TO (RE)SEE<\/div>\n\t\t\t\t\t\t\t<div class=\"vertical_scrilled_content\">\n\t\t\t\t\t\t\t\t<!--  -->\n\t\t\t\t\t\t\t\t\t\t\t\t\t\t\t\t<ul>\n\t\t\t\t\t\t\t\t\t\t\t\t\t\t\t\t\t\t\t\t\t\t\t\t\t\t\t\t\t\t\t\t\t\t\t\t\t\t\t\t\t\t\t\t\t<li>\n\t\t\t\t\t\t\t\t\t\t<div class=\"scrolled_cont_box\">\n\t\t\t\t\t\t\t\t\t\t\t\t\t\t\t\t\t\t\t\t\t\t<div class=\"scld_date\">04.01.2021<\/div>\n\t\t\t\t\t\t\t\t\t\t\t\t\t\t\t\t\t\t\t\t\t\t\t\t\t\t\t\t\t\t\t\t\t<div class=\"scld_Heading\"><a href=\"https:\/\/www.youtube.com\/watch?v=mQF-Ex85Lsk\" target=\"_blank\">Martin Hoegger (in french)<\/a><\/div>\n\t\t\t\t\t\t\t\t\t\t\t\t\t\t\t\t\t\t\t\t\t\t\t\t\t\t\t\t\t\t\t\t\t<div class=\"scld_content\">Quel est le sens des engagements de la vie communautaire?<\/div>\n\t\t\t\t\t\t\t\t\t\t\t\t\t\t\t\t\t\t\t\t\t<\/div>\n\t\t\t\t\t\t\t\t\t<\/li>\n\t\t\t\t\t\t\t\t\t\t\t\t\t\t\t\t\t\t\t\t\t\t\t\t\t\t\t\t\t\t\t\t\t\t\t\t\t\t\t\t\t\t\t\t\t<li>\n\t\t\t\t\t\t\t\t\t\t<div class=\"scrolled_cont_box\">\n\t\t\t\t\t\t\t\t\t\t\t\t\t\t\t\t\t\t\t\t\t\t<div class=\"scld_date\">29.11.2020<\/div>\n\t\t\t\t\t\t\t\t\t\t\t\t\t\t\t\t\t\t\t\t\t\t\t\t\t\t\t\t\t\t\t\t\t<div class=\"scld_Heading\"><a href=\"https:\/\/youtu.be\/3rPjpcxwt1E\" target=\"_blank\">Advents fire 2020 (in french)<\/a><\/div>\n\t\t\t\t\t\t\t\t\t\t\t\t\t\t\t\t\t\t\t\t\t\t\t\t\t\t\t\t\t\t\t\t\t<div class=\"scld_content\">Feu de l&#8217;Avent 2020<\/div>\n\t\t\t\t\t\t\t\t\t\t\t\t\t\t\t\t\t\t\t\t\t<\/div>\n\t\t\t\t\t\t\t\t\t<\/li>\n\t\t\t\t\t\t\t\t\t\t\t\t\t\t\t\t\t\t\t\t\t\t\t\t\t\t\t\t\t\t\t\t\t\t\t\t\t\t\t\t\t\t\t\t\t<li>\n\t\t\t\t\t\t\t\t\t\t<div class=\"scrolled_cont_box\">\n\t\t\t\t\t\t\t\t\t\t\t\t\t\t\t\t\t\t\t\t\t\t<div class=\"scld_date\">13.10.2017<\/div>\n\t\t\t\t\t\t\t\t\t\t\t\t\t\t\t\t\t\t\t\t\t\t\t\t\t\t\t\t\t\t\t\t\t<div class=\"scld_Heading\"><a href=\"https:\/\/www.youtube.com\/watch?v=RSIKSdOedUk\" target=\"_blank\">Trinh Xuan Thuan (in french)<\/a><\/div>\n\t\t\t\t\t\t\t\t\t\t\t\t\t\t\t\t\t\t\t\t\t\t\t\t\t\t\t\t\t\t\t\t\t<div class=\"scld_content\">Le Big Bang et apr\u00e8s : l\u2019univers a-t-il un sens? <\/div>\n\t\t\t\t\t\t\t\t\t\t\t\t\t\t\t\t\t\t\t\t\t<\/div>\n\t\t\t\t\t\t\t\t\t<\/li>\n\t\t\t\t\t\t\t\t\t\t\t\t\t\t\t\t\t\t<!-- <li>\n\t\t\t\t\t\t\t\t\t\t<div class=\"scrolled_cont_box\">\n\t\t\t\t\t\t\t\t\t\t\t<div class=\"scld_date\">02.02.2021<\/div>\n\t\t\t\t\t\t\t\t\t\t\t<div class=\"scld_Heading\"><a href=\"#\">Conf\u00e9rence de Lytta Basset<\/a><\/div>\n\t\t\t\t\t\t\t\t\t\t\t<div class=\"scld_content\">Titre titre titre titre titre titre<\/div>\n\t\t\t\t\t\t\t\t\t\t<\/div>\n\t\t\t\t\t\t\t\t\t<\/li>\n\t\t\t\t\t\t\t\t\t<li>\n\t\t\t\t\t\t\t\t\t\t<div class=\"scrolled_cont_box\">\n\t\t\t\t\t\t\t\t\t\t\t<div class=\"scld_date\">02.02.2021<\/div>\n\t\t\t\t\t\t\t\t\t\t\t<div class=\"scld_Heading\"><a href=\"#\">Conf\u00e9rence de Lytta Basset<\/a><\/div>\n\t\t\t\t\t\t\t\t\t\t\t<div class=\"scld_content\">Titre titre titre titre titre titre<\/div>\n\t\t\t\t\t\t\t\t\t\t<\/div>\n\t\t\t\t\t\t\t\t\t<\/li> -->\n\t\t\t\t\t\t\t\t<\/ul>\n\t\t\t\t\t\t\t\t<!-- <a href=\"javascript:void(0);\" id=\"mediatheque_down_arrow\" class=\"down_arrow\"><i class=\"icon-arrow-down-sign-to-navigate\"><\/i><\/a> -->\n\t\t\t\t\t\t\t\t\t\t\t\t\t\t\t<\/div>\n\t\t\t\t\t\t<\/div>\n\t\t\t\t    <\/div>\n\t\t\t\t<\/div>\n\n               \t            \n\n\t            \n\t\t\t\t\n                \t        <\/div>\n\t    <\/div>\n\t<\/section>\n    \n\n<div class=\"single_scrilltop_wrapper\">\n    <div class=\"container\">\n        <div class=\"scrolltoptop_wrapper\">\n            <a href=\"javascript:\" id=\"return-to-top\">\n                <span class=\"arrow_up\"><\/span>\n                \t            \t\t<span class=\"scroller_content\">back to top<\/span>\n\t\t\t\t\t                <!-- <span class=\"scroller_content\">retourner en haut<\/span> -->\n            <\/a>\n        <\/div>\n    <\/div>\n<\/div>","protected":false},"excerpt":{"rendered":"","protected":false},"author":1,"featured_media":0,"parent":0,"menu_order":0,"comment_status":"closed","ping_status":"closed","template":"templates\/cms-template.php","meta":{"_acf_changed":false,"inline_featured_image":false,"footnotes":""},"class_list":["post-2802","page","type-page","status-publish","hentry"],"acf":[],"yoast_head":"<!-- This site is optimized with the Yoast SEO plugin v26.7 - https:\/\/yoast.com\/wordpress\/plugins\/seo\/ -->\n<title>Discover the place - Cr\u00eat-B\u00e9rard<\/title>\n<meta name=\"description\" content=\"Discover Cr\u00eat-B\u00e9rard in video. An atypical house, nestled in a sublime place.\" \/>\n<meta name=\"robots\" content=\"index, follow, max-snippet:-1, max-image-preview:large, max-video-preview:-1\" \/>\n<link rel=\"canonical\" href=\"https:\/\/cret-berard.ch\/en\/mediatheque\/\" \/>\n<meta property=\"og:locale\" content=\"en_US\" \/>\n<meta property=\"og:type\" content=\"article\" \/>\n<meta property=\"og:title\" content=\"Discover the place - Cr\u00eat-B\u00e9rard\" \/>\n<meta property=\"og:description\" content=\"Discover Cr\u00eat-B\u00e9rard in video. An atypical house, nestled in a sublime place.\" \/>\n<meta property=\"og:url\" content=\"https:\/\/cret-berard.ch\/en\/mediatheque\/\" \/>\n<meta property=\"og:site_name\" content=\"cretberard\" \/>\n<meta property=\"article:modified_time\" content=\"2025-03-11T09:30:16+00:00\" \/>\n<meta name=\"twitter:card\" content=\"summary_large_image\" \/>\n<script type=\"application\/ld+json\" class=\"yoast-schema-graph\">{\"@context\":\"https:\/\/schema.org\",\"@graph\":[{\"@type\":\"WebPage\",\"@id\":\"https:\/\/cret-berard.ch\/en\/mediatheque\/\",\"url\":\"https:\/\/cret-berard.ch\/en\/mediatheque\/\",\"name\":\"Discover the place - Cr\u00eat-B\u00e9rard\",\"isPartOf\":{\"@id\":\"https:\/\/cret-berard.ch\/#website\"},\"datePublished\":\"2021-03-24T12:03:10+00:00\",\"dateModified\":\"2025-03-11T09:30:16+00:00\",\"description\":\"Discover Cr\u00eat-B\u00e9rard in video. An atypical house, nestled in a sublime place.\",\"breadcrumb\":{\"@id\":\"https:\/\/cret-berard.ch\/en\/mediatheque\/#breadcrumb\"},\"inLanguage\":\"en-US\",\"potentialAction\":[{\"@type\":\"ReadAction\",\"target\":[\"https:\/\/cret-berard.ch\/en\/mediatheque\/\"]}]},{\"@type\":\"BreadcrumbList\",\"@id\":\"https:\/\/cret-berard.ch\/en\/mediatheque\/#breadcrumb\",\"itemListElement\":[{\"@type\":\"ListItem\",\"position\":1,\"name\":\"Accueil\",\"item\":\"https:\/\/cret-berard.ch\/en\/\"},{\"@type\":\"ListItem\",\"position\":2,\"name\":\"Mediatheque\"}]},{\"@type\":\"WebSite\",\"@id\":\"https:\/\/cret-berard.ch\/#website\",\"url\":\"https:\/\/cret-berard.ch\/\",\"name\":\"cretberard\",\"description\":\"Just another WordPress site\",\"potentialAction\":[{\"@type\":\"SearchAction\",\"target\":{\"@type\":\"EntryPoint\",\"urlTemplate\":\"https:\/\/cret-berard.ch\/?s={search_term_string}\"},\"query-input\":{\"@type\":\"PropertyValueSpecification\",\"valueRequired\":true,\"valueName\":\"search_term_string\"}}],\"inLanguage\":\"en-US\"}]}<\/script>\n<!-- \/ Yoast SEO plugin. -->","yoast_head_json":{"title":"Discover the place - Cr\u00eat-B\u00e9rard","description":"Discover Cr\u00eat-B\u00e9rard in video. An atypical house, nestled in a sublime place.","robots":{"index":"index","follow":"follow","max-snippet":"max-snippet:-1","max-image-preview":"max-image-preview:large","max-video-preview":"max-video-preview:-1"},"canonical":"https:\/\/cret-berard.ch\/en\/mediatheque\/","og_locale":"en_US","og_type":"article","og_title":"Discover the place - Cr\u00eat-B\u00e9rard","og_description":"Discover Cr\u00eat-B\u00e9rard in video. An atypical house, nestled in a sublime place.","og_url":"https:\/\/cret-berard.ch\/en\/mediatheque\/","og_site_name":"cretberard","article_modified_time":"2025-03-11T09:30:16+00:00","twitter_card":"summary_large_image","schema":{"@context":"https:\/\/schema.org","@graph":[{"@type":"WebPage","@id":"https:\/\/cret-berard.ch\/en\/mediatheque\/","url":"https:\/\/cret-berard.ch\/en\/mediatheque\/","name":"Discover the place - Cr\u00eat-B\u00e9rard","isPartOf":{"@id":"https:\/\/cret-berard.ch\/#website"},"datePublished":"2021-03-24T12:03:10+00:00","dateModified":"2025-03-11T09:30:16+00:00","description":"Discover Cr\u00eat-B\u00e9rard in video. An atypical house, nestled in a sublime place.","breadcrumb":{"@id":"https:\/\/cret-berard.ch\/en\/mediatheque\/#breadcrumb"},"inLanguage":"en-US","potentialAction":[{"@type":"ReadAction","target":["https:\/\/cret-berard.ch\/en\/mediatheque\/"]}]},{"@type":"BreadcrumbList","@id":"https:\/\/cret-berard.ch\/en\/mediatheque\/#breadcrumb","itemListElement":[{"@type":"ListItem","position":1,"name":"Accueil","item":"https:\/\/cret-berard.ch\/en\/"},{"@type":"ListItem","position":2,"name":"Mediatheque"}]},{"@type":"WebSite","@id":"https:\/\/cret-berard.ch\/#website","url":"https:\/\/cret-berard.ch\/","name":"cretberard","description":"Just another WordPress site","potentialAction":[{"@type":"SearchAction","target":{"@type":"EntryPoint","urlTemplate":"https:\/\/cret-berard.ch\/?s={search_term_string}"},"query-input":{"@type":"PropertyValueSpecification","valueRequired":true,"valueName":"search_term_string"}}],"inLanguage":"en-US"}]}},"_links":{"self":[{"href":"https:\/\/cret-berard.ch\/en\/wp-json\/wp\/v2\/pages\/2802","targetHints":{"allow":["GET"]}}],"collection":[{"href":"https:\/\/cret-berard.ch\/en\/wp-json\/wp\/v2\/pages"}],"about":[{"href":"https:\/\/cret-berard.ch\/en\/wp-json\/wp\/v2\/types\/page"}],"author":[{"embeddable":true,"href":"https:\/\/cret-berard.ch\/en\/wp-json\/wp\/v2\/users\/1"}],"replies":[{"embeddable":true,"href":"https:\/\/cret-berard.ch\/en\/wp-json\/wp\/v2\/comments?post=2802"}],"version-history":[{"count":19,"href":"https:\/\/cret-berard.ch\/en\/wp-json\/wp\/v2\/pages\/2802\/revisions"}],"predecessor-version":[{"id":9045,"href":"https:\/\/cret-berard.ch\/en\/wp-json\/wp\/v2\/pages\/2802\/revisions\/9045"}],"wp:attachment":[{"href":"https:\/\/cret-berard.ch\/en\/wp-json\/wp\/v2\/media?parent=2802"}],"curies":[{"name":"wp","href":"https:\/\/api.w.org\/{rel}","templated":true}]}}