{"id":2944,"date":"2021-03-24T06:09:03","date_gmt":"2021-03-24T06:09:03","guid":{"rendered":"http:\/\/cretberard.ch\/support\/"},"modified":"2021-08-25T10:41:32","modified_gmt":"2021-08-25T10:41:32","slug":"support","status":"publish","type":"page","link":"https:\/\/cret-berard.ch\/en\/support\/","title":{"rendered":"Support"},"content":{"rendered":"<section\n    class=\"banner_wrapper_innerpage bg-img4 parallax\"\n    style=\"\n        background-image: url('https:\/\/cret-berard.ch\/wp-content\/uploads\/2021\/05\/DSC0924-scaled.jpg');\n        background-size: cover;\n        background-repeat: no-repeat;\n        background-attachment: fixed;\n        background-position: center -135px;\">\n    <div class=\"banner_overlay_innerpage\">\n    \t    \t\t\t\t\t <div class=\"return_grard inerpage_back\">\n                    <!--<a href=\"#\" class=\"close_ban_modal\" >\n                        <i class=\"icon-back\"><\/i> retour\n                    <\/a>-->\n\t\t\t\t\t\t            \t\t<button class=\"close_ban_modal\" onclick=\"goBack()\" > <i class=\"icon-back\"><\/i> back <\/button>\n\t\t\t\t\t\t\t\t\t<\/div>\n    \t            <\/div>\n<\/section>\n\t<section class=\"wrapper_for_banner_content\" style=\"\">\n\t    <div class=\"container\">\n\t        <div class=\"inner_banner_container\">\n\t            <div class=\"ban_content\">\n\t            \t\t                \t<h1>support<\/h1>\n\t            \t\t            \t\t                \t<p><strong>Le fonctionnement de Cr\u00eat-B\u00e9rard est assur\u00e9 par autofinancement, gr\u00e2ce \u00e0 ses activit\u00e9s et au soutien fid\u00e8le de nombreux donateurs. Si vous d\u00e9sirez faire partie des donateurs, plusieurs options s\u2019offrent \u00e0 vous.<\/strong><\/p>\n\t                \t                \t            <\/div>\n\t        <\/div>\n\t    <\/div>\n\t<\/section>\n<style>\n    b, strong {\n    font-weight: 500;\n}\n    <\/style>\n\n    <div class=\"support-orange-wrapper\">\n            <section class=\"support_main_ng_wrapper support-orange\">\n        <div class=\"container\">\n                    <div class=\"southern_wraaper_orange\">\n            \n                <div class=\"souther_inner_content\">\n                    <div class=\"souther_header_ong\">Support the house you love<\/div>\n                    <div class=\"souther_content_ong\">\n                    <p>In normal circumstances, we make a living from our work and your donations. During this pandemic, our activity has been very much hindered and we need to count on our friends.<\/p>\n<p>We greatly appreciate your contributions to support the House. Every donation, small or large, occasional or regular, is precious.<\/p>\n<p>To make a donation online, please go to this dedicated page. You can also make a bank transfer to CCP 18-2527-6.<\/p>\n<p>In the name of the Foundation and the whole team, our sincere thanks.<\/p>\n<p>The Management<\/p>\n                    <\/div>\n                    <div class=\"souther_footer_ong\">\n                        <div class=\"ong_left\">La Direction<\/div>\n                        <div class=\"ong_right\">\n                                                                                                                            <a href=\"https:\/\/cret-berard.ch\/en\/support-donation\/\" target=\"_blank\" class=\"fare_un_don_btn\">make a donation<\/a>\n                        <\/div>\n                    <\/div>\n                <\/div>\n                \n            <\/div>\n                    <\/div>\n<\/section>\n\n        <section class=\"support_main_ng_wrapper support-orange\">\n        <div class=\"container\">\n                        <div class=\"custom_orange_accordion\">\n            <ul>\n                <li>\n                    <div class=\"cst_org_box\">\n                        <div id=\"contm01\">\n                            <div class=\"cst_org_header\">\n                                Donations and financial support                            <\/div>\n                            <div class=\"cst_org_few_content\">\n                                Every year, a financial appeal is launched under the name Operation TOP. This campaign comes as a letter attached to the summer edition of the \u201cNouvelles de Cr\u00eat-B\u00e9rard\u201d (news bulletin in French). The donations collected are used to finance the ac&#8230;                            <\/div>\n                            <div class=\"cst_org_content_wrapper\">\n                                <div class=\"cst_org_content\">\n                                    Every year, a financial appeal is launched under the name Operation TOP. This campaign comes as a letter attached to the summer edition of the \u201cNouvelles de Cr\u00eat-B\u00e9rard\u201d (news bulletin in French). The donations collected are used to finance the activities that are less profitable and yet essential to Cr\u00eat-B\u00e9rard\u2019s mission. This support enables us amongst other things to welcome people and groups with limited financial resources. On request, it is possible to receive a payment slip booklet for regular donations. A twice-annual collection of the Canton of Vaud\u2019s reformed parishes is regularly allocated to supporting Cr\u00eat-B\u00e9rard, thus demonstrating and reinforcing the bonds present since the beginning.                                <\/div>\n                            <\/div>\n                        <\/div>\n                                                <div class=\"cst_toggler\">\n                            <a href=\"javascript:void(0);\" class=\"cst_emtoggle\" data-mtrigger=\"contm01\"><i class=\"icon-plus\"><\/i><\/a>\n                        <\/div>\n                                            <\/div>\n                <\/li>\n                <li>\n                    <div class=\"cst_org_box\">\n                        <div id=\"contm02\">\n                            <div class=\"cst_org_header\">The Friends of Cr\u00eat-B\u00e9rard<\/div>\n                            <div class=\"cst_org_few_content\">\n                                Alongside the Cr\u00eat-B\u00e9rard Foundation, the Friends\u2019 Association (Association des Amis) was founded on September 12, 1949, in the fervour generated by chaplain Albert Girardet. Its vocation is to financially support the activities of Cr\u00eat-B\u00e9rard, as&#8230;                            <\/div>\n                            <div class=\"cst_org_content_wrapper\">\n                                <div class=\"cst_org_content\">\n                                Alongside the Cr\u00eat-B\u00e9rard Foundation, the Friends\u2019 Association (Association des Amis) was founded on September 12, 1949, in the fervour generated by chaplain Albert Girardet. Its vocation is to financially support the activities of Cr\u00eat-B\u00e9rard, as well as to contribute to the maintenance of the house and park. The Association is open to every person or institution desirous to support Cr\u00eat-B\u00e9rard\u2019s mission. It is particularly intended for those who regularly take part in the programme of activities.\r\n\r\nWith your moral and financial support, you contribute in a substantial manner to promoting the institution by enabling it to offer quality activities at affordable prices to a wide audience. In this way, you personally take part in transmitting Cr\u00eat-B\u00e9rard\u2019s inspiration. To become a member, simply fill in this form. \r\n\r\nPresident: Mr Olivier Klunge, Route de Senarclens 8, 1117 Grancy.                                <\/div>\n\n                                <div class=\"inst_reply\">\n                                                                                                                                \n                                    <a href=\"https:\/\/cret-berard.ch\/en\/form-five\/\" target=\"\" class=\"inst_reply_btn\">Fill in the form<\/a>\n                                <\/div>\n\n                                <div class=\"const_wrapper\">\n                                    <ul>\n                                                                            <li>\n                                            <div class=\"const_box_panel\">\n                                                <div class=\"const_pgp_left\">\n                                                    <div class=\"const_pgp_heading\">Annual subscription<\/div>\n                                                    <div class=\"const_pgp_semi_heading\"><div style=\"display: none;\"><\/div>\r\nThe annual subscription for the Friends of Cr\u00eat-B\u00e9rard Association amounts to<\/div>\n                                                    <div class=\"const_pgp_semi_list\">\n                                                        <ul>\n                                                                                                                        <li><div style=\"display: none;\"><\/div><span class=\"first_stand\">CHF <span class=\"second_stand\">30.- <\/span><\/span> for individual members<\/li>\n                                                                                                                            <li><div style=\"display: none;\"><\/div><span class=\"first_stand\">CHF <span class=\"second_stand\">100.- <\/span><\/span>for group members<\/li>\n                                                             \n                                                        <\/ul>\n                                                    <\/div>\n                                                    <div class=\"const_more_content\">\n                                                    Members who wish to make a larger donation to our institution are welcome to do on CCP \u2026                                                    <\/div>\n                                                <\/div>\n                                                <div class=\"const_pgp_right\">\n                                                    <div class=\"const_pgp_img\">\n                                                                                                            <img decoding=\"async\" src=\"https:\/\/cret-berard.ch\/wp-content\/uploads\/2021\/05\/DSC0928-2-scaled.jpg\">\n                                                    <\/div>\n                                                <\/div>\n                                            <\/div>\n                                        <\/li>\n                                                                                <li>\n                                            <div class=\"const_box_panel\">\n                                                <div class=\"const_pgp_left\">\n                                                    <div class=\"const_pgp_heading\">Member benefits<\/div>\n                                                    <div class=\"const_pgp_semi_heading\">Please indicate that you are a Friend of Cr\u00eat-B\u00e9rard whenever you subscribe to an activity<\/div>\n                                                    <div class=\"const_pgp_semi_list\">\n                                                        <ul>\n                                                                                                                        <li><div style=\"display: none;\"><\/div><span class=\"first_stand\"><span class=\"second_stand\">15%<\/span><\/span> discount for stays on individual retreats<\/li>\n                                                                                                                            <li><div style=\"display: none;\"><\/div><span class=\"first_stand\"><span class=\"second_stand\">15%<\/span><\/span> discount on rates for the Cr\u00eat-B\u00e9rard programme of activities<\/li>\n                                                             \n                                                        <\/ul>\n                                                    <\/div>\n                                                    <div class=\"const_more_content\">\n                                                                                                        <\/div>\n                                                <\/div>\n                                                <div class=\"const_pgp_right\">\n                                                    <div class=\"const_pgp_img\">\n                                                                                                            <img decoding=\"async\" src=\"https:\/\/cret-berard.ch\/wp-content\/uploads\/2021\/05\/DSC0137-1-scaled.jpg\">\n                                                    <\/div>\n                                                <\/div>\n                                            <\/div>\n                                        <\/li>\n                                                                            <\/ul>\n                                <\/div>\n                            <\/div>\n                        <\/div>\n                                                <div class=\"cst_toggler\">\n                            <a href=\"javascript:void(0);\" class=\"cst_emtoggle\" data-mtrigger=\"contm02\"><i class=\"icon-plus\"><\/i><\/a>\n                        <\/div>\n                                            <\/div>\n                <\/li>\n\n                <li>\n                    <div class=\"cst_org_box\">\n                        <div id=\"contm03\">\n                            <div class=\"cst_org_header\">\n                                \u201cLacis\u201d group and volunteers                            <\/div>\n                            <div class=\"cst_org_few_content\">\n                                A \u201clacis\u201d is a French word for a network of interwoven threads; likewise, the members of this team form a network of motivated volunteers. They are called on from time to time for mailings and jobs that require many hands on deck.\r\n\r\nCreated in th&#8230;                            <\/div>\n                            <div class=\"cst_org_content_wrapper\">\n                                <div class=\"cst_org_content\">\n                                A \u201clacis\u201d is a French word for a network of interwoven threads; likewise, the members of this team form a network of motivated volunteers. They are called on from time to time for mailings and jobs that require many hands on deck.\r\n\r\nCreated in the 1970s, this group of volunteers shares enjoyable times of work, warmth and friendship. Don\u2019t hesitate to ask us for further information to take part in these moments and support Cr\u00eat-B\u00e9rard through your occasional or regular commitment.                                 <\/div>\n                                <div class=\"postal_content_wrapper\">\n                                    <div class=\"postel_heading\">Postcards<\/div>\n                                    <div class=\"postel_main_content\">\n                                    Cr\u00eat-B\u00e9rard publishes every year a series of original postcards.\r\nThese cards are designed to cultivate friendship thanks to all the messages they are destined to bear. Their sale represents a welcome financial contribution to the Foundation. Do you need to renew your stationery? Simply order the desired series of cards from our reception.                                     <\/div>\n                                <\/div>\n\n                                <div class=\"postal_gallery_wrapper\">\n                                    <div class=\"postal_top_gal_content\">\n                                        <div class=\"mega_postal_header\">\n                                        Edition 2020 &#8211; Vitraux &#8211; s\u00e9rie n\u00b046                                            <span>chf <b>15.-<\/b><\/span>\n                                        <\/div>\n                                        <div class=\"mega_postal_eccontent\">\n                                        <div style=\"display: none;\"><\/div>\r\nCette s\u00e9rie de 12 cartes vous est propos\u00e9e par Cr\u00eat-B\u00e9rard, en collaboration avec la Fondation Jean Prahin. Elle met en valeur les vitraux de la r\u00e9gion.                                        <\/div>\n                                    <\/div>\n\n                                    <div class=\"postal_encript_gal\">\n                                    \n                                                                                                                                        <div class=\"postal_encript_gal_col\">\n                                                        <div class=\"emp_post_gal_img\"> \n                                                                                                                        <img decoding=\"async\" src=\"https:\/\/cret-berard.ch\/wp-content\/uploads\/2021\/05\/3planches.jpg\">\n                                                        <\/div>\n                                                    <\/div>\n                                                                                                    <div class=\"postal_encript_gal_col\">\n                                                        <div class=\"emp_post_gal_img\"> \n                                                                                                                        <img decoding=\"async\" src=\"https:\/\/cret-berard.ch\/wp-content\/uploads\/2021\/05\/3planches2.jpg\">\n                                                        <\/div>\n                                                    <\/div>\n                                                                                                    <div class=\"postal_encript_gal_col\">\n                                                        <div class=\"emp_post_gal_img\"> \n                                                                                                                        <img decoding=\"async\" src=\"https:\/\/cret-berard.ch\/wp-content\/uploads\/2021\/05\/3planches3.jpg\">\n                                                        <\/div>\n                                                    <\/div>\n                                                                                                                            <\/div>\n                                        \n                                <\/div>\n                                <div class=\"inst_reply lefte_extract\">\n                                                                                                                                                                                                                                    <\/div>\n                            <\/div>\n                        <\/div>\n                        \n                                                <div class=\"cst_toggler\">\n                            <a href=\"javascript:void(0);\" class=\"cst_emtoggle\" data-mtrigger=\"contm03\"><i class=\"icon-plus\"><\/i><\/a>\n                        <\/div>\n                                            <\/div>\n                <\/li>\n\n                <li>\n                    <div class=\"cst_org_box\">\n                        <div id=\"contm04\">\n                            <div class=\"cst_org_header\">\n                                Partners                            <\/div>\n                            <div class=\"cst_org_few_content\">\n                                Cr\u00eat-B\u00e9rard works hand in hand with many companies and foundations in French-speaking Switzerland.                             <\/div>\n                            <div class=\"cst_org_content_wrapper\">\n                                <div class=\"cst_org_content\">\n                                Cr\u00eat-B\u00e9rard works hand in hand with many companies and foundations in French-speaking Switzerland.                                     \n                                <\/div>\n                            <\/div>\n                        <\/div>\n                                            <\/div>\n                <\/li>\n            <\/ul>\n        <\/div>\n            <\/div>\n<\/section>\n\n<\/div>\n\n\n<div class=\"single_scrilltop_wrapper\">\n    <div class=\"container\">\n        <div class=\"scrolltoptop_wrapper\">\n            <a href=\"javascript:\" id=\"return-to-top\">\n                <span class=\"arrow_up\"><\/span>\n                \t            \t\t<span class=\"scroller_content\">back to top<\/span>\n\t\t\t\t\t                <!-- <span class=\"scroller_content\">retourner en haut<\/span> -->\n            <\/a>\n        <\/div>\n    <\/div>\n<\/div>","protected":false},"excerpt":{"rendered":"","protected":false},"author":1,"featured_media":0,"parent":0,"menu_order":0,"comment_status":"closed","ping_status":"closed","template":"templates\/support.php","meta":{"_acf_changed":false,"inline_featured_image":false,"footnotes":""},"class_list":["post-2944","page","type-page","status-publish","hentry"],"acf":[],"yoast_head":"<!-- This site is optimized with the Yoast SEO plugin v26.7 - https:\/\/yoast.com\/wordpress\/plugins\/seo\/ -->\n<title>Support the house you love - Cr\u00eat-B\u00e9rard<\/title>\n<meta name=\"description\" content=\"If you would like to demonstrate your support to our project and become a donor, you have several options.\" \/>\n<meta name=\"robots\" content=\"index, follow, max-snippet:-1, max-image-preview:large, max-video-preview:-1\" \/>\n<link rel=\"canonical\" href=\"https:\/\/cret-berard.ch\/en\/support\/\" \/>\n<meta property=\"og:locale\" content=\"en_US\" \/>\n<meta property=\"og:type\" content=\"article\" \/>\n<meta property=\"og:title\" content=\"Support the house you love - Cr\u00eat-B\u00e9rard\" \/>\n<meta property=\"og:description\" content=\"If you would like to demonstrate your support to our project and become a donor, you have several options.\" \/>\n<meta property=\"og:url\" content=\"https:\/\/cret-berard.ch\/en\/support\/\" \/>\n<meta property=\"og:site_name\" content=\"cretberard\" \/>\n<meta property=\"article:modified_time\" content=\"2021-08-25T10:41:32+00:00\" \/>\n<meta name=\"twitter:card\" content=\"summary_large_image\" \/>\n<script type=\"application\/ld+json\" class=\"yoast-schema-graph\">{\"@context\":\"https:\/\/schema.org\",\"@graph\":[{\"@type\":\"WebPage\",\"@id\":\"https:\/\/cret-berard.ch\/en\/support\/\",\"url\":\"https:\/\/cret-berard.ch\/en\/support\/\",\"name\":\"Support the house you love - Cr\u00eat-B\u00e9rard\",\"isPartOf\":{\"@id\":\"https:\/\/cret-berard.ch\/#website\"},\"datePublished\":\"2021-03-24T06:09:03+00:00\",\"dateModified\":\"2021-08-25T10:41:32+00:00\",\"description\":\"If you would like to demonstrate your support to our project and become a donor, you have several options.\",\"breadcrumb\":{\"@id\":\"https:\/\/cret-berard.ch\/en\/support\/#breadcrumb\"},\"inLanguage\":\"en-US\",\"potentialAction\":[{\"@type\":\"ReadAction\",\"target\":[\"https:\/\/cret-berard.ch\/en\/support\/\"]}]},{\"@type\":\"BreadcrumbList\",\"@id\":\"https:\/\/cret-berard.ch\/en\/support\/#breadcrumb\",\"itemListElement\":[{\"@type\":\"ListItem\",\"position\":1,\"name\":\"Accueil\",\"item\":\"https:\/\/cret-berard.ch\/en\/\"},{\"@type\":\"ListItem\",\"position\":2,\"name\":\"Support\"}]},{\"@type\":\"WebSite\",\"@id\":\"https:\/\/cret-berard.ch\/#website\",\"url\":\"https:\/\/cret-berard.ch\/\",\"name\":\"cretberard\",\"description\":\"Just another WordPress site\",\"potentialAction\":[{\"@type\":\"SearchAction\",\"target\":{\"@type\":\"EntryPoint\",\"urlTemplate\":\"https:\/\/cret-berard.ch\/?s={search_term_string}\"},\"query-input\":{\"@type\":\"PropertyValueSpecification\",\"valueRequired\":true,\"valueName\":\"search_term_string\"}}],\"inLanguage\":\"en-US\"}]}<\/script>\n<!-- \/ Yoast SEO plugin. -->","yoast_head_json":{"title":"Support the house you love - Cr\u00eat-B\u00e9rard","description":"If you would like to demonstrate your support to our project and become a donor, you have several options.","robots":{"index":"index","follow":"follow","max-snippet":"max-snippet:-1","max-image-preview":"max-image-preview:large","max-video-preview":"max-video-preview:-1"},"canonical":"https:\/\/cret-berard.ch\/en\/support\/","og_locale":"en_US","og_type":"article","og_title":"Support the house you love - Cr\u00eat-B\u00e9rard","og_description":"If you would like to demonstrate your support to our project and become a donor, you have several options.","og_url":"https:\/\/cret-berard.ch\/en\/support\/","og_site_name":"cretberard","article_modified_time":"2021-08-25T10:41:32+00:00","twitter_card":"summary_large_image","schema":{"@context":"https:\/\/schema.org","@graph":[{"@type":"WebPage","@id":"https:\/\/cret-berard.ch\/en\/support\/","url":"https:\/\/cret-berard.ch\/en\/support\/","name":"Support the house you love - Cr\u00eat-B\u00e9rard","isPartOf":{"@id":"https:\/\/cret-berard.ch\/#website"},"datePublished":"2021-03-24T06:09:03+00:00","dateModified":"2021-08-25T10:41:32+00:00","description":"If you would like to demonstrate your support to our project and become a donor, you have several options.","breadcrumb":{"@id":"https:\/\/cret-berard.ch\/en\/support\/#breadcrumb"},"inLanguage":"en-US","potentialAction":[{"@type":"ReadAction","target":["https:\/\/cret-berard.ch\/en\/support\/"]}]},{"@type":"BreadcrumbList","@id":"https:\/\/cret-berard.ch\/en\/support\/#breadcrumb","itemListElement":[{"@type":"ListItem","position":1,"name":"Accueil","item":"https:\/\/cret-berard.ch\/en\/"},{"@type":"ListItem","position":2,"name":"Support"}]},{"@type":"WebSite","@id":"https:\/\/cret-berard.ch\/#website","url":"https:\/\/cret-berard.ch\/","name":"cretberard","description":"Just another WordPress site","potentialAction":[{"@type":"SearchAction","target":{"@type":"EntryPoint","urlTemplate":"https:\/\/cret-berard.ch\/?s={search_term_string}"},"query-input":{"@type":"PropertyValueSpecification","valueRequired":true,"valueName":"search_term_string"}}],"inLanguage":"en-US"}]}},"_links":{"self":[{"href":"https:\/\/cret-berard.ch\/en\/wp-json\/wp\/v2\/pages\/2944","targetHints":{"allow":["GET"]}}],"collection":[{"href":"https:\/\/cret-berard.ch\/en\/wp-json\/wp\/v2\/pages"}],"about":[{"href":"https:\/\/cret-berard.ch\/en\/wp-json\/wp\/v2\/types\/page"}],"author":[{"embeddable":true,"href":"https:\/\/cret-berard.ch\/en\/wp-json\/wp\/v2\/users\/1"}],"replies":[{"embeddable":true,"href":"https:\/\/cret-berard.ch\/en\/wp-json\/wp\/v2\/comments?post=2944"}],"version-history":[{"count":47,"href":"https:\/\/cret-berard.ch\/en\/wp-json\/wp\/v2\/pages\/2944\/revisions"}],"predecessor-version":[{"id":7211,"href":"https:\/\/cret-berard.ch\/en\/wp-json\/wp\/v2\/pages\/2944\/revisions\/7211"}],"wp:attachment":[{"href":"https:\/\/cret-berard.ch\/en\/wp-json\/wp\/v2\/media?parent=2944"}],"curies":[{"name":"wp","href":"https:\/\/api.w.org\/{rel}","templated":true}]}}