{"id":6106,"date":"2021-05-03T14:40:52","date_gmt":"2021-05-03T14:40:52","guid":{"rendered":"http:\/\/cretberard.ch\/rencontres-horizon\/"},"modified":"2025-11-11T07:23:44","modified_gmt":"2025-11-11T07:23:44","slug":"rencontres-horizon","status":"publish","type":"page","link":"https:\/\/cret-berard.ch\/en\/rencontres-horizon\/","title":{"rendered":"Rencontres Horizon"},"content":{"rendered":"<section\n    class=\"banner_wrapper_innerpage bg-img4 parallax\"\n    style=\"\n        background-image: url('https:\/\/cret-berard.ch\/wp-content\/uploads\/2025\/11\/lumiereNature_new.jpg');\n        background-size: cover;\n        background-repeat: no-repeat;\n        background-attachment: fixed;\n        background-position: center -135px;\">\n    <div class=\"banner_overlay_innerpage\">\n    \t    \t\t\t\t\t <div class=\"return_grard inerpage_back\">\n                    <!--<a href=\"#\" class=\"close_ban_modal\" >\n                        <i class=\"icon-back\"><\/i> retour\n                    <\/a>-->\n\t\t\t\t\t\t\t\t\t\t<a class=\"close_ban_modal\" href=\"http:\/\/1\" > <i class=\"icon-back\"><\/i> back <\/a>\n\t\t\t\t\t\t\t\t\t<\/div>\n    \t        \t        <div class=\"return_grard_bottom\">\n\t            <a href=\"#\" class=\"close_ban_inner_page\" >\n\t                <i class=\"icon-right-arrow1\"><\/i>\n\t            <\/a>\n\t            \n\t        <\/div>\n            <\/div>\n<\/section>\n\t<section class=\"wrapper_for_banner_content\" style=\"\">\n\t    <div class=\"container\">\n\t        <div class=\"inner_banner_container\">\n\t            <div class=\"ban_content\">\n\t            \t\t                \t<h1>Rencontres Horizon<\/h1>\n\t            \t\t            \t\t                \t<p>Cette journ\u00e9e annuelle offre aux dirigeants romands des occasions de r\u00e9flexion, de partage et de rencontres privil\u00e9gi\u00e9es. Les th\u00e9matiques abord\u00e9es se situent au carrefour entre l\u2019\u00eatre humain, les interactions en \u00e9quipe et la culture organisationnelle.<\/p>\n\t                \t                \t            <\/div>\n\t        <\/div>\n\t    <\/div>\n\t<\/section>\n<style>\n    b, strong {\n    font-weight: 500;\n}\n    <\/style>\n\n    <section class=\"support_main_ng_wrapper\">\n        <div class=\"container\">\n                                                <!-- accordian block -->\n                                            <div class=\"custom_orange_accordion\">\n                            <ul>\n                                                                    <li>\n                                        <div class=\"cst_org_box\">\n                                            <div id=\"contm0\">\n                                                <div class=\"cst_org_header\">\n                                                    Rencontres Horizon                                                                                                                                                        <\/div>\n                                                <div class=\"cst_org_few_content\">\n                                                                                                            <p><p>Les Rencontres Horizon s\u2019adressent aux dirigeants d\u2019entreprise. Le programme est sp\u00e9cifiquement con\u00e7u pour les membres de conseils d\u2019administration, CEO, directeurs des ressources humaines et autres responsables d\u2019entreprise.<\/p>\n<p>Cr\u00e9\u00e9es en 2&#8230;                                                        <\/p>\n                                                                                                    <\/div>\n                                                <div class=\"cst_org_content_wrapper\">\n                                                                                                            <div class=\"cst_org_content\">\n                                                            <p>Les Rencontres Horizon s\u2019adressent aux dirigeants d\u2019entreprise. Le programme est sp\u00e9cifiquement con\u00e7u pour les membres de conseils d\u2019administration, CEO, directeurs des ressources humaines et autres responsables d\u2019entreprise.<\/p>\n<p>Cr\u00e9\u00e9es en 2017, elles proposent aux dirigeants romands un espace de r\u00e9flexion et d\u2019\u00e9change pour relever les d\u00e9fis du monde professionnel actuel. Le Comit\u00e9 d\u2019organisation est compos\u00e9 de Sibylle Heunert Doulfakar, Willi Studer et Alain Monnard.<\/p>\n                                                        <\/div>\n                                                                                                        <!--                                                                                     <div class=\"page_banner_btn_bay activity_baybtn\">\n                                                <div class=\"inner_banner_btn_bay\">\n                                                                                                                                                                        <div class=\"cng_btn_col\">\n                                                                <a href=\"\" class=\"btn_grn\"><\/a>\n                                                            <\/div>\n                                                                                                                                                            <\/div>\n                                            <\/div>\n                                         -->\n                                                                                                            <div class=\"page_banner_btn_bay activity_baybtn\">\n                                                            <div class=\"inner_banner_btn_bay\">\n                                                                                                                                                                                                                                                                    <div class=\"cng_btn_col\">\n                                                                        <a href=\"https:\/\/rencontres-horizon.ch\/\" target=\"\"\n                                                                            class=\"btn_grn\">En savoir plus<\/a>\n                                                                    <\/div>\n                                                                                                                                                                                                                                                            <\/div>\n                                                        <\/div>\n                                                                                                    <\/div>\n                                            <\/div>\n                                                                                            <div class=\"cst_toggler\">\n                                                    <a href=\"javascript:void(0);\" class=\"cst_emtoggle\"\n                                                        data-mtrigger=\"contm0\"><i class=\"icon-plus\"><\/i><\/a>\n                                                <\/div>\n                                                                                    <\/div>\n                                    <\/li>\n\n                                                                        <li>\n                                        <div class=\"cst_org_box\">\n                                            <div id=\"contm1\">\n                                                <div class=\"cst_org_header\">\n                                                    \u00c9dition 2026 : le jeudi 19 mars                                                                                                                                                                <div class=\"date_rvg_panel\">\n                                                            <ul>\n                                                                                                                                    <li>19 mars 2026<\/li>\n                                                                                                                            <\/ul>\n                                                        <\/div>\n                                                                                                    <\/div>\n                                                <div class=\"cst_org_few_content\">\n                                                                                                            <p><section class=\"et_pb_module et_pb_fullwidth_header et_pb_fullwidth_header_0 et_pb_text_align_left et_pb_bg_layout_light\">\n<div class=\"et_pb_fullwidth_header_container left\">\n<div class=\"header-content-container center\">\n<div class=\"header-content...                                                        <\/p>\n                                                                                                    <\/div>\n                                                <div class=\"cst_org_content_wrapper\">\n                                                                                                            <div class=\"cst_org_content\">\n                                                            <section class=\"et_pb_module et_pb_fullwidth_header et_pb_fullwidth_header_0 et_pb_text_align_left et_pb_bg_layout_light\">\n<div class=\"et_pb_fullwidth_header_container left\">\n<div class=\"header-content-container center\">\n<div class=\"header-content\"><\/div>\n<\/div>\n<\/div>\n<\/section>\n<section class=\"et_pb_module et_pb_fullwidth_header et_pb_fullwidth_header_1 et_pb_text_align_left et_pb_bg_layout_light\">\n<div class=\"et_pb_fullwidth_header_container left\">\n<div class=\"header-content-container center\">\n<h1 class=\"header-content\">Trouvez les cl\u00e9s du succ\u00e8s pour LE FUTUR de votre organisation !<\/h1>\n<\/div>\n<div>\n<section class=\"et_pb_module et_pb_fullwidth_header et_pb_fullwidth_header_0 et_pb_text_align_left et_pb_bg_layout_light\">\n<div class=\"et_pb_fullwidth_header_container left\">\n<div class=\"header-content-container center\">\n<div class=\"header-content\"><span class=\"et_pb_fullwidth_header_subhead\">La 9\u00e8me \u00e9dition des Rencontres Horizon aura lieu le JEUDI 19 MARS 2026 sur le th\u00e8me : ENTREPRENDRE POUR DURER \u2013 QUAND LES ORGANISATIONS S\u2019INSPIRENT DU VIVANT.<\/span><\/div>\n<\/div>\n<\/div>\n<\/section>\n<\/div>\n<\/div>\n<\/section>\n                                                        <\/div>\n                                                                                                        <!--                                                                                     <div class=\"page_banner_btn_bay activity_baybtn\">\n                                                <div class=\"inner_banner_btn_bay\">\n                                                                                                                                                                        <div class=\"cng_btn_col\">\n                                                                <a href=\"\" class=\"btn_grn\"><\/a>\n                                                            <\/div>\n                                                                                                                                                            <\/div>\n                                            <\/div>\n                                         -->\n                                                                                                            <div class=\"page_banner_btn_bay activity_baybtn\">\n                                                            <div class=\"inner_banner_btn_bay\">\n                                                                                                                                                                                                                                                                    <div class=\"cng_btn_col\">\n                                                                        <a href=\"https:\/\/rencontres-horizon.ch\/edition-2026\/\" target=\"_blank\"\n                                                                            class=\"btn_grn\">Vers le site des Rencontres Horizon<\/a>\n                                                                    <\/div>\n                                                                                                                                    <div class=\"cng_btn_col\">\n                                                                        <a href=\"https:\/\/rencontres-horizon.ch\/inscription\/\" target=\"\"\n                                                                            class=\"btn_grn\">Inscription<\/a>\n                                                                    <\/div>\n                                                                                                                                    <div class=\"cng_btn_col\">\n                                                                        <a href=\"#\" target=\"_blank\"\n                                                                            class=\"btn_grn\">T\u00e9l\u00e9charger le flyer (coming soon)<\/a>\n                                                                    <\/div>\n                                                                                                                                                                                                                                                            <\/div>\n                                                        <\/div>\n                                                                                                    <\/div>\n                                            <\/div>\n                                                                                            <div class=\"cst_toggler\">\n                                                    <a href=\"javascript:void(0);\" class=\"cst_emtoggle\"\n                                                        data-mtrigger=\"contm1\"><i class=\"icon-plus\"><\/i><\/a>\n                                                <\/div>\n                                                                                    <\/div>\n                                    <\/li>\n\n                                                                <\/ul>\n                        <\/div>\n                                        <!-- accordian block -->\n                            \n\n\n\n\n\n        <\/div>\n    <\/section>\n\n\n<div class=\"single_scrilltop_wrapper\">\n    <div class=\"container\">\n        <div class=\"scrolltoptop_wrapper\">\n            <a href=\"javascript:\" id=\"return-to-top\">\n                <span class=\"arrow_up\"><\/span>\n                \t            \t\t<span class=\"scroller_content\">back to top<\/span>\n\t\t\t\t\t                <!-- <span class=\"scroller_content\">retourner en haut<\/span> -->\n            <\/a>\n        <\/div>\n    <\/div>\n<\/div>","protected":false},"excerpt":{"rendered":"","protected":false},"author":1,"featured_media":0,"parent":0,"menu_order":0,"comment_status":"closed","ping_status":"closed","template":"templates\/cms-template.php","meta":{"_acf_changed":false,"inline_featured_image":false,"footnotes":""},"class_list":["post-6106","page","type-page","status-publish","hentry"],"acf":[],"yoast_head":"<!-- This site is optimized with the Yoast SEO plugin v26.7 - https:\/\/yoast.com\/wordpress\/plugins\/seo\/ -->\n<title>Rencontres Horizon - R\u00e9flexion et \u00e9changes pour dirigeants<\/title>\n<meta name=\"description\" content=\"Cette journ\u00e9e annuelle offre aux dirigeants romands des occasions de r\u00e9flexion, de partage et de rencontres privil\u00e9gi\u00e9es dans un cadre unique.\" \/>\n<meta name=\"robots\" content=\"index, follow, max-snippet:-1, max-image-preview:large, max-video-preview:-1\" \/>\n<link rel=\"canonical\" href=\"https:\/\/cret-berard.ch\/en\/rencontres-horizon\/\" \/>\n<meta property=\"og:locale\" content=\"en_US\" \/>\n<meta property=\"og:type\" content=\"article\" \/>\n<meta property=\"og:title\" content=\"Rencontres Horizon - R\u00e9flexion et \u00e9changes pour dirigeants\" \/>\n<meta property=\"og:description\" content=\"Cette journ\u00e9e annuelle offre aux dirigeants romands des occasions de r\u00e9flexion, de partage et de rencontres privil\u00e9gi\u00e9es dans un cadre unique.\" \/>\n<meta property=\"og:url\" content=\"https:\/\/cret-berard.ch\/en\/rencontres-horizon\/\" \/>\n<meta property=\"og:site_name\" content=\"cretberard\" \/>\n<meta property=\"article:modified_time\" content=\"2025-11-11T07:23:44+00:00\" \/>\n<meta name=\"twitter:card\" content=\"summary_large_image\" \/>\n<script type=\"application\/ld+json\" class=\"yoast-schema-graph\">{\"@context\":\"https:\/\/schema.org\",\"@graph\":[{\"@type\":\"WebPage\",\"@id\":\"https:\/\/cret-berard.ch\/en\/rencontres-horizon\/\",\"url\":\"https:\/\/cret-berard.ch\/en\/rencontres-horizon\/\",\"name\":\"Rencontres Horizon - R\u00e9flexion et \u00e9changes pour dirigeants\",\"isPartOf\":{\"@id\":\"https:\/\/cret-berard.ch\/#website\"},\"datePublished\":\"2021-05-03T14:40:52+00:00\",\"dateModified\":\"2025-11-11T07:23:44+00:00\",\"description\":\"Cette journ\u00e9e annuelle offre aux dirigeants romands des occasions de r\u00e9flexion, de partage et de rencontres privil\u00e9gi\u00e9es dans un cadre unique.\",\"breadcrumb\":{\"@id\":\"https:\/\/cret-berard.ch\/en\/rencontres-horizon\/#breadcrumb\"},\"inLanguage\":\"en-US\",\"potentialAction\":[{\"@type\":\"ReadAction\",\"target\":[\"https:\/\/cret-berard.ch\/en\/rencontres-horizon\/\"]}]},{\"@type\":\"BreadcrumbList\",\"@id\":\"https:\/\/cret-berard.ch\/en\/rencontres-horizon\/#breadcrumb\",\"itemListElement\":[{\"@type\":\"ListItem\",\"position\":1,\"name\":\"Accueil\",\"item\":\"https:\/\/cret-berard.ch\/en\/\"},{\"@type\":\"ListItem\",\"position\":2,\"name\":\"Rencontres Horizon\"}]},{\"@type\":\"WebSite\",\"@id\":\"https:\/\/cret-berard.ch\/#website\",\"url\":\"https:\/\/cret-berard.ch\/\",\"name\":\"cretberard\",\"description\":\"Just another WordPress site\",\"potentialAction\":[{\"@type\":\"SearchAction\",\"target\":{\"@type\":\"EntryPoint\",\"urlTemplate\":\"https:\/\/cret-berard.ch\/?s={search_term_string}\"},\"query-input\":{\"@type\":\"PropertyValueSpecification\",\"valueRequired\":true,\"valueName\":\"search_term_string\"}}],\"inLanguage\":\"en-US\"}]}<\/script>\n<!-- \/ Yoast SEO plugin. -->","yoast_head_json":{"title":"Rencontres Horizon - R\u00e9flexion et \u00e9changes pour dirigeants","description":"Cette journ\u00e9e annuelle offre aux dirigeants romands des occasions de r\u00e9flexion, de partage et de rencontres privil\u00e9gi\u00e9es dans un cadre unique.","robots":{"index":"index","follow":"follow","max-snippet":"max-snippet:-1","max-image-preview":"max-image-preview:large","max-video-preview":"max-video-preview:-1"},"canonical":"https:\/\/cret-berard.ch\/en\/rencontres-horizon\/","og_locale":"en_US","og_type":"article","og_title":"Rencontres Horizon - R\u00e9flexion et \u00e9changes pour dirigeants","og_description":"Cette journ\u00e9e annuelle offre aux dirigeants romands des occasions de r\u00e9flexion, de partage et de rencontres privil\u00e9gi\u00e9es dans un cadre unique.","og_url":"https:\/\/cret-berard.ch\/en\/rencontres-horizon\/","og_site_name":"cretberard","article_modified_time":"2025-11-11T07:23:44+00:00","twitter_card":"summary_large_image","schema":{"@context":"https:\/\/schema.org","@graph":[{"@type":"WebPage","@id":"https:\/\/cret-berard.ch\/en\/rencontres-horizon\/","url":"https:\/\/cret-berard.ch\/en\/rencontres-horizon\/","name":"Rencontres Horizon - R\u00e9flexion et \u00e9changes pour dirigeants","isPartOf":{"@id":"https:\/\/cret-berard.ch\/#website"},"datePublished":"2021-05-03T14:40:52+00:00","dateModified":"2025-11-11T07:23:44+00:00","description":"Cette journ\u00e9e annuelle offre aux dirigeants romands des occasions de r\u00e9flexion, de partage et de rencontres privil\u00e9gi\u00e9es dans un cadre unique.","breadcrumb":{"@id":"https:\/\/cret-berard.ch\/en\/rencontres-horizon\/#breadcrumb"},"inLanguage":"en-US","potentialAction":[{"@type":"ReadAction","target":["https:\/\/cret-berard.ch\/en\/rencontres-horizon\/"]}]},{"@type":"BreadcrumbList","@id":"https:\/\/cret-berard.ch\/en\/rencontres-horizon\/#breadcrumb","itemListElement":[{"@type":"ListItem","position":1,"name":"Accueil","item":"https:\/\/cret-berard.ch\/en\/"},{"@type":"ListItem","position":2,"name":"Rencontres Horizon"}]},{"@type":"WebSite","@id":"https:\/\/cret-berard.ch\/#website","url":"https:\/\/cret-berard.ch\/","name":"cretberard","description":"Just another WordPress site","potentialAction":[{"@type":"SearchAction","target":{"@type":"EntryPoint","urlTemplate":"https:\/\/cret-berard.ch\/?s={search_term_string}"},"query-input":{"@type":"PropertyValueSpecification","valueRequired":true,"valueName":"search_term_string"}}],"inLanguage":"en-US"}]}},"_links":{"self":[{"href":"https:\/\/cret-berard.ch\/en\/wp-json\/wp\/v2\/pages\/6106","targetHints":{"allow":["GET"]}}],"collection":[{"href":"https:\/\/cret-berard.ch\/en\/wp-json\/wp\/v2\/pages"}],"about":[{"href":"https:\/\/cret-berard.ch\/en\/wp-json\/wp\/v2\/types\/page"}],"author":[{"embeddable":true,"href":"https:\/\/cret-berard.ch\/en\/wp-json\/wp\/v2\/users\/1"}],"replies":[{"embeddable":true,"href":"https:\/\/cret-berard.ch\/en\/wp-json\/wp\/v2\/comments?post=6106"}],"version-history":[{"count":24,"href":"https:\/\/cret-berard.ch\/en\/wp-json\/wp\/v2\/pages\/6106\/revisions"}],"predecessor-version":[{"id":13890,"href":"https:\/\/cret-berard.ch\/en\/wp-json\/wp\/v2\/pages\/6106\/revisions\/13890"}],"wp:attachment":[{"href":"https:\/\/cret-berard.ch\/en\/wp-json\/wp\/v2\/media?parent=6106"}],"curies":[{"name":"wp","href":"https:\/\/api.w.org\/{rel}","templated":true}]}}